{"id":6757,"date":"2025-06-16T02:37:05","date_gmt":"2025-06-16T02:37:05","guid":{"rendered":"https:\/\/base.hu\/?page_id=6757"},"modified":"2025-09-01T05:27:00","modified_gmt":"2025-09-01T05:27:00","slug":"domus","status":"publish","type":"page","link":"https:\/\/base.hu\/zh\/domus\/","title":{"rendered":"DOMUS"},"content":{"rendered":"<div data-elementor-type=\"wp-post\" data-elementor-id=\"6757\" class=\"elementor elementor-6757\" data-elementor-post-type=\"page\">\n\t\t\t\t<div class=\"elementor-element elementor-element-0055f32 e-con-full e-flex e-con e-parent\" data-id=\"0055f32\" data-element_type=\"container\" data-settings=\"{&quot;background_background&quot;:&quot;classic&quot;}\">\n\t\t<div class=\"elementor-element elementor-element-570b5e6 e-con-full e-flex e-con e-child\" data-id=\"570b5e6\" data-element_type=\"container\" data-settings=\"{&quot;background_background&quot;:&quot;classic&quot;}\">\n\t\t\t\t<\/div>\n\t\t\t\t<\/div>\n\t\t<div class=\"elementor-element elementor-element-87428c7 e-flex e-con-boxed e-con e-parent\" data-id=\"87428c7\" data-element_type=\"container\">\n\t\t\t\t\t<div class=\"e-con-inner\">\n\t\t\t\t<div class=\"elementor-element elementor-element-dcae276 elementor-widget elementor-widget-heading\" data-id=\"dcae276\" data-element_type=\"widget\" data-widget_type=\"heading.default\">\n\t\t\t\t<div class=\"elementor-widget-container\">\n\t\t\t\t\t<h2 class=\"elementor-heading-title elementor-size-default\">DOMUS<\/h2>\t\t\t\t<\/div>\n\t\t\t\t<\/div>\n\t\t\t\t<div class=\"elementor-element elementor-element-c0c32d2 elementor-widget elementor-widget-text-editor\" data-id=\"c0c32d2\" data-element_type=\"widget\" data-widget_type=\"text-editor.default\">\n\t\t\t\t<div class=\"elementor-widget-container\">\n\t\t\t\t\t\t\t\t\t<p><b>\u603b\u697c\u9762\u9762\u79ef\uff1a <\/b><span style=\"font-weight: 400;\">2.000 m2<\/span><\/p><p><b>\u5730\u70b9\uff1a<\/b><span style=\"font-weight: 400;\"> \u5fb7\u5e03\u52d2\u68ee<\/span><\/p><p><b>\u8bbe\u8ba1\u5e74\u4efd<\/b><span style=\"font-weight: 400;\"> 2024<\/span><\/p><p><b>\u9759\u6001\uff1a<\/b><span style=\"font-weight: 400;\"> Bal\u00e1zs Pall\u00f3s, Alex Kerner<\/span><\/p><p><b>\u670d\u52a1<\/b><span style=\"font-weight: 400;\"> \u652f\u6491\u7ed3\u6784\u8bbe\u8ba1<\/span><\/p><p><b>\u529f\u80fd<\/b><span style=\"font-weight: 400;\"> \u5546\u4e1a\u5efa\u7b51\u3001\u5546\u5e97<\/span><\/p>\t\t\t\t\t\t\t\t<\/div>\n\t\t\t\t<\/div>\n\t\t\t\t\t<\/div>\n\t\t\t\t<\/div>\n\t\t<div class=\"elementor-element elementor-element-ae9e724 e-flex e-con-boxed e-con e-parent\" data-id=\"ae9e724\" data-element_type=\"container\">\n\t\t\t\t\t<div class=\"e-con-inner\">\n\t\t\t\t<div class=\"elementor-element elementor-element-cf6c42a elementor-widget elementor-widget-text-editor\" data-id=\"cf6c42a\" data-element_type=\"widget\" data-widget_type=\"text-editor.default\">\n\t\t\t\t<div class=\"elementor-widget-container\">\n\t\t\t\t\t\t\t\t\t<p><strong>\u8bf4\u660e<\/strong><\/p><p><span style=\"font-weight: 400;\">\u8bc4\u4f30<\/span><\/p><p><span style=\"font-weight: 400;\">G\u00e9za Kendik Kendik \u5728\u4e0e ALDI \u5408\u4f5c\u8bbe\u8ba1\u5fb7\u5e03\u52d2\u68ee\u65b0\u5e97\u6570\u5e74\u540e\u53d7\u6258\u8bbe\u8ba1\u8be5\u5e97\u3002 \u8be5\u96f6\u552e\u8fde\u9501\u5e97\u5728\u57ce\u5e02\u897f\u5317\u90e8 V\u00e9nkerti \u4f4f\u5b85\u533a\u7684\u4e00\u4e2a\u91cd\u8981\u8def\u53e3\u83b7\u5f97\u4e86\u4e00\u5ea7\u72ec\u7279\u7684\u5efa\u7b51\uff0c\u8be5\u5efa\u7b51\u4e5f\u4ee5\u5176\u72ec\u7279\u7684\u65b9\u5f0f\u51fa\u7c7b\u62d4\u8403\uff0c\u5177\u6709\u5178\u578b\u7684\u65f6\u4ee3\u7279\u5f81\u3002\u5fb7\u5e03\u52d2\u68ee Domus \u4e8e 1980 \u5e74\u5f00\u4e1a\uff0c\u662f\u4e00\u5bb6\u4e3a 20 \u4e16\u7eaa 70 \u5e74\u4ee3\u5efa\u6210\u7684\u4f4f\u5b85\u533a\u548c\u57ce\u5e02\u63d0\u4f9b\u670d\u52a1\u7684\u73b0\u4ee3\u5316\u65b0\u5f0f\u5bb6\u5177\u5e97\uff0c\u4ee3\u8868\u4e86 20 \u4e16\u7eaa\u521d\u5f00\u59cb\u7684\u5546\u4e1a\u6f6e\u6d41\u3002\u4f5c\u4e3a B\u00fator\u00e9rt\u00e9kes\u00edt\u0151 V\u00e1llalat \u7684\u540e\u7ee7\u8005\uff0cDomus \u6210\u7acb\u4e8e 1949 \u5e74\uff0c\u4e3b\u8981\u4e3a\u8f83\u65b0\u7684\u9884\u5236\u516c\u5bd3\u63d0\u4f9b\u53ef\u53d8\u6027\u5f3a\u7684\u73b0\u4ee3\u6a21\u5757\u5316\u5bb6\u5177\u3002\u4ece 1974 \u5e74\u8d77\u7684\u51e0\u5e74\u95f4\uff0c\u5168\u56fd\u7f51\u7edc\u6269\u5c55\u5230 16 \u5bb6\u5206\u5e97\uff0c\u6bcf\u5bb6\u5206\u5e97\u90fd\u662f\u72ec\u4e00\u65e0\u4e8c\u7684\uff0c\u7531\u5f53\u5730\u5efa\u7b51\u5e08\u6309\u7167\u5f53\u65f6\u7684\u9ad8\u6807\u51c6\u5efa\u9020\uff0c\u4e0d\u4ec5\u8003\u8651\u5230\u73af\u5883\uff0c\u8fd8\u8003\u8651\u5230\u5546\u4e1a\u653f\u7b56\u3002<\/span><\/p><p>\u00a0<\/p><p><span style=\"font-weight: 400;\">\u652f\u6301\u7ed3\u6784<\/span><\/p><p><span style=\"font-weight: 400;\">\u4ece\u7ed3\u6784\u89d2\u5ea6\u770b\uff0c\u6539\u9020\u73b0\u6709\u5efa\u7b51\u4ee5\u6ee1\u8db3\u5f53\u4eca\u65f6\u4ee3\u7684\u9700\u6c42\u662f\u4e00\u9879\u4ee4\u4eba\u5174\u594b\u7684\u4efb\u52a1\u3002\u9057\u61be\u7684\u662f\uff0c\u7ed8\u56fe\u677f\u4e0a\u5f80\u5f80\u7f3a\u4e4f\u6570\u636e\uff0c\u56e0\u4e3a\u65e0\u6cd5\u63a2\u7a76\u6240\u6709\u7ec6\u8282\uff0c\u65e0\u6cd5\u83b7\u5f97\u539f\u59cb\u8bbe\u8ba1\u6750\u6599\uff0c\u4e5f\u6ca1\u6709\u4ee5\u524d\u6539\u5efa\u7684\u8bb0\u5f55\u3002\u5728\u8fd9\u4e2a\u9879\u76ee\u4e2d\uff0c\u6211\u4eec\u4e5f\u514b\u670d\u4e86\u8fd9\u4e9b\u56f0\u96be\uff0c\u7136\u800c\uff0c\u7ecf\u8fc7\u8270\u82e6\u7684\u52aa\u529b\uff0c\u9879\u76ee\u7ec8\u4e8e\u53d6\u5f97\u4e86\u6210\u679c\uff0c\u4e00\u5ea7\u66fe\u7ecf\u7684\u6807\u5fd7\u6027\u5efa\u7b51\u91cd\u65b0\u53d8\u6210\u4e86\u4e00\u5ea7\u65b0\u7684\u6807\u5fd7\u6027\u5efa\u7b51\u3002\u5927\u697c\u539f\u6709\u7684\u7ed3\u6784\u7cfb\u7edf\u7531\u9884\u5236\u94a2\u7b4b\u6df7\u51dd\u571f\u548c\u94a2\u6750\u7ec4\u5408\u800c\u6210\uff0c\u7531\u4e8e\u7ed3\u6784\u7684\u5c40\u9650\u6027\uff0c\u5728\u67d0\u4e9b\u5730\u65b9\u9700\u8981\u8fdb\u884c\u6bd4\u5f00\u5de5\u524d\u66f4\u591a\u7684\u5de5\u4f5c\u3002\u7136\u800c\uff0c\u6700\u7ec8\u7684\u7ed3\u679c\u5f25\u8865\u4e86\u8fd9\u4e9b\u56f0\u96be\uff01<\/span><\/p>\t\t\t\t\t\t\t\t<\/div>\n\t\t\t\t<\/div>\n\t\t\t\t\t<\/div>\n\t\t\t\t<\/div>\n\t\t<div class=\"elementor-element elementor-element-37485e9 e-flex e-con-boxed e-con e-parent\" data-id=\"37485e9\" data-element_type=\"container\">\n\t\t\t\t\t<div class=\"e-con-inner\">\n\t\t\t\t<div class=\"elementor-element elementor-element-8baa848 elementor-arrows-position-inside elementor-pagination-position-outside elementor-widget elementor-widget-image-carousel\" data-id=\"8baa848\" data-element_type=\"widget\" data-settings=\"{&quot;slides_to_show&quot;:&quot;1&quot;,&quot;navigation&quot;:&quot;both&quot;,&quot;autoplay&quot;:&quot;yes&quot;,&quot;pause_on_hover&quot;:&quot;yes&quot;,&quot;pause_on_interaction&quot;:&quot;yes&quot;,&quot;autoplay_speed&quot;:5000,&quot;infinite&quot;:&quot;yes&quot;,&quot;effect&quot;:&quot;slide&quot;,&quot;speed&quot;:500}\" data-widget_type=\"image-carousel.default\">\n\t\t\t\t<div class=\"elementor-widget-container\">\n\t\t\t\t\t\t\t<div class=\"elementor-image-carousel-wrapper swiper\" role=\"region\" aria-roledescription=\"carousel\" aria-label=\"\u56fe\u50cf\u65cb\u8f6c\u6728\u9a6c\" dir=\"ltr\">\n\t\t\t<div class=\"elementor-image-carousel swiper-wrapper\" aria-live=\"off\">\n\t\t\t\t\t\t\t\t<div class=\"swiper-slide\" role=\"group\" aria-roledescription=\"slide\" aria-label=\"1 \/ 6\"><figure class=\"swiper-slide-inner\"><img decoding=\"async\" class=\"swiper-slide-image\" src=\"https:\/\/base.hu\/wp-content\/uploads\/2025\/06\/ifc-Kep3.jpg\" alt=\"ifc - K\u00e9p3\" \/><\/figure><\/div><div class=\"swiper-slide\" role=\"group\" aria-roledescription=\"slide\" aria-label=\"2 \/ 6\"><figure class=\"swiper-slide-inner\"><img decoding=\"async\" class=\"swiper-slide-image\" src=\"https:\/\/base.hu\/wp-content\/uploads\/2025\/06\/ifc-Kep4.jpg\" alt=\"ifc - K\u00e9p4\" \/><\/figure><\/div><div class=\"swiper-slide\" role=\"group\" aria-roledescription=\"slide\" aria-label=\"3 \/ 6\"><figure class=\"swiper-slide-inner\"><img decoding=\"async\" class=\"swiper-slide-image\" src=\"https:\/\/base.hu\/wp-content\/uploads\/2025\/06\/mash-02.jpg\" alt=\"mash 02\" \/><\/figure><\/div><div class=\"swiper-slide\" role=\"group\" aria-roledescription=\"slide\" aria-label=\"4 \/ 6\"><figure class=\"swiper-slide-inner\"><img decoding=\"async\" class=\"swiper-slide-image\" src=\"https:\/\/base.hu\/wp-content\/uploads\/2025\/06\/mash.jpg\" alt=\"mash\" \/><\/figure><\/div><div class=\"swiper-slide\" role=\"group\" aria-roledescription=\"slide\" aria-label=\"5 \/ 6\"><figure class=\"swiper-slide-inner\"><img decoding=\"async\" class=\"swiper-slide-image\" src=\"https:\/\/base.hu\/wp-content\/uploads\/2025\/06\/y01.jpg\" alt=\"y01\" \/><\/figure><\/div><div class=\"swiper-slide\" role=\"group\" aria-roledescription=\"slide\" aria-label=\"6 \/ 6\"><figure class=\"swiper-slide-inner\"><img decoding=\"async\" class=\"swiper-slide-image\" src=\"https:\/\/base.hu\/wp-content\/uploads\/2025\/06\/Kepernyofoto-2025-06-16-4.38.34.png\" alt=\"K\u00e9perny\u0151fot\u00f3 2025-06-16 - 4.38.34\" \/><\/figure><\/div>\t\t\t<\/div>\n\t\t\t\t\t\t\t\t\t\t\t\t<div class=\"elementor-swiper-button elementor-swiper-button-prev\" role=\"button\" tabindex=\"0\">\n\t\t\t\t\t\t<svg aria-hidden=\"true\" class=\"e-font-icon-svg e-eicon-chevron-left\" viewbox=\"0 0 1000 1000\" xmlns=\"http:\/\/www.w3.org\/2000\/svg\"><path d=\"M646 125C629 125 613 133 604 142L308 442C296 454 292 471 292 487 292 504 296 521 308 533L604 854C617 867 629 875 646 875 663 875 679 871 692 858 704 846 713 829 713 812 713 796 708 779 692 767L438 487 692 225C700 217 708 204 708 187 708 171 704 154 692 142 675 129 663 125 646 125Z\"><\/path><\/svg>\t\t\t\t\t<\/div>\n\t\t\t\t\t<div class=\"elementor-swiper-button elementor-swiper-button-next\" role=\"button\" tabindex=\"0\">\n\t\t\t\t\t\t<svg aria-hidden=\"true\" class=\"e-font-icon-svg e-eicon-chevron-right\" viewbox=\"0 0 1000 1000\" xmlns=\"http:\/\/www.w3.org\/2000\/svg\"><path d=\"M696 533C708 521 713 504 713 487 713 471 708 454 696 446L400 146C388 133 375 125 354 125 338 125 325 129 313 142 300 154 292 171 292 187 292 204 296 221 308 233L563 492 304 771C292 783 288 800 288 817 288 833 296 850 308 863 321 871 338 875 354 875 371 875 388 867 400 854L696 533Z\"><\/path><\/svg>\t\t\t\t\t<\/div>\n\t\t\t\t\n\t\t\t\t\t\t\t\t\t<div class=\"swiper-pagination\"><\/div>\n\t\t\t\t\t\t\t\t\t<\/div>\n\t\t\t\t\t\t<\/div>\n\t\t\t\t<\/div>\n\t\t\t\t\t<\/div>\n\t\t\t\t<\/div>\n\t\t\t\t<\/div>","protected":false},"excerpt":{"rendered":"<p>DOMUS Brutt\u00f3 alapter\u00fclet: 2.000 m2 Helysz\u00edn: Debrecen Tervez\u00e9s \u00e9ve: 2024 Statikus: Pall\u00f3s Bal\u00e1zs, Kerner Alex Szolg\u00e1ltat\u00e1sok: Tart\u00f3szerkezeti tervez\u00e9s Funkci\u00f3: Kereskedelmi [&hellip;]<\/p>","protected":false},"author":1,"featured_media":0,"parent":0,"menu_order":0,"comment_status":"closed","ping_status":"closed","template":"","meta":{"site-sidebar-layout":"no-sidebar","site-content-layout":"page-builder","ast-site-content-layout":"","site-content-style":"default","site-sidebar-style":"default","ast-global-header-display":"","ast-banner-title-visibility":"","ast-main-header-display":"","ast-hfb-above-header-display":"","ast-hfb-below-header-display":"","ast-hfb-mobile-header-display":"","site-post-title":"disabled","ast-breadcrumbs-content":"","ast-featured-img":"disabled","footer-sml-layout":"","theme-transparent-header-meta":"enabled","adv-header-id-meta":"","stick-header-meta":"","header-above-stick-meta":"","header-main-stick-meta":"","header-below-stick-meta":"","astra-migrate-meta-layouts":"default","ast-page-background-enabled":"default","ast-page-background-meta":{"desktop":{"background-color":"","background-image":"","background-repeat":"repeat","background-position":"center center","background-size":"auto","background-attachment":"scroll","background-type":"","background-media":"","overlay-type":"","overlay-color":"","overlay-opacity":"","overlay-gradient":""},"tablet":{"background-color":"","background-image":"","background-repeat":"repeat","background-position":"center center","background-size":"auto","background-attachment":"scroll","background-type":"","background-media":"","overlay-type":"","overlay-color":"","overlay-opacity":"","overlay-gradient":""},"mobile":{"background-color":"","background-image":"","background-repeat":"repeat","background-position":"center center","background-size":"auto","background-attachment":"scroll","background-type":"","background-media":"","overlay-type":"","overlay-color":"","overlay-opacity":"","overlay-gradient":""}},"ast-content-background-meta":{"desktop":{"background-color":"var(--ast-global-color-5)","background-image":"","background-repeat":"repeat","background-position":"center center","background-size":"auto","background-attachment":"scroll","background-type":"","background-media":"","overlay-type":"","overlay-color":"","overlay-opacity":"","overlay-gradient":""},"tablet":{"background-color":"var(--ast-global-color-5)","background-image":"","background-repeat":"repeat","background-position":"center center","background-size":"auto","background-attachment":"scroll","background-type":"","background-media":"","overlay-type":"","overlay-color":"","overlay-opacity":"","overlay-gradient":""},"mobile":{"background-color":"var(--ast-global-color-5)","background-image":"","background-repeat":"repeat","background-position":"center center","background-size":"auto","background-attachment":"scroll","background-type":"","background-media":"","overlay-type":"","overlay-color":"","overlay-opacity":"","overlay-gradient":""}},"footnotes":""},"class_list":["post-6757","page","type-page","status-publish","hentry"],"_links":{"self":[{"href":"https:\/\/base.hu\/zh\/wp-json\/wp\/v2\/pages\/6757","targetHints":{"allow":["GET"]}}],"collection":[{"href":"https:\/\/base.hu\/zh\/wp-json\/wp\/v2\/pages"}],"about":[{"href":"https:\/\/base.hu\/zh\/wp-json\/wp\/v2\/types\/page"}],"author":[{"embeddable":true,"href":"https:\/\/base.hu\/zh\/wp-json\/wp\/v2\/users\/1"}],"replies":[{"embeddable":true,"href":"https:\/\/base.hu\/zh\/wp-json\/wp\/v2\/comments?post=6757"}],"version-history":[{"count":10,"href":"https:\/\/base.hu\/zh\/wp-json\/wp\/v2\/pages\/6757\/revisions"}],"predecessor-version":[{"id":7167,"href":"https:\/\/base.hu\/zh\/wp-json\/wp\/v2\/pages\/6757\/revisions\/7167"}],"wp:attachment":[{"href":"https:\/\/base.hu\/zh\/wp-json\/wp\/v2\/media?parent=6757"}],"curies":[{"name":"wp","href":"https:\/\/api.w.org\/{rel}","templated":true}]}}