{"id":5036,"date":"2025-03-14T05:58:27","date_gmt":"2025-03-14T05:58:27","guid":{"rendered":"https:\/\/base.hu\/?page_id=5036"},"modified":"2025-09-01T05:24:18","modified_gmt":"2025-09-01T05:24:18","slug":"biodizel-gyartouzem-amszterdam","status":"publish","type":"page","link":"https:\/\/base.hu\/zh\/biodizel-gyartouzem-amszterdam\/","title":{"rendered":"Biod\u00edzel gy\u00e1rt\u00f3\u00fczem, Amszterdam"},"content":{"rendered":"<div data-elementor-type=\"wp-post\" data-elementor-id=\"5036\" class=\"elementor elementor-5036\" data-elementor-post-type=\"page\">\n\t\t\t\t<div class=\"elementor-element elementor-element-0055f32 e-con-full e-flex e-con e-parent\" data-id=\"0055f32\" data-element_type=\"container\" data-settings=\"{&quot;background_background&quot;:&quot;classic&quot;}\">\n\t\t<div class=\"elementor-element elementor-element-570b5e6 e-con-full e-flex e-con e-child\" data-id=\"570b5e6\" data-element_type=\"container\" data-settings=\"{&quot;background_background&quot;:&quot;classic&quot;}\">\n\t\t\t\t<\/div>\n\t\t\t\t<\/div>\n\t\t<div class=\"elementor-element elementor-element-87428c7 e-flex e-con-boxed e-con e-parent\" data-id=\"87428c7\" data-element_type=\"container\">\n\t\t\t\t\t<div class=\"e-con-inner\">\n\t\t\t\t<div class=\"elementor-element elementor-element-dcae276 elementor-widget elementor-widget-heading\" data-id=\"dcae276\" data-element_type=\"widget\" data-widget_type=\"heading.default\">\n\t\t\t\t<div class=\"elementor-widget-container\">\n\t\t\t\t\t<h2 class=\"elementor-heading-title elementor-size-default\">AENL \u751f\u7269\u67f4\u6cb9\u751f\u4ea7\u5382 <\/h2>\t\t\t\t<\/div>\n\t\t\t\t<\/div>\n\t\t\t\t<div class=\"elementor-element elementor-element-c0c32d2 elementor-widget elementor-widget-text-editor\" data-id=\"c0c32d2\" data-element_type=\"widget\" data-widget_type=\"text-editor.default\">\n\t\t\t\t<div class=\"elementor-widget-container\">\n\t\t\t\t\t\t\t\t\t<p><b>\u603b\u697c\u9762\u9762\u79ef\uff1a <\/b><span style=\"font-weight: 400;\">7.000 m2<\/span><\/p><p><b>\u5efa\u7b51\u9ad8\u5ea6\uff1a <\/b><span style=\"font-weight: 400;\">30 m<\/span><\/p><p><b>\u5730\u70b9\uff1a<\/b><span style=\"font-weight: 400;\"> \u963f\u59c6\u65af\u7279\u4e39<\/span><\/p><p><b>\u8bbe\u8ba1\u5e74\u4efd<\/b><span style=\"font-weight: 400;\"> 2021<\/span><\/p><p><b>\u9759\u6001\uff1a<\/b><span style=\"font-weight: 400;\"> Bal\u00e1zs Pall\u00f3s, \u00c1d\u00e1m Balogh<\/span><\/p><p><b>\u670d\u52a1<\/b><span style=\"font-weight: 400;\"> \u652f\u6491\u7ed3\u6784\u8bbe\u8ba1<\/span><\/p><p><b>\u529f\u80fd<\/b><span style=\"font-weight: 400;\"> \u5236\u9020\u5382<\/span><\/p>\t\t\t\t\t\t\t\t<\/div>\n\t\t\t\t<\/div>\n\t\t\t\t\t<\/div>\n\t\t\t\t<\/div>\n\t\t<div class=\"elementor-element elementor-element-ae9e724 e-flex e-con-boxed e-con e-parent\" data-id=\"ae9e724\" data-element_type=\"container\">\n\t\t\t\t\t<div class=\"e-con-inner\">\n\t\t\t\t<div class=\"elementor-element elementor-element-cf6c42a elementor-widget elementor-widget-text-editor\" data-id=\"cf6c42a\" data-element_type=\"widget\" data-widget_type=\"text-editor.default\">\n\t\t\t\t<div class=\"elementor-widget-container\">\n\t\t\t\t\t\t\t\t\t<p><strong>\u8bf4\u660e<\/strong><\/p><p><span style=\"font-weight: 400;\">\u8be5\u9879\u76ee\u5c06\u5728\u963f\u59c6\u65af\u7279\u4e39\u5efa\u7acb\u751f\u7269\u67f4\u6cb9\u5de5\u5382\uff0c\u5229\u7528\u98df\u7269\u548c\u98df\u7269\u5783\u573e\u751f\u4ea7\u751f\u7269\u71c3\u6599\u3002\u8be5\u8bbe\u65bd\u7684\u76ee\u7684\u662f\u5229\u7528\u5e9f\u54c1\u751f\u4ea7\u53ef\u6301\u7eed\u71c3\u6599\u3002\u5efa\u7b51\u7ed3\u6784\u5c06\u4f7f\u7528 3,300 \u5428\u7ed3\u6784\u94a2\uff0c\u5360\u5730\u9762\u79ef\u4e3a 7,000 \u5e73\u65b9\u7c73\uff08100 \u7c73 x 70 \u7c73\uff09\uff0c\u9ad8\u5ea6\u5728 20 \u7c73\u81f3 30 \u7c73\u4e4b\u95f4\u3002\u7531\u4e8e\u632f\u52a8\u673a\u68b0\u3001\u590d\u6742\u7684\u6280\u672f\u4ee5\u53ca\u5927\u91cf\u8bbe\u5907\u548c\u7ba1\u9053\u9020\u6210\u7684\u62e5\u5835\uff0c\u8bbe\u8ba1\u8fc7\u7a0b\u53d8\u5f97\u975e\u5e38\u590d\u6742\u3002<\/span><\/p><p>\u00a0<\/p><p><span style=\"font-weight: 400;\">\u7531\u4e8e\u6240\u91c7\u7528\u7684\u6280\u672f\u5341\u5206\u65b0\u9896\uff0c\u6574\u4e2a\u9879\u76ee\u671f\u95f4\u5fc5\u987b\u4e0d\u65ad\u8fdb\u884c\u4fee\u6539\u3002\u8fd9\u5c31\u9700\u8981\u4e0e\u56fd\u9645\u8bbe\u8ba1\u56e2\u961f\u548c\u5f53\u5730\u653f\u5e9c\u8fdb\u884c\u5b9a\u671f\u78cb\u5546\u3002\u5b89\u5168\u662f\u91cd\u4e2d\u4e4b\u91cd\uff0c\u56e0\u6b64\u8fdb\u884c\u4e86\u7206\u70b8\u6a21\u62df\uff0c\u4ee5\u4f18\u5316\u8bbe\u8ba1\u5e76\u5c06\u6f5c\u5728\u98ce\u9669\u964d\u81f3\u6700\u4f4e\u3002<\/span><\/p>\t\t\t\t\t\t\t\t<\/div>\n\t\t\t\t<\/div>\n\t\t\t\t\t<\/div>\n\t\t\t\t<\/div>\n\t\t<div class=\"elementor-element elementor-element-1995460 e-flex e-con-boxed e-con e-parent\" data-id=\"1995460\" data-element_type=\"container\">\n\t\t\t\t\t<div class=\"e-con-inner\">\n\t\t\t\t<div class=\"elementor-element elementor-element-1fc43a0 elementor-widget elementor-widget-image\" data-id=\"1fc43a0\" data-element_type=\"widget\" data-widget_type=\"image.default\">\n\t\t\t\t<div class=\"elementor-widget-container\">\n\t\t\t\t\t\t\t\t\t\t\t\t\t\t\t<img fetchpriority=\"high\" decoding=\"async\" width=\"1024\" height=\"571\" src=\"https:\/\/base.hu\/wp-content\/uploads\/2025\/06\/snap_022-1024x571.png\" class=\"attachment-large size-large wp-image-6697\" alt=\"\" srcset=\"https:\/\/base.hu\/wp-content\/uploads\/2025\/06\/snap_022-1024x571.png 1024w, https:\/\/base.hu\/wp-content\/uploads\/2025\/06\/snap_022-300x167.png 300w, https:\/\/base.hu\/wp-content\/uploads\/2025\/06\/snap_022-768x428.png 768w, https:\/\/base.hu\/wp-content\/uploads\/2025\/06\/snap_022-1536x857.png 1536w, https:\/\/base.hu\/wp-content\/uploads\/2025\/06\/snap_022-2048x1142.png 2048w, https:\/\/base.hu\/wp-content\/uploads\/2025\/06\/snap_022-18x10.png 18w\" sizes=\"(max-width: 1024px) 100vw, 1024px\" \/>\t\t\t\t\t\t\t\t\t\t\t\t\t\t\t<\/div>\n\t\t\t\t<\/div>\n\t\t\t\t\t<\/div>\n\t\t\t\t<\/div>\n\t\t\t\t<\/div>","protected":false},"excerpt":{"rendered":"<p>AENL BIOD\u00cdZEL GY\u00c1RT\u00d3\u00dcZEM Brutt\u00f3 alapter\u00fclet: 7.000 m2 \u00c9p\u00fcletmagass\u00e1g: 30 m Helysz\u00edn: Amsterdam Tervez\u00e9s \u00e9ve: 2021 Statikus: Pall\u00f3s Bal\u00e1zs, Balogh \u00c1d\u00e1m [&hellip;]<\/p>","protected":false},"author":1,"featured_media":0,"parent":0,"menu_order":0,"comment_status":"closed","ping_status":"closed","template":"","meta":{"site-sidebar-layout":"no-sidebar","site-content-layout":"page-builder","ast-site-content-layout":"","site-content-style":"default","site-sidebar-style":"default","ast-global-header-display":"","ast-banner-title-visibility":"","ast-main-header-display":"","ast-hfb-above-header-display":"","ast-hfb-below-header-display":"","ast-hfb-mobile-header-display":"","site-post-title":"disabled","ast-breadcrumbs-content":"","ast-featured-img":"disabled","footer-sml-layout":"","theme-transparent-header-meta":"enabled","adv-header-id-meta":"","stick-header-meta":"","header-above-stick-meta":"","header-main-stick-meta":"","header-below-stick-meta":"","astra-migrate-meta-layouts":"default","ast-page-background-enabled":"default","ast-page-background-meta":{"desktop":{"background-color":"","background-image":"","background-repeat":"repeat","background-position":"center center","background-size":"auto","background-attachment":"scroll","background-type":"","background-media":"","overlay-type":"","overlay-color":"","overlay-opacity":"","overlay-gradient":""},"tablet":{"background-color":"","background-image":"","background-repeat":"repeat","background-position":"center center","background-size":"auto","background-attachment":"scroll","background-type":"","background-media":"","overlay-type":"","overlay-color":"","overlay-opacity":"","overlay-gradient":""},"mobile":{"background-color":"","background-image":"","background-repeat":"repeat","background-position":"center center","background-size":"auto","background-attachment":"scroll","background-type":"","background-media":"","overlay-type":"","overlay-color":"","overlay-opacity":"","overlay-gradient":""}},"ast-content-background-meta":{"desktop":{"background-color":"var(--ast-global-color-5)","background-image":"","background-repeat":"repeat","background-position":"center center","background-size":"auto","background-attachment":"scroll","background-type":"","background-media":"","overlay-type":"","overlay-color":"","overlay-opacity":"","overlay-gradient":""},"tablet":{"background-color":"var(--ast-global-color-5)","background-image":"","background-repeat":"repeat","background-position":"center center","background-size":"auto","background-attachment":"scroll","background-type":"","background-media":"","overlay-type":"","overlay-color":"","overlay-opacity":"","overlay-gradient":""},"mobile":{"background-color":"var(--ast-global-color-5)","background-image":"","background-repeat":"repeat","background-position":"center center","background-size":"auto","background-attachment":"scroll","background-type":"","background-media":"","overlay-type":"","overlay-color":"","overlay-opacity":"","overlay-gradient":""}},"footnotes":""},"class_list":["post-5036","page","type-page","status-publish","hentry"],"_links":{"self":[{"href":"https:\/\/base.hu\/zh\/wp-json\/wp\/v2\/pages\/5036","targetHints":{"allow":["GET"]}}],"collection":[{"href":"https:\/\/base.hu\/zh\/wp-json\/wp\/v2\/pages"}],"about":[{"href":"https:\/\/base.hu\/zh\/wp-json\/wp\/v2\/types\/page"}],"author":[{"embeddable":true,"href":"https:\/\/base.hu\/zh\/wp-json\/wp\/v2\/users\/1"}],"replies":[{"embeddable":true,"href":"https:\/\/base.hu\/zh\/wp-json\/wp\/v2\/comments?post=5036"}],"version-history":[{"count":28,"href":"https:\/\/base.hu\/zh\/wp-json\/wp\/v2\/pages\/5036\/revisions"}],"predecessor-version":[{"id":7164,"href":"https:\/\/base.hu\/zh\/wp-json\/wp\/v2\/pages\/5036\/revisions\/7164"}],"wp:attachment":[{"href":"https:\/\/base.hu\/zh\/wp-json\/wp\/v2\/media?parent=5036"}],"curies":[{"name":"wp","href":"https:\/\/api.w.org\/{rel}","templated":true}]}}