{"id":4311,"date":"2025-02-17T10:39:11","date_gmt":"2025-02-17T10:39:11","guid":{"rendered":"https:\/\/base.hu\/?page_id=4311"},"modified":"2025-03-31T06:21:21","modified_gmt":"2025-03-31T06:21:21","slug":"suti-cookie-szabalyzat","status":"publish","type":"page","link":"https:\/\/base.hu\/zh\/suti-cookie-szabalyzat\/","title":{"rendered":"S\u00fcti\/Cookie szab\u00e1lyzat"},"content":{"rendered":"<div data-elementor-type=\"wp-page\" data-elementor-id=\"4311\" class=\"elementor elementor-4311\" data-elementor-post-type=\"page\">\n\t\t\t\t<div class=\"elementor-element elementor-element-d2c1656 e-flex e-con-boxed e-con e-parent\" data-id=\"d2c1656\" data-element_type=\"container\" data-settings=\"{&quot;background_background&quot;:&quot;classic&quot;}\">\n\t\t\t\t\t<div class=\"e-con-inner\">\n\t\t\t\t\t<\/div>\n\t\t\t\t<\/div>\n\t\t<div class=\"elementor-element elementor-element-9230f10 e-flex e-con-boxed e-con e-parent\" data-id=\"9230f10\" data-element_type=\"container\" data-settings=\"{&quot;background_background&quot;:&quot;classic&quot;}\">\n\t\t\t\t\t<div class=\"e-con-inner\">\n\t\t\t\t<div class=\"elementor-element elementor-element-d38f408 elementor-widget elementor-widget-heading\" data-id=\"d38f408\" data-element_type=\"widget\" data-widget_type=\"heading.default\">\n\t\t\t\t<div class=\"elementor-widget-container\">\n\t\t\t\t\t<h2 class=\"elementor-heading-title elementor-size-default\">Cookie\uff08\u66f2\u5947\uff09\u653f\u7b56<\/h2>\t\t\t\t<\/div>\n\t\t\t\t<\/div>\n\t\t\t\t\t<\/div>\n\t\t\t\t<\/div>\n\t\t<div class=\"elementor-element elementor-element-5065a4d e-flex e-con-boxed e-con e-parent\" data-id=\"5065a4d\" data-element_type=\"container\" data-settings=\"{&quot;background_background&quot;:&quot;classic&quot;}\">\n\t\t\t\t\t<div class=\"e-con-inner\">\n\t\t\t\t<div class=\"elementor-element elementor-element-6d49538 elementor-widget elementor-widget-text-editor\" data-id=\"6d49538\" data-element_type=\"widget\" data-widget_type=\"text-editor.default\">\n\t\t\t\t<div class=\"elementor-widget-container\">\n\t\t\t\t\t\t\t\t\t<p><b>Cookie\uff08\u66f2\u5947\uff09\u653f\u7b56<\/b><\/p><p><span style=\"font-weight: 400;\">\u751f\u6548\u65e5\u671f\uff1a2025 \u5e74 1 \u6708 22 \u65e5\u3002<\/span><\/p><p>\u00a0<\/p><ol><li><b> \u4ec0\u4e48\u662f cookie\uff1f<\/b><\/li><\/ol><p><span style=\"font-weight: 400;\">Cookie \u662f\u7f51\u7ad9\u901a\u8fc7\u6d4f\u89c8\u5668\u653e\u7f6e\u5728\u7528\u6237\u7535\u8111\u6216\u8bbe\u5907\u4e0a\u7684\u5c0f\u6587\u672c\u6587\u4ef6\u3002\u8fd9\u4e9b\u6587\u4ef6\u6709\u52a9\u4e8e\u7f51\u7ad9\u8fd0\u884c\u3001\u6539\u5584\u7528\u6237\u4f53\u9a8c\u548c\u6536\u96c6\u67d0\u4e9b\u6570\u636e\u3002<\/span><\/p><ol start=\"2\"><li><b> \u6211\u4eec\u4f7f\u7528\u54ea\u4e9b cookie\uff1f<\/b><\/li><\/ol><p><span style=\"font-weight: 400;\">\u6211\u4eec\u7684\u7f51\u7ad9\u4f7f\u7528\u4ee5\u4e0b\u7c7b\u578b\u7684 cookie\uff1a<\/span><span style=\"font-weight: 400;\"><br \/><\/span><span style=\"font-weight: 400;\"> 1. \u529f\u80fd\u6027 cookie<\/span><span style=\"font-weight: 400;\"><br \/><\/span><span style=\"font-weight: 400;\">\u00a0 \u00a0 - \u8fd9\u4e9b cookie \u662f\u7f51\u7ad9\u57fa\u672c\u529f\u80fd\uff08\u5982\u5bfc\u822a\u548c\u5b89\u5168\u529f\u80fd\uff09\u6240\u5fc5\u9700\u7684\u3002<\/span><span style=\"font-weight: 400;\"><br \/><\/span><span style=\"font-weight: 400;\">\u00a0 \u00a0 - \u4f8b\u5982\uff1a\u7ba1\u7406\u767b\u5f55\u4f1a\u8bdd\u3002<\/span><span style=\"font-weight: 400;\"><br \/><\/span><span style=\"font-weight: 400;\"> 2. \u529f\u7387\u8ba1\u997c\u5e72<\/span><span style=\"font-weight: 400;\"><br \/><\/span><span style=\"font-weight: 400;\">\u00a0 \u00a0 - \u8fd9\u4e9b cookie \u6536\u96c6\u6709\u5173\u8bbf\u5ba2\u5982\u4f55\u4f7f\u7528\u7f51\u7ad9\u7684\u4fe1\u606f\uff0c\u4f8b\u5982\u54ea\u4e9b\u7f51\u9875\u6700\u53d7\u6b22\u8fce\u3002<\/span><span style=\"font-weight: 400;\"><br \/><\/span><span style=\"font-weight: 400;\">\u00a0 \u00a0 - \u7531 Google Analytics\u3001Meta Pixel \u63d0\u4f9b\u3002<\/span><span style=\"font-weight: 400;\"><br \/><\/span><span style=\"font-weight: 400;\"> 3. \u7528\u4e8e\u8425\u9500\u76ee\u7684\u7684 Cookie<\/span><span style=\"font-weight: 400;\"><br \/><\/span><span style=\"font-weight: 400;\">\u00a0 \u00a0 - \u8fd9\u4e9b cookie \u4f7f\u5e7f\u544a\u66f4\u8d34\u8fd1\u7528\u6237\u3002<\/span><span style=\"font-weight: 400;\"><br \/><\/span><span style=\"font-weight: 400;\">\u00a0 \u00a0 - \u7531 Meta Platforms Inc\uff08Facebook\u3001Instagram\uff09\u63d0\u4f9b\u3002<\/span><\/p><ol start=\"3\"><li><b> Cookie \u7ba1\u7406\u548c\u540c\u610f<\/b><\/li><\/ol><p><span style=\"font-weight: 400;\">\u6211\u4eec\u7684\u7f51\u7ad9\u4f7f\u7528\u5f39\u51fa\u7a97\u53e3\u5f81\u6c42\u8bbf\u95ee\u8005\u5bf9\u4f7f\u7528\u975e\u5fc5\u8981 cookie \u7684\u540c\u610f\u3002\u8bbf\u95ee\u8005\u6709\u4ee5\u4e0b\u9009\u9879\uff1a<\/span><span style=\"font-weight: 400;\"><br \/><\/span><span style=\"font-weight: 400;\"> - \u63a5\u53d7\uff1a\u5df2\u542f\u7528\u6240\u6709 cookie\u3002<\/span><span style=\"font-weight: 400;\"><br \/><\/span><span style=\"font-weight: 400;\"> - \u66f4\u6539\u8bbe\u7f6e\uff1a\u8bbf\u95ee\u8005\u53ef\u4ee5\u9009\u62e9\u5141\u8bb8\u54ea\u4e9b cookie\u3002<\/span><span style=\"font-weight: 400;\"><br \/><\/span><span style=\"font-weight: 400;\"> - \u9009\u62e9\u9000\u51fa\uff1a\u53ea\u4f7f\u7528\u529f\u80fd\u6027 cookie\u3002<\/span><span style=\"font-weight: 400;\"><br \/><\/span><span style=\"font-weight: 400;\"><br \/><\/span><span style=\"font-weight: 400;\"> \u60a8\u53ef\u4ee5\u968f\u65f6\u8bbf\u95ee\u7f51\u7ad9\u7684 Cookie \u8bbe\u7f6e\u90e8\u5206\u66f4\u6539 Cookie \u8bbe\u7f6e\u3002<\/span><\/p><ol start=\"4\"><li><b> cookie \u7684\u4f7f\u7528\u5bff\u547d<\/b><\/li><\/ol><p><span style=\"font-weight: 400;\">cookie \u7684\u4f7f\u7528\u5bff\u547d\u53ef\u80fd\u4f1a\u6709\u6240\u4e0d\u540c\uff1a<\/span><span style=\"font-weight: 400;\"><br \/><\/span><span style=\"font-weight: 400;\"> - \u4f1a\u8bdd cookie\uff1a\u8fd9\u4e9b cookie \u662f\u4e34\u65f6\u7684\uff0c\u5728\u60a8\u5173\u95ed\u6d4f\u89c8\u5668\u65f6\u4f1a\u81ea\u52a8\u5220\u9664\u3002<\/span><span style=\"font-weight: 400;\"><br \/><\/span><span style=\"font-weight: 400;\"> - \u6301\u4e45 Cookie\uff1a\u8fd9\u4e9b Cookie \u5728\u8bbe\u5907\u4e0a\u5b58\u50a8\u7684\u65f6\u95f4\u6709\u9650\uff08\u5982 1 \u5e74\uff09\uff0c\u6216\u76f4\u5230\u7528\u6237\u624b\u52a8\u5220\u9664\u4e3a\u6b62\u3002<\/span><\/p><ol start=\"5\"><li><b> \u7b2c\u4e09\u65b9\u63d0\u4f9b\u7684 Cookie<\/b><\/li><\/ol><p><span style=\"font-weight: 400;\">\u6211\u4eec\u7684\u7f51\u7ad9\u8fd8\u4f7f\u7528\u7b2c\u4e09\u65b9\u63d0\u4f9b\u7684 cookie\uff0c\u4f8b\u5982<\/span><span style=\"font-weight: 400;\"><br \/><\/span><span style=\"font-weight: 400;\"> - Google Analytics Cookies\uff0c\u6709\u52a9\u4e8e\u8861\u91cf\u7f51\u7ad9\u7684\u6027\u80fd\u3002<\/span><span style=\"font-weight: 400;\"><br \/><\/span><span style=\"font-weight: 400;\"> - Meta Pixel cookies\uff0c\u7528\u4e8e\u8425\u9500\u76ee\u7684\u3002<\/span><span style=\"font-weight: 400;\"><br \/><\/span><span style=\"font-weight: 400;\"><br \/><\/span><span style=\"font-weight: 400;\"> \u60a8\u53ef\u4ee5\u901a\u8fc7\u4ee5\u4e0b\u94fe\u63a5\u4e86\u89e3\u8fd9\u4e9b\u670d\u52a1\u63d0\u4f9b\u5546\u7684\u9690\u79c1\u4fdd\u62a4\u63aa\u65bd\uff1a<\/span><span style=\"font-weight: 400;\"><br \/><\/span><span style=\"font-weight: 400;\"> - \u8c37\u6b4c\u5206\u6790\u9690\u79c1\u653f\u7b56\uff1ahttps:\/\/policies.google.com\/privacy<\/span><span style=\"font-weight: 400;\"><br \/><\/span><span style=\"font-weight: 400;\"> - \u5143\u9690\u79c1\uff1a https:\/\/www.facebook.com\/policy.php<\/span><\/p><ol start=\"6\"><li><b> \u6e38\u5ba2\u6743\u5229<\/b><\/li><\/ol><p><span style=\"font-weight: 400;\">\u8bbf\u95ee\u8005\u5bf9\u901a\u8fc7 cookies \u6536\u96c6\u7684\u6570\u636e\u4eab\u6709\u4ee5\u4e0b\u6743\u5229\uff1a<\/span><span style=\"font-weight: 400;\"><br \/><\/span><span style=\"font-weight: 400;\"> - \u4fe1\u606f\uff1a\u60a8\u53ef\u4ee5\u7d22\u53d6\u6709\u5173\u6211\u4eec\u4f7f\u7528\u7684 cookies \u7684\u4fe1\u606f\u3002<\/span><span style=\"font-weight: 400;\"><br \/><\/span><span style=\"font-weight: 400;\"> - \u64a4\u9500\u540c\u610f\uff1a\u60a8\u53ef\u4ee5\u968f\u65f6\u64a4\u9500\u5bf9 Cookie \u7684\u540c\u610f\u3002<\/span><span style=\"font-weight: 400;\"><br \/><\/span><span style=\"font-weight: 400;\"> - \u5220\u9664\u6570\u636e\uff1a\u60a8\u53ef\u4ee5\u901a\u8fc7\u6d4f\u89c8\u5668\u7684 cookie \u8bbe\u7f6e\u5220\u9664\u4fdd\u5b58\u5728\u8bbe\u5907\u4e0a\u7684 cookie\u3002<\/span><\/p><ol start=\"7\"><li><b> \u5982\u4f55\u7ba1\u7406 cookie\uff1f<\/b><\/li><\/ol><p><span style=\"font-weight: 400;\">Cookie \u53ef\u901a\u8fc7\u6d4f\u89c8\u5668\u8bbe\u7f6e\u8fdb\u884c\u7ba1\u7406\u3002\u6709\u5173\u6700\u5e38\u7528\u6d4f\u89c8\u5668\u7684\u8bf4\u660e\uff0c\u8bf7\u53c2\u9605\u4ee5\u4e0b\u94fe\u63a5\uff1a<\/span><span style=\"font-weight: 400;\"><br \/><\/span><span style=\"font-weight: 400;\"> - \u8c37\u6b4c\u6d4f\u89c8\u5668\uff1a https:\/\/support.google.com\/chrome\/answer\/95647<\/span><span style=\"font-weight: 400;\"><br \/><\/span><span style=\"font-weight: 400;\"> - Mozilla Firefox\uff1a https:\/\/support.mozilla.org\/hu\/kb\/sutik-torlese-szamito gepen-tarolt-data<\/span><span style=\"font-weight: 400;\"><br \/><\/span><span style=\"font-weight: 400;\"> &#8211; Microsoft Edge: https:\/\/support.microsoft.com\/hu-hu\/microsoft-edge\/s%C3%BCtik-t%C3%B6rl%C3%A9se-a-microsoft-edge-b%C5%91ng%C3%A9sz%C5%91ben-63947406-40ac-c3b8-57b9-2a946a29ae09<\/span><\/p><ol start=\"8\"><li><b> \u8054\u7cfb\u65b9\u5f0f<\/b><\/li><\/ol><p><span style=\"font-weight: 400;\">\u5982\u679c\u60a8\u5bf9 cookie \u6709\u4efb\u4f55\u7591\u95ee\uff0c\u8bf7\u8054\u7cfb\u6211\u4eec\uff1a<\/span><span style=\"font-weight: 400;\"><br \/><\/span><span style=\"font-weight: 400;\"> - \u7535\u5b50\u90ae\u4ef6\uff1a info@base.hu<\/span><span style=\"font-weight: 400;\"><br \/><\/span><span style=\"font-weight: 400;\"> - \u7535\u8bdd\u53f7\u7801\uff1a+36 70 701 5658<\/span><\/p>\t\t\t\t\t\t\t\t<\/div>\n\t\t\t\t<\/div>\n\t\t\t\t\t<\/div>\n\t\t\t\t<\/div>\n\t\t\t\t<\/div>","protected":false},"excerpt":{"rendered":"<p>S\u00fcti (Cookie) Szab\u00e1lyzat S\u00fcti (Cookie) Szab\u00e1lyzat Hat\u00e1lyba l\u00e9p\u00e9s d\u00e1tuma: 2025. janu\u00e1r 22. \u00a0 Mik azok a s\u00fctik (cookie-k)? A s\u00fctik [&hellip;]<\/p>","protected":false},"author":1,"featured_media":0,"parent":0,"menu_order":0,"comment_status":"closed","ping_status":"closed","template":"","meta":{"site-sidebar-layout":"no-sidebar","site-content-layout":"page-builder","ast-site-content-layout":"full-width-container","site-content-style":"default","site-sidebar-style":"default","ast-global-header-display":"","ast-banner-title-visibility":"","ast-main-header-display":"","ast-hfb-above-header-display":"","ast-hfb-below-header-display":"","ast-hfb-mobile-header-display":"","site-post-title":"disabled","ast-breadcrumbs-content":"","ast-featured-img":"disabled","footer-sml-layout":"","theme-transparent-header-meta":"","adv-header-id-meta":"","stick-header-meta":"","header-above-stick-meta":"","header-main-stick-meta":"","header-below-stick-meta":"","astra-migrate-meta-layouts":"set","ast-page-background-enabled":"default","ast-page-background-meta":{"desktop":{"background-color":"","background-image":"","background-repeat":"repeat","background-position":"center center","background-size":"auto","background-attachment":"scroll","background-type":"","background-media":"","overlay-type":"","overlay-color":"","overlay-opacity":"","overlay-gradient":""},"tablet":{"background-color":"","background-image":"","background-repeat":"repeat","background-position":"center center","background-size":"auto","background-attachment":"scroll","background-type":"","background-media":"","overlay-type":"","overlay-color":"","overlay-opacity":"","overlay-gradient":""},"mobile":{"background-color":"","background-image":"","background-repeat":"repeat","background-position":"center center","background-size":"auto","background-attachment":"scroll","background-type":"","background-media":"","overlay-type":"","overlay-color":"","overlay-opacity":"","overlay-gradient":""}},"ast-content-background-meta":{"desktop":{"background-color":"var(--ast-global-color-5)","background-image":"","background-repeat":"repeat","background-position":"center center","background-size":"auto","background-attachment":"scroll","background-type":"","background-media":"","overlay-type":"","overlay-color":"","overlay-opacity":"","overlay-gradient":""},"tablet":{"background-color":"var(--ast-global-color-5)","background-image":"","background-repeat":"repeat","background-position":"center center","background-size":"auto","background-attachment":"scroll","background-type":"","background-media":"","overlay-type":"","overlay-color":"","overlay-opacity":"","overlay-gradient":""},"mobile":{"background-color":"var(--ast-global-color-5)","background-image":"","background-repeat":"repeat","background-position":"center center","background-size":"auto","background-attachment":"scroll","background-type":"","background-media":"","overlay-type":"","overlay-color":"","overlay-opacity":"","overlay-gradient":""}},"footnotes":""},"class_list":["post-4311","page","type-page","status-publish","hentry"],"_links":{"self":[{"href":"https:\/\/base.hu\/zh\/wp-json\/wp\/v2\/pages\/4311","targetHints":{"allow":["GET"]}}],"collection":[{"href":"https:\/\/base.hu\/zh\/wp-json\/wp\/v2\/pages"}],"about":[{"href":"https:\/\/base.hu\/zh\/wp-json\/wp\/v2\/types\/page"}],"author":[{"embeddable":true,"href":"https:\/\/base.hu\/zh\/wp-json\/wp\/v2\/users\/1"}],"replies":[{"embeddable":true,"href":"https:\/\/base.hu\/zh\/wp-json\/wp\/v2\/comments?post=4311"}],"version-history":[{"count":19,"href":"https:\/\/base.hu\/zh\/wp-json\/wp\/v2\/pages\/4311\/revisions"}],"predecessor-version":[{"id":6164,"href":"https:\/\/base.hu\/zh\/wp-json\/wp\/v2\/pages\/4311\/revisions\/6164"}],"wp:attachment":[{"href":"https:\/\/base.hu\/zh\/wp-json\/wp\/v2\/media?parent=4311"}],"curies":[{"name":"wp","href":"https:\/\/api.w.org\/{rel}","templated":true}]}}