{"id":4309,"date":"2025-02-17T10:39:22","date_gmt":"2025-02-17T10:39:22","guid":{"rendered":"https:\/\/base.hu\/?page_id=4309"},"modified":"2025-03-30T18:23:24","modified_gmt":"2025-03-30T18:23:24","slug":"impresszum","status":"publish","type":"page","link":"https:\/\/base.hu\/zh\/impresszum\/","title":{"rendered":"\u520a\u5934"},"content":{"rendered":"<div data-elementor-type=\"wp-page\" data-elementor-id=\"4309\" class=\"elementor elementor-4309\" data-elementor-post-type=\"page\">\n\t\t\t\t<div class=\"elementor-element elementor-element-d2c1656 e-flex e-con-boxed e-con e-parent\" data-id=\"d2c1656\" data-element_type=\"container\" data-settings=\"{&quot;background_background&quot;:&quot;classic&quot;}\">\n\t\t\t\t\t<div class=\"e-con-inner\">\n\t\t\t\t\t<\/div>\n\t\t\t\t<\/div>\n\t\t<div class=\"elementor-element elementor-element-9230f10 e-flex e-con-boxed e-con e-parent\" data-id=\"9230f10\" data-element_type=\"container\" data-settings=\"{&quot;background_background&quot;:&quot;classic&quot;}\">\n\t\t\t\t\t<div class=\"e-con-inner\">\n\t\t\t\t<div class=\"elementor-element elementor-element-d38f408 elementor-widget elementor-widget-heading\" data-id=\"d38f408\" data-element_type=\"widget\" data-widget_type=\"heading.default\">\n\t\t\t\t<div class=\"elementor-widget-container\">\n\t\t\t\t\t<h2 class=\"elementor-heading-title elementor-size-default\">\u520a\u5934<\/h2>\t\t\t\t<\/div>\n\t\t\t\t<\/div>\n\t\t\t\t\t<\/div>\n\t\t\t\t<\/div>\n\t\t<div class=\"elementor-element elementor-element-5065a4d e-flex e-con-boxed e-con e-parent\" data-id=\"5065a4d\" data-element_type=\"container\" data-settings=\"{&quot;background_background&quot;:&quot;classic&quot;}\">\n\t\t\t\t\t<div class=\"e-con-inner\">\n\t\t\t\t<div class=\"elementor-element elementor-element-6d49538 elementor-widget elementor-widget-text-editor\" data-id=\"6d49538\" data-element_type=\"widget\" data-widget_type=\"text-editor.default\">\n\t\t\t\t<div class=\"elementor-widget-container\">\n\t\t\t\t\t\t\t\t\t<p><span style=\"font-weight: 400;\">\u516c\u53f8\u8be6\u60c5\uff1a<\/span><\/p><p><span style=\"font-weight: 400;\"><br \/><\/span><span style=\"font-weight: 400;\">\u516c\u53f8\u540d\u79f0\uff1a BASE-Engineer Kft.<\/span><span style=\"font-weight: 400;\"><br \/><\/span><span style=\"font-weight: 400;\">\u603b\u90e8\uff1a7630 P\u00e9cs, Zsolnay Vilmos utca 45.Plosse V\u00f6lkovo, Zoloto V\u00f6lkovo, 2.<\/span><span style=\"font-weight: 400;\"><br \/><\/span><span style=\"font-weight: 400;\">\u90ae\u653f\u5730\u5740\uff1a7630 P\u00e9cs, Zsolnay Vilmos utca 45.door 10.<\/span><span style=\"font-weight: 400;\"><br \/><\/span><span style=\"font-weight: 400;\">\u7a0e\u53f7\uff1a32169133-2-02<\/span><\/p><p><span style=\"font-weight: 400;\">\u793e\u533a\u589e\u503c\u7a0e\u53f7 | \u589e\u503c\u7a0e\u53f7\uff1aHU32169133<\/span><span style=\"font-weight: 400;\"><br \/><\/span><span style=\"font-weight: 400;\">\u516c\u53f8\u6ce8\u518c\u53f7\uff1a02-09-087333<\/span><span style=\"font-weight: 400;\"><br \/><\/span><span style=\"font-weight: 400;\">\u7535\u8bdd\u53f7\u7801\uff1a+36 70 701 56 58<\/span><\/p><p><span style=\"font-weight: 400;\">Banksz\u00e1mlasz\u00e1m: 11731001-23147496<\/span><span style=\"font-weight: 400;\"><br \/><\/span><span style=\"font-weight: 400;\">\u7535\u5b50\u90ae\u4ef6\uff1a office@base.hu<\/span><\/p><p><span style=\"font-weight: 400;\">\u6258\u7ba1\u670d\u52a1\u63d0\u4f9b\u5546\u7684\u8be6\u7ec6\u4fe1\u606f\uff1a <\/span><span style=\"font-weight: 400;\"><br \/><\/span><span style=\"font-weight: 400;\">\u516c\u53f8\u540d\u79f0\uff1a Rackhost Zrt.<\/span><span style=\"font-weight: 400;\"><br \/><\/span><span style=\"font-weight: 400;\">\u5730\u5740\uff1a1132 Budapest, Victor Hug\u00f3 utca 18-22.<\/span><\/p><p><span style=\"font-weight: 400;\"><br \/><\/span><span style=\"font-weight: 400;\">Banksz\u00e1mlasz\u00e1m: 11731001-23147496<\/span><span style=\"font-weight: 400;\"><br \/><\/span><span style=\"font-weight: 400;\">GIRO: 117<\/span><span style=\"font-weight: 400;\"><br \/><\/span><span style=\"font-weight: 400;\">IBAN\uff1a <\/span><b>HU71 1173 1001 2314 7496 0000 0000<\/b><span style=\"font-weight: 400;\"><br \/><\/span><span style=\"font-weight: 400;\">BIC\uff1a <\/span><b>OTPVHUHB<\/b><span style=\"font-weight: 400;\"><br \/><\/span><span style=\"font-weight: 400;\">\u94f6\u884c\uff1aOTP Bank Plc.<\/span><\/p><p>\u00a0<\/p>\t\t\t\t\t\t\t\t<\/div>\n\t\t\t\t<\/div>\n\t\t\t\t\t<\/div>\n\t\t\t\t<\/div>\n\t\t\t\t<\/div>","protected":false},"excerpt":{"rendered":"<p>Impresszum V\u00e1llalkoz\u00e1s adatai: C\u00e9gn\u00e9v: BASE-Engineer Kft.Sz\u00e9khely: 7630 P\u00e9cs, Zsolnay Vilmos utca 45. 2. em. 10. ajt\u00f3Posta c\u00edm: 7630 P\u00e9cs, Zsolnay [&hellip;]<\/p>","protected":false},"author":1,"featured_media":0,"parent":0,"menu_order":0,"comment_status":"closed","ping_status":"closed","template":"","meta":{"site-sidebar-layout":"no-sidebar","site-content-layout":"page-builder","ast-site-content-layout":"full-width-container","site-content-style":"default","site-sidebar-style":"default","ast-global-header-display":"","ast-banner-title-visibility":"","ast-main-header-display":"","ast-hfb-above-header-display":"","ast-hfb-below-header-display":"","ast-hfb-mobile-header-display":"","site-post-title":"disabled","ast-breadcrumbs-content":"","ast-featured-img":"disabled","footer-sml-layout":"","theme-transparent-header-meta":"","adv-header-id-meta":"","stick-header-meta":"","header-above-stick-meta":"","header-main-stick-meta":"","header-below-stick-meta":"","astra-migrate-meta-layouts":"set","ast-page-background-enabled":"default","ast-page-background-meta":{"desktop":{"background-color":"","background-image":"","background-repeat":"repeat","background-position":"center center","background-size":"auto","background-attachment":"scroll","background-type":"","background-media":"","overlay-type":"","overlay-color":"","overlay-opacity":"","overlay-gradient":""},"tablet":{"background-color":"","background-image":"","background-repeat":"repeat","background-position":"center center","background-size":"auto","background-attachment":"scroll","background-type":"","background-media":"","overlay-type":"","overlay-color":"","overlay-opacity":"","overlay-gradient":""},"mobile":{"background-color":"","background-image":"","background-repeat":"repeat","background-position":"center center","background-size":"auto","background-attachment":"scroll","background-type":"","background-media":"","overlay-type":"","overlay-color":"","overlay-opacity":"","overlay-gradient":""}},"ast-content-background-meta":{"desktop":{"background-color":"var(--ast-global-color-5)","background-image":"","background-repeat":"repeat","background-position":"center center","background-size":"auto","background-attachment":"scroll","background-type":"","background-media":"","overlay-type":"","overlay-color":"","overlay-opacity":"","overlay-gradient":""},"tablet":{"background-color":"var(--ast-global-color-5)","background-image":"","background-repeat":"repeat","background-position":"center center","background-size":"auto","background-attachment":"scroll","background-type":"","background-media":"","overlay-type":"","overlay-color":"","overlay-opacity":"","overlay-gradient":""},"mobile":{"background-color":"var(--ast-global-color-5)","background-image":"","background-repeat":"repeat","background-position":"center center","background-size":"auto","background-attachment":"scroll","background-type":"","background-media":"","overlay-type":"","overlay-color":"","overlay-opacity":"","overlay-gradient":""}},"footnotes":""},"class_list":["post-4309","page","type-page","status-publish","hentry"],"_links":{"self":[{"href":"https:\/\/base.hu\/zh\/wp-json\/wp\/v2\/pages\/4309","targetHints":{"allow":["GET"]}}],"collection":[{"href":"https:\/\/base.hu\/zh\/wp-json\/wp\/v2\/pages"}],"about":[{"href":"https:\/\/base.hu\/zh\/wp-json\/wp\/v2\/types\/page"}],"author":[{"embeddable":true,"href":"https:\/\/base.hu\/zh\/wp-json\/wp\/v2\/users\/1"}],"replies":[{"embeddable":true,"href":"https:\/\/base.hu\/zh\/wp-json\/wp\/v2\/comments?post=4309"}],"version-history":[{"count":13,"href":"https:\/\/base.hu\/zh\/wp-json\/wp\/v2\/pages\/4309\/revisions"}],"predecessor-version":[{"id":5930,"href":"https:\/\/base.hu\/zh\/wp-json\/wp\/v2\/pages\/4309\/revisions\/5930"}],"wp:attachment":[{"href":"https:\/\/base.hu\/zh\/wp-json\/wp\/v2\/media?parent=4309"}],"curies":[{"name":"wp","href":"https:\/\/api.w.org\/{rel}","templated":true}]}}