{"id":4282,"date":"2025-02-17T10:14:43","date_gmt":"2025-02-17T10:14:43","guid":{"rendered":"https:\/\/base.hu\/?page_id=4282"},"modified":"2025-05-12T10:48:59","modified_gmt":"2025-05-12T10:48:59","slug":"adatvedelmi-nyilatkozat","status":"publish","type":"page","link":"https:\/\/base.hu\/zh\/adatvedelmi-nyilatkozat\/","title":{"rendered":"\u6570\u636e\u4fdd\u62a4\u58f0\u660e"},"content":{"rendered":"<div data-elementor-type=\"wp-page\" data-elementor-id=\"4282\" class=\"elementor elementor-4282\" data-elementor-post-type=\"page\">\n\t\t\t\t<div class=\"elementor-element elementor-element-d2c1656 e-flex e-con-boxed e-con e-parent\" data-id=\"d2c1656\" data-element_type=\"container\" data-settings=\"{&quot;background_background&quot;:&quot;classic&quot;}\">\n\t\t\t\t\t<div class=\"e-con-inner\">\n\t\t\t\t\t<\/div>\n\t\t\t\t<\/div>\n\t\t<div class=\"elementor-element elementor-element-9230f10 e-flex e-con-boxed e-con e-parent\" data-id=\"9230f10\" data-element_type=\"container\" data-settings=\"{&quot;background_background&quot;:&quot;classic&quot;}\">\n\t\t\t\t\t<div class=\"e-con-inner\">\n\t\t\t\t<div class=\"elementor-element elementor-element-d38f408 elementor-widget elementor-widget-heading\" data-id=\"d38f408\" data-element_type=\"widget\" data-widget_type=\"heading.default\">\n\t\t\t\t<div class=\"elementor-widget-container\">\n\t\t\t\t\t<h2 class=\"elementor-heading-title elementor-size-default\">\u6570\u636e\u4fdd\u62a4\u58f0\u660e<\/h2>\t\t\t\t<\/div>\n\t\t\t\t<\/div>\n\t\t\t\t\t<\/div>\n\t\t\t\t<\/div>\n\t\t<div class=\"elementor-element elementor-element-5065a4d e-flex e-con-boxed e-con e-parent\" data-id=\"5065a4d\" data-element_type=\"container\" data-settings=\"{&quot;background_background&quot;:&quot;classic&quot;}\">\n\t\t\t\t\t<div class=\"e-con-inner\">\n\t\t\t\t<div class=\"elementor-element elementor-element-6d49538 elementor-widget elementor-widget-text-editor\" data-id=\"6d49538\" data-element_type=\"widget\" data-widget_type=\"text-editor.default\">\n\t\t\t\t<div class=\"elementor-widget-container\">\n\t\t\t\t\t\t\t\t\t<p><b>\u6570\u636e\u4fdd\u62a4\u58f0\u660e<\/b><\/p><p><span style=\"font-weight: 400;\">\u751f\u6548\u65e5\u671f\uff1a2025 \u5e74 1 \u6708 22 \u65e5\u3002<\/span><\/p><ol><li><b> \u63a7\u5236\u8005\u7684\u6570\u636e<\/b><\/li><\/ol><p><span style=\"font-weight: 400;\">\u60a8\u7684\u6570\u636e\u5b89\u5168\u548c\u4fdd\u62a4\u5bf9\u6211\u4eec\u81f3\u5173\u91cd\u8981\u3002\u6570\u636e\u63a7\u5236\u8005<\/span><span style=\"font-weight: 400;\"><br \/><\/span><span style=\"font-weight: 400;\">\u516c\u53f8\u540d\u79f0\uff1a BASE-Engineer Kft.<\/span><span style=\"font-weight: 400;\"><br \/><\/span><span style=\"font-weight: 400;\">\u603b\u90e8\uff1a7630 P\u00e9cs, Zsolnay Vilmos utca 45.<\/span><span style=\"font-weight: 400;\"><br \/><\/span><span style=\"font-weight: 400;\">\u8054\u7cfb\u65b9\u5f0f<br \/><\/span><span style=\"font-weight: 400;\">\u7535\u5b50\u90ae\u4ef6\u5730\u5740\uff1ainfo@base.hu<\/span><span style=\"font-weight: 400;\"><br \/><\/span><span style=\"font-weight: 400;\">\u7535\u8bdd\u53f7\u7801\uff1a+36 70 701 5658<\/span><span style=\"font-weight: 400;\"><br \/><\/span><span style=\"font-weight: 400;\">\u7f51\u7ad9\uff1a www.base.hu<\/span><\/p><ol start=\"2\"><li><b> \u5904\u7406\u7684\u76ee\u7684\u3001\u6cd5\u5f8b\u4f9d\u636e\u548c\u671f\u9650<\/b><\/li><\/ol><p><span style=\"font-weight: 400;\">\u76ee\u6807<\/span><\/p><p><span style=\"font-weight: 400;\">\u6cd5\u5f8b\u4f9d\u636e<\/span><\/p><p><span style=\"font-weight: 400;\">\u6570\u636e\u4fdd\u7559\u65f6\u95f4<\/span><span style=\"font-weight: 400;\"><br \/><\/span><span style=\"font-weight: 400;\"><br \/><\/span><span style=\"font-weight: 400;\">\u8054\u7cfb\u65b9\u5f0f \u00a0 \u00a0 \u00a0 \u00a0 \u00a0 <\/span><\/p><p><span style=\"font-weight: 400;\">\u5408\u6cd5\u6743\u76ca\uff08\u300a\u4e2a\u4eba\u4fe1\u606f\u6743\u516c\u7ea6\u300b\u7b2c 6(1)(f)\u6761\uff09 | 1 \u5e74 \u00a0 \u00a0 \u00a0 \u00a0 \u00a0 \u00a0 \u00a0 \u00a0 \u00a0\u00a0<\/span><span style=\"font-weight: 400;\"><br \/><\/span><span style=\"font-weight: 400;\">\u5de5\u5355\u7ba1\u7406 \u5408\u6cd5\u6743\u76ca\uff08\u300a\u6b27\u76df\u4fe1\u606f\u6743\u6cd5\u6848\u300b\u7b2c 6(1)(f)\u6761\uff09 | 1 \u5e74 \u00a0 \u00a0 \u00a0 \u00a0 \u00a0 \u00a0 \u00a0 \u00a0 \u00a0 <\/span><\/p><p><span style=\"font-weight: 400;\">\u8bbf\u5ba2\u7edf\u8ba1\u5206\u6790 | \u5408\u6cd5\u6743\u76ca\uff08\u300a\u6b27\u6d32\u4e2a\u4eba\u4fe1\u606f\u6743\u516c\u7ea6\u300b\u7b2c 6(1)(f)\u6761\uff09 | 1 \u5e74 \u00a0 \u00a0 \u00a0 \u00a0 \u00a0 \u00a0 \u00a0 \u00a0 \u00a0\u00a0<\/span><span style=\"font-weight: 400;\"><br \/><\/span><span style=\"font-weight: 400;\">\u8425\u9500\u4f20\u64ad\u540c\u610f\u4e66\uff08\u300a\u6b27\u76df\u4fe1\u606f\u6743\u6cd5\u6848\u300b\u7b2c 6(1)(a)\u6761\uff09 <\/span><\/p><p><span style=\"font-weight: 400;\">\u76f4\u81f3\u64a4\u9500\u540c\u610f\u00a0<\/span><span style=\"font-weight: 400;\"><br \/><\/span><span style=\"font-weight: 400;\"><br \/><\/span><span style=\"font-weight: 400;\">\u5408\u6cd5\u6743\u76ca\u8be6\u60c5\uff1a<\/span><span style=\"font-weight: 400;\"><br \/><\/span><span style=\"font-weight: 400;\"> \u6211\u4eec\u4e0e\u5ba2\u6237\u4fdd\u6301\u8054\u7cfb\u3001\u6709\u6548\u7ba1\u7406\u5ba2\u6237\u54a8\u8be2\u4ee5\u53ca\u5206\u6790\u7f51\u7ad9\u6027\u80fd\u4ee5\u6539\u8fdb\u6211\u4eec\u7684\u670d\u52a1\u662f\u6211\u4eec\u7684\u5408\u6cd5\u6743\u76ca\u3002<\/span><\/p><ol start=\"3\"><li><b> \u5904\u7406\u7684\u4e2a\u4eba\u6570\u636e\u8303\u56f4<\/b><\/li><\/ol><p><span style=\"font-weight: 400;\">\u6211\u4eec\u5904\u7406\u4ee5\u4e0b\u4e2a\u4eba\u6570\u636e<\/span><span style=\"font-weight: 400;\"><br \/><\/span><span style=\"font-weight: 400;\">\u63a5\u89e6\u671f\u95f4\u6536\u96c6\u7684\u6570\u636e\uff1a<\/span><span style=\"font-weight: 400;\"><br \/><\/span><span style=\"font-weight: 400;\">\u59d3\u540d\u3001\u7535\u5b50\u90ae\u4ef6\u5730\u5740\u3001\u7535\u8bdd\u53f7\u7801\u3002<\/span><span style=\"font-weight: 400;\"><br \/><\/span><span style=\"font-weight: 400;\">\u6280\u672f\u6570\u636e<\/span><span style=\"font-weight: 400;\"><br \/><\/span><span style=\"font-weight: 400;\">IP \u5730\u5740\u3001\u6d4f\u89c8\u5668\u7c7b\u578b\u3001\u64cd\u4f5c\u7cfb\u7edf\u3001\u8bbe\u5907\u4fe1\u606f\u3002<\/span><span style=\"font-weight: 400;\"><br \/><\/span><span style=\"font-weight: 400;\">\u4e3a\u8425\u9500\u76ee\u7684\u901a\u8fc7 cookies \u6536\u96c6\u7684\u6570\u636e\uff1a<\/span><span style=\"font-weight: 400;\"><br \/><\/span><span style=\"font-weight: 400;\">\u6d4f\u89c8\u884c\u4e3a\u3001\u504f\u597d\u3002<\/span><\/p><ol start=\"4\"><li><b> \u6570\u636e\u7684\u4f20\u8f93\u548c\u63a5\u6536<\/b><\/li><\/ol><p><span style=\"font-weight: 400;\">\u6570\u636e\u53ef\u80fd\u7531\u4ee5\u4e0b\u5408\u4f5c\u4f19\u4f34\u5904\u7406\uff1a<\/span><span style=\"font-weight: 400;\"><br \/><\/span><span style=\"font-weight: 400;\">Google LLC\uff1a\u7f51\u7edc\u5206\u6790\u548c Cookie \u7ba1\u7406\uff08Google Analytics\uff09\u3002<\/span><span style=\"font-weight: 400;\"><br \/><\/span><span style=\"font-weight: 400;\">Meta Platforms Inc\uff1a\u8425\u9500\u548c\u5e7f\u544a\u5206\u6790\uff08Meta Pixel\uff09\u3002<\/span><span style=\"font-weight: 400;\"><br \/><\/span><span style=\"font-weight: 400;\"><br \/><\/span><span style=\"font-weight: 400;\"> \u8fd9\u4e9b\u5408\u4f5c\u4f19\u4f34\u4fdd\u8bc1\u9075\u5b88\u6570\u636e\u4fdd\u62a4\u89c4\u5b9a\uff0c\u5e76\u7b26\u5408\u6b27\u76df\u7684\u6570\u636e\u4fdd\u62a4\u8981\u6c42\u3002<\/span><\/p><ol start=\"5\"><li><b> \u5411\u7b2c\u4e09\u56fd\u4f20\u8f93\u6570\u636e<\/b><\/li><\/ol><p><span style=\"font-weight: 400;\">\u4e0d\u4f1a\u5c06\u6570\u636e\u4f20\u8f93\u5230\u7b2c\u4e09\u56fd\uff08\u6b27\u76df\u4ee5\u5916\uff09\u3002<\/span><\/p><ol start=\"6\"><li><b> cookie \u7684\u4f7f\u7528<\/b><\/li><\/ol><p><span style=\"font-weight: 400;\">\u6211\u4eec\u7684\u7f51\u7ad9\u4f7f\u7528\u4ee5\u4e0b\u7c7b\u578b\u7684 cookie\uff1a<\/span><span style=\"font-weight: 400;\"><br \/><\/span><span style=\"font-weight: 400;\">\u529f\u80fd\u6027 cookie\uff1a\u7528\u4e8e\u63d0\u4f9b\u5fc5\u8981\u7684\u7f51\u7ad9\u529f\u80fd\u3002<\/span><span style=\"font-weight: 400;\"><br \/><\/span><span style=\"font-weight: 400;\">\u6027\u80fd cookie\uff1a\u4f7f\u7528 Google Analytics \u548c Meta Pixel \u5206\u6790\u8bbf\u5ba2\u7edf\u8ba1\u6570\u636e\u3002<\/span><span style=\"font-weight: 400;\"><br \/><\/span><span style=\"font-weight: 400;\">\u8425\u9500 cookie\uff1a\u4e2a\u6027\u5316\u5e7f\u544a\u5185\u5bb9\u3002<\/span><span style=\"font-weight: 400;\"><br \/><\/span><span style=\"font-weight: 400;\"><br \/><\/span><span style=\"font-weight: 400;\"> \u53ef\u901a\u8fc7\u7f51\u7ad9\u4e0a\u7684\u5f39\u51fa\u7a97\u53e3\u540c\u610f\u6216\u64a4\u9500\u5bf9 Cookie \u7684\u4f7f\u7528\u3002\u6709\u5173 cookie \u4f7f\u7528\u7684\u66f4\u591a\u4fe1\u606f\uff0c\u8bf7\u53c2\u9605 [Cookie \u653f\u7b56](#)\u3002<\/span><\/p><ol start=\"7\"><li><b> \u8d44\u6599\u5f53\u4e8b\u4eba\u7684\u6743\u5229<\/b><\/li><\/ol><p><span style=\"font-weight: 400;\">\u6570\u636e\u4e3b\u4f53\u4eab\u6709\u4ee5\u4e0b\u6743\u5229<\/span><span style=\"font-weight: 400;\"><br \/><\/span><span style=\"font-weight: 400;\">\u4fe1\u606f\uff1a\u60a8\u53ef\u4ee5\u7d22\u53d6\u6709\u5173\u6211\u4eec\u5904\u7406\u7684\u6570\u636e\u7684\u4fe1\u606f\u3002<\/span><span style=\"font-weight: 400;\"><br \/><\/span><span style=\"font-weight: 400;\">\u66f4\u6b63\uff1a\u60a8\u53ef\u4ee5\u8981\u6c42\u66f4\u6b63\u4e0d\u51c6\u786e\u7684\u6570\u636e\u3002<\/span><span style=\"font-weight: 400;\"><br \/><\/span><span style=\"font-weight: 400;\">\u5220\u9664\uff1a\u60a8\u53ef\u4ee5\u8981\u6c42\u5220\u9664\u60a8\u7684\u6570\u636e\uff08\u9664\u975e\u6cd5\u5f8b\u53e6\u6709\u89c4\u5b9a\uff09\u3002<\/span><span style=\"font-weight: 400;\"><br \/><\/span><span style=\"font-weight: 400;\">\u6570\u636e\u53ef\u79fb\u690d\u6027\uff1a\u60a8\u53ef\u4ee5\u8981\u6c42\u4ee5\u7ed3\u6784\u5316\u3001\u673a\u5668\u53ef\u8bfb\u7684\u683c\u5f0f\u63d0\u4f9b\u6570\u636e\u3002<\/span><span style=\"font-weight: 400;\"><br \/><\/span><span style=\"font-weight: 400;\">\u53cd\u5bf9\uff1a\u60a8\u53ef\u4ee5\u53cd\u5bf9\u57fa\u4e8e\u5408\u6cd5\u5229\u76ca\u7684\u5904\u7406\u3002<\/span><span style=\"font-weight: 400;\"><br \/><\/span><span style=\"font-weight: 400;\"><br \/><\/span><span style=\"font-weight: 400;\">\u8054\u7cfb\u6211\u4eec\u4ee5\u884c\u4f7f\u60a8\u7684\u6743\u5229\uff1a<\/span><span style=\"font-weight: 400;\"><br \/><\/span><span style=\"font-weight: 400;\"> \u5982\u9700\u884c\u4f7f\u60a8\u7684\u6570\u636e\u4e3b\u4f53\u6743\u5229\uff0c\u8bf7\u901a\u8fc7 info@base.hu \u8054\u7cfb\u6211\u4eec\u3002<\/span><span style=\"font-weight: 400;\"><br \/><\/span><span style=\"font-weight: 400;\"><br \/><\/span><span style=\"font-weight: 400;\">\u6295\u8bc9\u6743\uff1a<\/span><span style=\"font-weight: 400;\"><br \/><\/span><span style=\"font-weight: 400;\"> \u5982\u679c\u60a8\u8ba4\u4e3a\u81ea\u5df1\u7684\u6570\u636e\u4fdd\u62a4\u6743\u5229\u53d7\u5230\u4fb5\u72af\uff0c\u53ef\u4ee5\u5411\u56fd\u5bb6\u6570\u636e\u4fdd\u62a4\u548c\u4fe1\u606f\u81ea\u7531\u7ba1\u7406\u5c40\uff08NAIH\uff09\u6295\u8bc9\uff1a<\/span><span style=\"font-weight: 400;\"><br \/><\/span><span style=\"font-weight: 400;\">\u5730\u5740\uff1a1055 Budapest, Falk Miksa utca 9-11.<\/span><span style=\"font-weight: 400;\"><br \/><\/span><span style=\"font-weight: 400;\">\u7535\u8bdd\uff1a+36 1 391 1400<\/span><span style=\"font-weight: 400;\"><br \/><\/span><span style=\"font-weight: 400;\">\u7535\u5b50\u90ae\u4ef6\uff1a ugyfelszolgalat@naih.hu<\/span><\/p><ol start=\"8\"><li><b> \u5904\u7406\u6570\u636e\u4fdd\u62a4\u4e8b\u4ef6<\/b><\/li><\/ol><p><span style=\"font-weight: 400;\">\u5728\u7b26\u5408\u6761\u4ef6\u7684\u60c5\u51b5\u4e0b\uff0c\u6211\u4eec\u5c06\u53ca\u65f6\u5411\u6570\u636e\u5f53\u4e8b\u4eba\u548c\u4e3b\u7ba1\u5f53\u5c40\u901a\u62a5\u4efb\u4f55\u6570\u636e\u6cc4\u9732\u60c5\u51b5\u3002<\/span><span style=\"font-weight: 400;\"><br \/><\/span><span style=\"font-weight: 400;\"> \u5982\u679c\u53d1\u751f\u4e8b\u6545\uff0c\u8bf7\u901a\u8fc7 info@base.hu \u4e0e\u6211\u4eec\u8054\u7cfb\u3002<\/span><\/p><ol start=\"9\"><li><b> \u6570\u636e\u7ba1\u7406\u539f\u5219<\/b><\/li><\/ol><p><span style=\"font-weight: 400;\">\u6211\u4eec\u7684\u6570\u636e\u7ba1\u7406\u539f\u5219\u5982\u4e0b<\/span><span style=\"font-weight: 400;\"><br \/><\/span><span style=\"font-weight: 400;\">\u6570\u636e\u4ec5\u7528\u4e8e\u4e8b\u5148\u89c4\u5b9a\u7684\u76ee\u7684\u3002<\/span><span style=\"font-weight: 400;\"><br \/><\/span><span style=\"font-weight: 400;\">\u6211\u4eec\u786e\u4fdd\u60a8\u7684\u6570\u636e\u51c6\u786e\u3001\u5b89\u5168\u548c\u4fdd\u5bc6\u3002<\/span><span style=\"font-weight: 400;\"><br \/><\/span><span style=\"font-weight: 400;\">\u6211\u4eec\u53ea\u5904\u7406\u5fc5\u8981\u7684\u6570\u636e\uff0c\u5e76\u5c06\u5176\u4fdd\u5b58\u81f3\u4fdd\u5b58\u671f\u9650\u5230\u671f\u3002<\/span><\/p><p><br style=\"font-weight: 400;\" \/><br style=\"font-weight: 400;\" \/><\/p>\t\t\t\t\t\t\t\t<\/div>\n\t\t\t\t<\/div>\n\t\t\t\t\t<\/div>\n\t\t\t\t<\/div>\n\t\t\t\t<\/div>","protected":false},"excerpt":{"rendered":"<p>Adatv\u00e9delmi nyilatkozat Adatv\u00e9delmi nyilatkozat Hat\u00e1lyba l\u00e9p\u00e9s d\u00e1tuma: 2025. janu\u00e1r 22. Az adatkezel\u0151 adatai Az \u00d6n adatainak biztons\u00e1ga \u00e9s v\u00e9delme kiemelten [&hellip;]<\/p>","protected":false},"author":1,"featured_media":0,"parent":0,"menu_order":0,"comment_status":"closed","ping_status":"closed","template":"","meta":{"site-sidebar-layout":"no-sidebar","site-content-layout":"page-builder","ast-site-content-layout":"full-width-container","site-content-style":"default","site-sidebar-style":"default","ast-global-header-display":"","ast-banner-title-visibility":"","ast-main-header-display":"","ast-hfb-above-header-display":"","ast-hfb-below-header-display":"","ast-hfb-mobile-header-display":"","site-post-title":"disabled","ast-breadcrumbs-content":"","ast-featured-img":"disabled","footer-sml-layout":"","theme-transparent-header-meta":"","adv-header-id-meta":"","stick-header-meta":"","header-above-stick-meta":"","header-main-stick-meta":"","header-below-stick-meta":"","astra-migrate-meta-layouts":"set","ast-page-background-enabled":"default","ast-page-background-meta":{"desktop":{"background-color":"","background-image":"","background-repeat":"repeat","background-position":"center center","background-size":"auto","background-attachment":"scroll","background-type":"","background-media":"","overlay-type":"","overlay-color":"","overlay-opacity":"","overlay-gradient":""},"tablet":{"background-color":"","background-image":"","background-repeat":"repeat","background-position":"center center","background-size":"auto","background-attachment":"scroll","background-type":"","background-media":"","overlay-type":"","overlay-color":"","overlay-opacity":"","overlay-gradient":""},"mobile":{"background-color":"","background-image":"","background-repeat":"repeat","background-position":"center center","background-size":"auto","background-attachment":"scroll","background-type":"","background-media":"","overlay-type":"","overlay-color":"","overlay-opacity":"","overlay-gradient":""}},"ast-content-background-meta":{"desktop":{"background-color":"var(--ast-global-color-5)","background-image":"","background-repeat":"repeat","background-position":"center center","background-size":"auto","background-attachment":"scroll","background-type":"","background-media":"","overlay-type":"","overlay-color":"","overlay-opacity":"","overlay-gradient":""},"tablet":{"background-color":"var(--ast-global-color-5)","background-image":"","background-repeat":"repeat","background-position":"center center","background-size":"auto","background-attachment":"scroll","background-type":"","background-media":"","overlay-type":"","overlay-color":"","overlay-opacity":"","overlay-gradient":""},"mobile":{"background-color":"var(--ast-global-color-5)","background-image":"","background-repeat":"repeat","background-position":"center center","background-size":"auto","background-attachment":"scroll","background-type":"","background-media":"","overlay-type":"","overlay-color":"","overlay-opacity":"","overlay-gradient":""}},"footnotes":""},"class_list":["post-4282","page","type-page","status-publish","hentry"],"_links":{"self":[{"href":"https:\/\/base.hu\/zh\/wp-json\/wp\/v2\/pages\/4282","targetHints":{"allow":["GET"]}}],"collection":[{"href":"https:\/\/base.hu\/zh\/wp-json\/wp\/v2\/pages"}],"about":[{"href":"https:\/\/base.hu\/zh\/wp-json\/wp\/v2\/types\/page"}],"author":[{"embeddable":true,"href":"https:\/\/base.hu\/zh\/wp-json\/wp\/v2\/users\/1"}],"replies":[{"embeddable":true,"href":"https:\/\/base.hu\/zh\/wp-json\/wp\/v2\/comments?post=4282"}],"version-history":[{"count":49,"href":"https:\/\/base.hu\/zh\/wp-json\/wp\/v2\/pages\/4282\/revisions"}],"predecessor-version":[{"id":6538,"href":"https:\/\/base.hu\/zh\/wp-json\/wp\/v2\/pages\/4282\/revisions\/6538"}],"wp:attachment":[{"href":"https:\/\/base.hu\/zh\/wp-json\/wp\/v2\/media?parent=4282"}],"curies":[{"name":"wp","href":"https:\/\/api.w.org\/{rel}","templated":true}]}}