{"id":6671,"date":"2025-06-16T01:24:42","date_gmt":"2025-06-16T01:24:42","guid":{"rendered":"https:\/\/base.hu\/?page_id=6671"},"modified":"2025-09-01T05:28:50","modified_gmt":"2025-09-01T05:28:50","slug":"2019-101-ess-reszecskegyorsito","status":"publish","type":"page","link":"https:\/\/base.hu\/en\/2019-101-ess-reszecskegyorsito\/","title":{"rendered":"2019-101-ESS Particle accelerator"},"content":{"rendered":"<div data-elementor-type=\"wp-post\" data-elementor-id=\"6671\" class=\"elementor elementor-6671\" data-elementor-post-type=\"page\">\n\t\t\t\t<div class=\"elementor-element elementor-element-0055f32 e-con-full e-flex e-con e-parent\" data-id=\"0055f32\" data-element_type=\"container\" data-settings=\"{&quot;background_background&quot;:&quot;classic&quot;}\">\n\t\t<div class=\"elementor-element elementor-element-570b5e6 e-con-full e-flex e-con e-child\" data-id=\"570b5e6\" data-element_type=\"container\" data-settings=\"{&quot;background_background&quot;:&quot;classic&quot;}\">\n\t\t\t\t<\/div>\n\t\t\t\t<\/div>\n\t\t<div class=\"elementor-element elementor-element-87428c7 e-flex e-con-boxed e-con e-parent\" data-id=\"87428c7\" data-element_type=\"container\">\n\t\t\t\t\t<div class=\"e-con-inner\">\n\t\t\t\t<div class=\"elementor-element elementor-element-dcae276 elementor-widget elementor-widget-heading\" data-id=\"dcae276\" data-element_type=\"widget\" data-widget_type=\"heading.default\">\n\t\t\t\t<div class=\"elementor-widget-container\">\n\t\t\t\t\t<h2 class=\"elementor-heading-title elementor-size-default\">ESS PARTICLE ACCELERATOR <\/h2>\t\t\t\t<\/div>\n\t\t\t\t<\/div>\n\t\t\t\t<div class=\"elementor-element elementor-element-c0c32d2 elementor-widget elementor-widget-text-editor\" data-id=\"c0c32d2\" data-element_type=\"widget\" data-widget_type=\"text-editor.default\">\n\t\t\t\t<div class=\"elementor-widget-container\">\n\t\t\t\t\t\t\t\t\t<p><b>Gross floor area: <\/b><span style=\"font-weight: 400;\">120.000 m2<\/span><\/p><p><b>Location:<\/b><span style=\"font-weight: 400;\"> LUND, Sweden<\/span><\/p><p><b>Year of design:<\/b><span style=\"font-weight: 400;\"> 2019<\/span><\/p><p><b>Static:<\/b><span style=\"font-weight: 400;\"> Bal\u00e1zs Pall\u00f3s<\/span><\/p><p><b>Services:<\/b><span style=\"font-weight: 400;\"> Support structure design<\/span><\/p><p><b>Function:<\/b><span style=\"font-weight: 400;\"> Technology building<\/span><\/p>\t\t\t\t\t\t\t\t<\/div>\n\t\t\t\t<\/div>\n\t\t\t\t\t<\/div>\n\t\t\t\t<\/div>\n\t\t<div class=\"elementor-element elementor-element-ae9e724 e-flex e-con-boxed e-con e-parent\" data-id=\"ae9e724\" data-element_type=\"container\">\n\t\t\t\t\t<div class=\"e-con-inner\">\n\t\t\t\t<div class=\"elementor-element elementor-element-cf6c42a elementor-widget elementor-widget-text-editor\" data-id=\"cf6c42a\" data-element_type=\"widget\" data-widget_type=\"text-editor.default\">\n\t\t\t\t<div class=\"elementor-widget-container\">\n\t\t\t\t\t\t\t\t\t<p><strong>Description:<\/strong><\/p><p><span style=\"font-weight: 400;\">Working together in Europe<\/span><\/p><p><span style=\"font-weight: 400;\">One of our most exciting projects has been the design, optimisation and fabrication of the radiation shielding bunker for the neutron particle accelerator in Sweden. The project site is LUND, but Debrecen was also in the running as a possible European site for a long time during the project preparation. The total construction cost of the project was around \u20ac 1.843.000.000, making it the most expensive project of this type in Europe to date. The costs have been covered by a joint effort from Member States.<\/span><\/p><p>\u00a0<\/p><p><span style=\"font-weight: 400;\">Concept<\/span><\/p><p><span style=\"font-weight: 400;\">We agreed on the final technological requirements on site and designed the radiation protection elements according to strict boundary conditions. The particle accelerator of the research centre is a straight line with a target at the end, from which the neutron particles needed for the various research areas are propagated in all directions. The radially oriented test sites around the target are rearranged from time to time and according to the specific research task. These rebuilds necessitated the construction of the beam shielding bunker as a building block, so that even a modification of a test site required the bunker to be locally dismantled. All this was of course done in such a way that the concrete elements, placed on top of each other and next to each other, would always comply with radiation protection requirements.<\/span><\/p><p>\u00a0<\/p><p><span style=\"font-weight: 400;\">Heavy concrete elements<\/span><\/p><p><span style=\"font-weight: 400;\">The concrete elements are made of reinforced concrete with magnetite aggregate and a volume weight of 3.500kg\/m3. Each edge of the uniquely shaped concrete elements had to be protected with angle steel to preserve their strength during reloading. In total, more than 300 different elements were used to construct the bunker walls and the end slab. The concrete elements were manufactured in Hungary and transported to the construction site by rail. The concrete formula was prepared by BME experts. Special formwork and concrete technology were required to produce the elements.<\/span><\/p>\t\t\t\t\t\t\t\t<\/div>\n\t\t\t\t<\/div>\n\t\t\t\t\t<\/div>\n\t\t\t\t<\/div>\n\t\t<div class=\"elementor-element elementor-element-37485e9 e-flex e-con-boxed e-con e-parent\" data-id=\"37485e9\" data-element_type=\"container\">\n\t\t\t\t\t<div class=\"e-con-inner\">\n\t\t\t\t<div class=\"elementor-element elementor-element-8baa848 elementor-arrows-position-inside elementor-pagination-position-outside elementor-widget elementor-widget-image-carousel\" data-id=\"8baa848\" data-element_type=\"widget\" data-settings=\"{&quot;slides_to_show&quot;:&quot;1&quot;,&quot;navigation&quot;:&quot;both&quot;,&quot;autoplay&quot;:&quot;yes&quot;,&quot;pause_on_hover&quot;:&quot;yes&quot;,&quot;pause_on_interaction&quot;:&quot;yes&quot;,&quot;autoplay_speed&quot;:5000,&quot;infinite&quot;:&quot;yes&quot;,&quot;effect&quot;:&quot;slide&quot;,&quot;speed&quot;:500}\" data-widget_type=\"image-carousel.default\">\n\t\t\t\t<div class=\"elementor-widget-container\">\n\t\t\t\t\t\t\t<div class=\"elementor-image-carousel-wrapper swiper\" role=\"region\" aria-roledescription=\"carousel\" aria-label=\"Image Carousel\" dir=\"ltr\">\n\t\t\t<div class=\"elementor-image-carousel swiper-wrapper\" aria-live=\"off\">\n\t\t\t\t\t\t\t\t<div class=\"swiper-slide\" role=\"group\" aria-roledescription=\"slide\" aria-label=\"1 of 6\" data-no-translation-aria-label=\"\"><figure class=\"swiper-slide-inner\"><img decoding=\"async\" class=\"swiper-slide-image\" src=\"https:\/\/base.hu\/wp-content\/uploads\/2025\/06\/8.jpg\" alt=\"8\" \/><\/figure><\/div><div class=\"swiper-slide\" role=\"group\" aria-roledescription=\"slide\" aria-label=\"2 of 6\" data-no-translation-aria-label=\"\"><figure class=\"swiper-slide-inner\"><img decoding=\"async\" class=\"swiper-slide-image\" src=\"https:\/\/base.hu\/wp-content\/uploads\/2025\/06\/Aerial-view-over-ESS-Construction-Site-23-November-20213.jpg\" alt=\"Aerial view over ESS Construction Site 23 November 20213\" \/><\/figure><\/div><div class=\"swiper-slide\" role=\"group\" aria-roledescription=\"slide\" aria-label=\"3 of 6\" data-no-translation-aria-label=\"\"><figure class=\"swiper-slide-inner\"><img decoding=\"async\" class=\"swiper-slide-image\" src=\"https:\/\/base.hu\/wp-content\/uploads\/2025\/06\/Building_of_European_Spallation_Source_January_2017.jpg\" alt=\"Byggarbetsplatsen f\u00f6r materialforskningsanl\u00e4ggningen European Spallation Source, ESS, i Brunnsh\u00f6g i utkanten av Lund...Photo: News \u00d8resund - Jenny Andersson.\u00a9 News \u00d8resund - Jenny Andersson (CC BY 3.0).. .Detta verk av News \u00d8resund \u00e4r licensierat under en Creative Commons Erk\u00e4nnande 3.0 Unported-licens (CC BY 3.0). Bilden f\u00e5r fritt publiceras under f\u00f6ruts\u00e4ttning att k\u00e4lla anges. .The picture can be used freely under the prerequisite that the source is given. News \u00d8resund, Malm\u00f6, Sweden.News \u00d8resund \u00e4r en oberoende regional nyhetsbyr\u00e5 som \u00e4r en del av det oberoende dansk-svenska kunskapscentrat \u00d8resundsinstituttet...www.newsoresund.org..www.oresundsinstituttet.org\" \/><\/figure><\/div><div class=\"swiper-slide\" role=\"group\" aria-roledescription=\"slide\" aria-label=\"4 of 6\" data-no-translation-aria-label=\"\"><figure class=\"swiper-slide-inner\"><img decoding=\"async\" class=\"swiper-slide-image\" src=\"https:\/\/base.hu\/wp-content\/uploads\/2025\/06\/european-spallation-source-buro-happold-plus-henning-larsen-plus-cobe-plus-sla-architects_6.jpg\" alt=\"european-spallation-source-buro-happold-plus-henning-larsen-plus-cobe-plus-sla-architects_6\" \/><\/figure><\/div><div class=\"swiper-slide\" role=\"group\" aria-roledescription=\"slide\" aria-label=\"5 of 6\" data-no-translation-aria-label=\"\"><figure class=\"swiper-slide-inner\"><img decoding=\"async\" class=\"swiper-slide-image\" src=\"https:\/\/base.hu\/wp-content\/uploads\/2025\/06\/european-spallation-source-buro-happold-plus-henning-larsen-plus-cobe-plus-sla-architects_7.jpg\" alt=\"european-spallation-source-buro-happold-plus-henning-larsen-plus-cobe-plus-sla-architects_7\" \/><\/figure><\/div><div class=\"swiper-slide\" role=\"group\" aria-roledescription=\"slide\" aria-label=\"6 of 6\" data-no-translation-aria-label=\"\"><figure class=\"swiper-slide-inner\"><img decoding=\"async\" class=\"swiper-slide-image\" src=\"https:\/\/base.hu\/wp-content\/uploads\/2025\/06\/european-spallation-source-buro-happold-plus-henning-larsen-plus-cobe-plus-sla-architects_10.jpg\" alt=\"european-spallation-source-buro-happold-plus-henning-larsen-plus-cobe-plus-sla-architects_10\" \/><\/figure><\/div>\t\t\t<\/div>\n\t\t\t\t\t\t\t\t\t\t\t\t<div class=\"elementor-swiper-button elementor-swiper-button-prev\" role=\"button\" tabindex=\"0\">\n\t\t\t\t\t\t<svg aria-hidden=\"true\" class=\"e-font-icon-svg e-eicon-chevron-left\" viewbox=\"0 0 1000 1000\" xmlns=\"http:\/\/www.w3.org\/2000\/svg\"><path d=\"M646 125C629 125 613 133 604 142L308 442C296 454 292 471 292 487 292 504 296 521 308 533L604 854C617 867 629 875 646 875 663 875 679 871 692 858 704 846 713 829 713 812 713 796 708 779 692 767L438 487 692 225C700 217 708 204 708 187 708 171 704 154 692 142 675 129 663 125 646 125Z\"><\/path><\/svg>\t\t\t\t\t<\/div>\n\t\t\t\t\t<div class=\"elementor-swiper-button elementor-swiper-button-next\" role=\"button\" tabindex=\"0\">\n\t\t\t\t\t\t<svg aria-hidden=\"true\" class=\"e-font-icon-svg e-eicon-chevron-right\" viewbox=\"0 0 1000 1000\" xmlns=\"http:\/\/www.w3.org\/2000\/svg\"><path d=\"M696 533C708 521 713 504 713 487 713 471 708 454 696 446L400 146C388 133 375 125 354 125 338 125 325 129 313 142 300 154 292 171 292 187 292 204 296 221 308 233L563 492 304 771C292 783 288 800 288 817 288 833 296 850 308 863 321 871 338 875 354 875 371 875 388 867 400 854L696 533Z\"><\/path><\/svg>\t\t\t\t\t<\/div>\n\t\t\t\t\n\t\t\t\t\t\t\t\t\t<div class=\"swiper-pagination\"><\/div>\n\t\t\t\t\t\t\t\t\t<\/div>\n\t\t\t\t\t\t<\/div>\n\t\t\t\t<\/div>\n\t\t\t\t\t<\/div>\n\t\t\t\t<\/div>\n\t\t\t\t<\/div>","protected":false},"excerpt":{"rendered":"<p>ESS SECTION DESIGNER Gross floor area: 120.000 m2 Location: LUND, Sweden Year of design: 2019 Structural engineer: Pall\u00f3s Bal\u00e1zs Services: structural design Function: technological [...]<\/p>","protected":false},"author":1,"featured_media":0,"parent":0,"menu_order":0,"comment_status":"closed","ping_status":"closed","template":"","meta":{"site-sidebar-layout":"no-sidebar","site-content-layout":"page-builder","ast-site-content-layout":"","site-content-style":"default","site-sidebar-style":"default","ast-global-header-display":"","ast-banner-title-visibility":"","ast-main-header-display":"","ast-hfb-above-header-display":"","ast-hfb-below-header-display":"","ast-hfb-mobile-header-display":"","site-post-title":"disabled","ast-breadcrumbs-content":"","ast-featured-img":"disabled","footer-sml-layout":"","theme-transparent-header-meta":"enabled","adv-header-id-meta":"","stick-header-meta":"","header-above-stick-meta":"","header-main-stick-meta":"","header-below-stick-meta":"","astra-migrate-meta-layouts":"default","ast-page-background-enabled":"default","ast-page-background-meta":{"desktop":{"background-color":"","background-image":"","background-repeat":"repeat","background-position":"center center","background-size":"auto","background-attachment":"scroll","background-type":"","background-media":"","overlay-type":"","overlay-color":"","overlay-opacity":"","overlay-gradient":""},"tablet":{"background-color":"","background-image":"","background-repeat":"repeat","background-position":"center center","background-size":"auto","background-attachment":"scroll","background-type":"","background-media":"","overlay-type":"","overlay-color":"","overlay-opacity":"","overlay-gradient":""},"mobile":{"background-color":"","background-image":"","background-repeat":"repeat","background-position":"center center","background-size":"auto","background-attachment":"scroll","background-type":"","background-media":"","overlay-type":"","overlay-color":"","overlay-opacity":"","overlay-gradient":""}},"ast-content-background-meta":{"desktop":{"background-color":"var(--ast-global-color-5)","background-image":"","background-repeat":"repeat","background-position":"center center","background-size":"auto","background-attachment":"scroll","background-type":"","background-media":"","overlay-type":"","overlay-color":"","overlay-opacity":"","overlay-gradient":""},"tablet":{"background-color":"var(--ast-global-color-5)","background-image":"","background-repeat":"repeat","background-position":"center center","background-size":"auto","background-attachment":"scroll","background-type":"","background-media":"","overlay-type":"","overlay-color":"","overlay-opacity":"","overlay-gradient":""},"mobile":{"background-color":"var(--ast-global-color-5)","background-image":"","background-repeat":"repeat","background-position":"center center","background-size":"auto","background-attachment":"scroll","background-type":"","background-media":"","overlay-type":"","overlay-color":"","overlay-opacity":"","overlay-gradient":""}},"footnotes":""},"class_list":["post-6671","page","type-page","status-publish","hentry"],"_links":{"self":[{"href":"https:\/\/base.hu\/en\/wp-json\/wp\/v2\/pages\/6671","targetHints":{"allow":["GET"]}}],"collection":[{"href":"https:\/\/base.hu\/en\/wp-json\/wp\/v2\/pages"}],"about":[{"href":"https:\/\/base.hu\/en\/wp-json\/wp\/v2\/types\/page"}],"author":[{"embeddable":true,"href":"https:\/\/base.hu\/en\/wp-json\/wp\/v2\/users\/1"}],"replies":[{"embeddable":true,"href":"https:\/\/base.hu\/en\/wp-json\/wp\/v2\/comments?post=6671"}],"version-history":[{"count":7,"href":"https:\/\/base.hu\/en\/wp-json\/wp\/v2\/pages\/6671\/revisions"}],"predecessor-version":[{"id":7170,"href":"https:\/\/base.hu\/en\/wp-json\/wp\/v2\/pages\/6671\/revisions\/7170"}],"wp:attachment":[{"href":"https:\/\/base.hu\/en\/wp-json\/wp\/v2\/media?parent=6671"}],"curies":[{"name":"wp","href":"https:\/\/api.w.org\/{rel}","templated":true}]}}