{"id":5036,"date":"2025-03-14T05:58:27","date_gmt":"2025-03-14T05:58:27","guid":{"rendered":"https:\/\/base.hu\/?page_id=5036"},"modified":"2025-09-01T05:24:18","modified_gmt":"2025-09-01T05:24:18","slug":"biodizel-gyartouzem-amszterdam","status":"publish","type":"page","link":"https:\/\/base.hu\/en\/biodizel-gyartouzem-amszterdam\/","title":{"rendered":"Biod\u00edzel gy\u00e1rt\u00f3\u00fczem, Amszterdam"},"content":{"rendered":"<div data-elementor-type=\"wp-post\" data-elementor-id=\"5036\" class=\"elementor elementor-5036\" data-elementor-post-type=\"page\">\n\t\t\t\t<div class=\"elementor-element elementor-element-0055f32 e-con-full e-flex e-con e-parent\" data-id=\"0055f32\" data-element_type=\"container\" data-settings=\"{&quot;background_background&quot;:&quot;classic&quot;}\">\n\t\t<div class=\"elementor-element elementor-element-570b5e6 e-con-full e-flex e-con e-child\" data-id=\"570b5e6\" data-element_type=\"container\" data-settings=\"{&quot;background_background&quot;:&quot;classic&quot;}\">\n\t\t\t\t<\/div>\n\t\t\t\t<\/div>\n\t\t<div class=\"elementor-element elementor-element-87428c7 e-flex e-con-boxed e-con e-parent\" data-id=\"87428c7\" data-element_type=\"container\">\n\t\t\t\t\t<div class=\"e-con-inner\">\n\t\t\t\t<div class=\"elementor-element elementor-element-dcae276 elementor-widget elementor-widget-heading\" data-id=\"dcae276\" data-element_type=\"widget\" data-widget_type=\"heading.default\">\n\t\t\t\t<div class=\"elementor-widget-container\">\n\t\t\t\t\t<h2 class=\"elementor-heading-title elementor-size-default\">AENL BIODIESEL PRODUCTION PLANT <\/h2>\t\t\t\t<\/div>\n\t\t\t\t<\/div>\n\t\t\t\t<div class=\"elementor-element elementor-element-c0c32d2 elementor-widget elementor-widget-text-editor\" data-id=\"c0c32d2\" data-element_type=\"widget\" data-widget_type=\"text-editor.default\">\n\t\t\t\t<div class=\"elementor-widget-container\">\n\t\t\t\t\t\t\t\t\t<p><b>Gross floor area: <\/b><span style=\"font-weight: 400;\">7.000 m2<\/span><\/p><p><b>Building height: <\/b><span style=\"font-weight: 400;\">30 m<\/span><\/p><p><b>Location:<\/b><span style=\"font-weight: 400;\"> Amsterdam<\/span><\/p><p><b>Year of design:<\/b><span style=\"font-weight: 400;\"> 2021<\/span><\/p><p><b>Static:<\/b><span style=\"font-weight: 400;\"> Bal\u00e1zs Pall\u00f3s, \u00c1d\u00e1m Balogh<\/span><\/p><p><b>Services:<\/b><span style=\"font-weight: 400;\"> Support structure design<\/span><\/p><p><b>Function:<\/b><span style=\"font-weight: 400;\"> Manufacturing plant<\/span><\/p>\t\t\t\t\t\t\t\t<\/div>\n\t\t\t\t<\/div>\n\t\t\t\t\t<\/div>\n\t\t\t\t<\/div>\n\t\t<div class=\"elementor-element elementor-element-ae9e724 e-flex e-con-boxed e-con e-parent\" data-id=\"ae9e724\" data-element_type=\"container\">\n\t\t\t\t\t<div class=\"e-con-inner\">\n\t\t\t\t<div class=\"elementor-element elementor-element-cf6c42a elementor-widget elementor-widget-text-editor\" data-id=\"cf6c42a\" data-element_type=\"widget\" data-widget_type=\"text-editor.default\">\n\t\t\t\t<div class=\"elementor-widget-container\">\n\t\t\t\t\t\t\t\t\t<p><strong>Description:<\/strong><\/p><p><span style=\"font-weight: 400;\">The project is to set up a biodiesel plant in Amsterdam, which will produce biofuel from food and food waste. The aim of the facility is to produce sustainable fuel from waste products. The structure will be built using 3,300 tonnes of structural steel and will have a floor area of 7,000 square metres (100m x 70m) and a height of between 20 and 30 metres. The design process was significantly complicated by vibrating machinery, complex technology, and congestion due to the large number of equipment and piping.<\/span><\/p><p>\u00a0<\/p><p><span style=\"font-weight: 400;\">Due to the novelty of the technology used, constant changes were necessary throughout the project. This required regular consultation with the international design team and local authorities. Safety was a high priority and explosion simulations were carried out to optimise the designs and minimise potential risks.<\/span><\/p>\t\t\t\t\t\t\t\t<\/div>\n\t\t\t\t<\/div>\n\t\t\t\t\t<\/div>\n\t\t\t\t<\/div>\n\t\t<div class=\"elementor-element elementor-element-1995460 e-flex e-con-boxed e-con e-parent\" data-id=\"1995460\" data-element_type=\"container\">\n\t\t\t\t\t<div class=\"e-con-inner\">\n\t\t\t\t<div class=\"elementor-element elementor-element-1fc43a0 elementor-widget elementor-widget-image\" data-id=\"1fc43a0\" data-element_type=\"widget\" data-widget_type=\"image.default\">\n\t\t\t\t<div class=\"elementor-widget-container\">\n\t\t\t\t\t\t\t\t\t\t\t\t\t\t\t<img fetchpriority=\"high\" decoding=\"async\" width=\"1024\" height=\"571\" src=\"https:\/\/base.hu\/wp-content\/uploads\/2025\/06\/snap_022-1024x571.png\" class=\"attachment-large size-large wp-image-6697\" alt=\"\" srcset=\"https:\/\/base.hu\/wp-content\/uploads\/2025\/06\/snap_022-1024x571.png 1024w, https:\/\/base.hu\/wp-content\/uploads\/2025\/06\/snap_022-300x167.png 300w, https:\/\/base.hu\/wp-content\/uploads\/2025\/06\/snap_022-768x428.png 768w, https:\/\/base.hu\/wp-content\/uploads\/2025\/06\/snap_022-1536x857.png 1536w, https:\/\/base.hu\/wp-content\/uploads\/2025\/06\/snap_022-2048x1142.png 2048w, https:\/\/base.hu\/wp-content\/uploads\/2025\/06\/snap_022-18x10.png 18w\" sizes=\"(max-width: 1024px) 100vw, 1024px\" \/>\t\t\t\t\t\t\t\t\t\t\t\t\t\t\t<\/div>\n\t\t\t\t<\/div>\n\t\t\t\t\t<\/div>\n\t\t\t\t<\/div>\n\t\t\t\t<\/div>","protected":false},"excerpt":{"rendered":"<p>AENL BIOD\u00cdZEL GY\u00c1RT\u00d3\u00dcZEM Brutt\u00f3 alapter\u00fclet: 7.000 m2 \u00c9p\u00fcletmagass\u00e1g: 30 m Helysz\u00edn: Amsterdam Tervez\u00e9s \u00e9ve: 2021 Statikus: Pall\u00f3s Bal\u00e1zs, Balogh \u00c1d\u00e1m [&hellip;]<\/p>","protected":false},"author":1,"featured_media":0,"parent":0,"menu_order":0,"comment_status":"closed","ping_status":"closed","template":"","meta":{"site-sidebar-layout":"no-sidebar","site-content-layout":"page-builder","ast-site-content-layout":"","site-content-style":"default","site-sidebar-style":"default","ast-global-header-display":"","ast-banner-title-visibility":"","ast-main-header-display":"","ast-hfb-above-header-display":"","ast-hfb-below-header-display":"","ast-hfb-mobile-header-display":"","site-post-title":"disabled","ast-breadcrumbs-content":"","ast-featured-img":"disabled","footer-sml-layout":"","theme-transparent-header-meta":"enabled","adv-header-id-meta":"","stick-header-meta":"","header-above-stick-meta":"","header-main-stick-meta":"","header-below-stick-meta":"","astra-migrate-meta-layouts":"default","ast-page-background-enabled":"default","ast-page-background-meta":{"desktop":{"background-color":"","background-image":"","background-repeat":"repeat","background-position":"center center","background-size":"auto","background-attachment":"scroll","background-type":"","background-media":"","overlay-type":"","overlay-color":"","overlay-opacity":"","overlay-gradient":""},"tablet":{"background-color":"","background-image":"","background-repeat":"repeat","background-position":"center center","background-size":"auto","background-attachment":"scroll","background-type":"","background-media":"","overlay-type":"","overlay-color":"","overlay-opacity":"","overlay-gradient":""},"mobile":{"background-color":"","background-image":"","background-repeat":"repeat","background-position":"center center","background-size":"auto","background-attachment":"scroll","background-type":"","background-media":"","overlay-type":"","overlay-color":"","overlay-opacity":"","overlay-gradient":""}},"ast-content-background-meta":{"desktop":{"background-color":"var(--ast-global-color-5)","background-image":"","background-repeat":"repeat","background-position":"center center","background-size":"auto","background-attachment":"scroll","background-type":"","background-media":"","overlay-type":"","overlay-color":"","overlay-opacity":"","overlay-gradient":""},"tablet":{"background-color":"var(--ast-global-color-5)","background-image":"","background-repeat":"repeat","background-position":"center center","background-size":"auto","background-attachment":"scroll","background-type":"","background-media":"","overlay-type":"","overlay-color":"","overlay-opacity":"","overlay-gradient":""},"mobile":{"background-color":"var(--ast-global-color-5)","background-image":"","background-repeat":"repeat","background-position":"center center","background-size":"auto","background-attachment":"scroll","background-type":"","background-media":"","overlay-type":"","overlay-color":"","overlay-opacity":"","overlay-gradient":""}},"footnotes":""},"class_list":["post-5036","page","type-page","status-publish","hentry"],"_links":{"self":[{"href":"https:\/\/base.hu\/en\/wp-json\/wp\/v2\/pages\/5036","targetHints":{"allow":["GET"]}}],"collection":[{"href":"https:\/\/base.hu\/en\/wp-json\/wp\/v2\/pages"}],"about":[{"href":"https:\/\/base.hu\/en\/wp-json\/wp\/v2\/types\/page"}],"author":[{"embeddable":true,"href":"https:\/\/base.hu\/en\/wp-json\/wp\/v2\/users\/1"}],"replies":[{"embeddable":true,"href":"https:\/\/base.hu\/en\/wp-json\/wp\/v2\/comments?post=5036"}],"version-history":[{"count":28,"href":"https:\/\/base.hu\/en\/wp-json\/wp\/v2\/pages\/5036\/revisions"}],"predecessor-version":[{"id":7164,"href":"https:\/\/base.hu\/en\/wp-json\/wp\/v2\/pages\/5036\/revisions\/7164"}],"wp:attachment":[{"href":"https:\/\/base.hu\/en\/wp-json\/wp\/v2\/media?parent=5036"}],"curies":[{"name":"wp","href":"https:\/\/api.w.org\/{rel}","templated":true}]}}