{"id":4849,"date":"2025-03-13T19:58:27","date_gmt":"2025-03-13T19:58:27","guid":{"rendered":"https:\/\/base.hu\/?page_id=4849"},"modified":"2025-09-01T05:58:26","modified_gmt":"2025-09-01T05:58:26","slug":"palyazatok","status":"publish","type":"page","link":"https:\/\/base.hu\/en\/palyazatok\/","title":{"rendered":"Applications"},"content":{"rendered":"<div data-elementor-type=\"wp-page\" data-elementor-id=\"4849\" class=\"elementor elementor-4849\" data-elementor-post-type=\"page\">\n\t\t\t\t<div class=\"elementor-element elementor-element-634cdc9 e-con-full e-flex e-con e-parent\" data-id=\"634cdc9\" data-element_type=\"container\" data-settings=\"{&quot;background_background&quot;:&quot;classic&quot;}\">\n\t\t\t\t<div class=\"elementor-element elementor-element-cc68e72 elementor-widget elementor-widget-heading\" data-id=\"cc68e72\" data-element_type=\"widget\" data-widget_type=\"heading.default\">\n\t\t\t\t<div class=\"elementor-widget-container\">\n\t\t\t\t\t<h2 class=\"elementor-heading-title elementor-size-default\">Applications<\/h2>\t\t\t\t<\/div>\n\t\t\t\t<\/div>\n\t\t\t\t<\/div>\n\t\t<div class=\"elementor-element elementor-element-3bc2685 e-flex e-con-boxed e-con e-parent\" data-id=\"3bc2685\" data-element_type=\"container\">\n\t\t\t\t\t<div class=\"e-con-inner\">\n\t\t\t\t<div class=\"elementor-element elementor-element-86dfb64 elementor-widget elementor-widget-heading\" data-id=\"86dfb64\" data-element_type=\"widget\" data-widget_type=\"heading.default\">\n\t\t\t\t<div class=\"elementor-widget-container\">\n\t\t\t\t\t<h2 class=\"elementor-heading-title elementor-size-default\">Applications<\/h2>\t\t\t\t<\/div>\n\t\t\t\t<\/div>\n\t\t\t\t\t<\/div>\n\t\t\t\t<\/div>\n\t\t<div class=\"elementor-element elementor-element-c8edf87 e-flex e-con-boxed e-con e-parent\" data-id=\"c8edf87\" data-element_type=\"container\">\n\t\t\t\t\t<div class=\"e-con-inner\">\n\t\t\t\t<div class=\"elementor-element elementor-element-fca2e8b elementor-widget-divider--view-line elementor-widget elementor-widget-divider\" data-id=\"fca2e8b\" data-element_type=\"widget\" data-widget_type=\"divider.default\">\n\t\t\t\t<div class=\"elementor-widget-container\">\n\t\t\t\t\t\t\t<div class=\"elementor-divider\">\n\t\t\t<span class=\"elementor-divider-separator\">\n\t\t\t\t\t\t<\/span>\n\t\t<\/div>\n\t\t\t\t\t\t<\/div>\n\t\t\t\t<\/div>\n\t\t\t\t\t<\/div>\n\t\t\t\t<\/div>\n\t\t<div class=\"elementor-element elementor-element-f02f052 e-flex e-con-boxed e-con e-parent\" data-id=\"f02f052\" data-element_type=\"container\">\n\t\t\t\t\t<div class=\"e-con-inner\">\n\t\t\t\t<div class=\"elementor-element elementor-element-2528011 elementor-widget elementor-widget-text-editor\" data-id=\"2528011\" data-element_type=\"widget\" data-widget_type=\"text-editor.default\">\n\t\t\t\t<div class=\"elementor-widget-container\">\n\t\t\t\t\t\t\t\t\t<h3><strong>\u00a0\"Employment of trainees at BASE-Invest Kft\"<\/strong><\/h3><p>\u00a0<\/p><p><span style=\"font-weight: 400;\">Basic project data:<\/span><\/p><ul><li><span style=\"font-weight: 400;\"> Project ID: GINOP-5.2.4-16-2017-01797<\/span><span style=\"font-weight: 400;\"><br \/><\/span><span style=\"font-weight: 400;\">- Aid requested: HUF 6 885 500<\/span><span style=\"font-weight: 400;\"><br \/><\/span><span style=\"font-weight: 400;\">- Aid intensity: 100%<\/span><span style=\"font-weight: 400;\"><br \/><\/span><span style=\"font-weight: 400;\">- Project budget: 6 885 500 HUF<\/span><span style=\"font-weight: 400;\"><br \/><\/span><span style=\"font-weight: 400;\">- Project completion date: 06.05.2019.<\/span><\/li><\/ul><p><span style=\"font-weight: 400;\">Presentation of the project:<\/span><\/p><p><span style=\"font-weight: 400;\">BASE-INVEST Ltd. 100%, founded in 2008, is a Hungarian-owned engineering services company providing structural design and optimization, structural engineering and building construction expertise.<\/span><span style=\"font-weight: 400;\"><br \/><\/span><span style=\"font-weight: 400;\">Two trainees were recruited and employed under the traineeship programme. Based on our experience over the years, our company and our professionals are well placed to pass on their expertise to students and trainees whom our company wishes to employ on a long-term basis after the end of the traineeship programme.<\/span><span style=\"font-weight: 400;\"><br \/><\/span><span style=\"font-weight: 400;\">The trainee contact was one of our expert colleagues, who has been working as a civil engineer in our company since 2016. During the project, he was responsible for assisting, documenting and liaising with the Vocational Training Centre during the work of the 2 main trainees.<\/span><span style=\"font-weight: 400;\"><br \/><\/span><span style=\"font-weight: 400;\">In order to increase editorial capacity, tools were needed to run market-leading software and to provide in-house training. The computers to be purchased are therefore more expensive than a PC for traditional office use, but they are essential for the daily work of our trainees, who have been involved in technical drawing, 3D modelling and surveys on various sites, among other things. In addition to the two editing PC configurations, we have also purchased a projector for the theoretical training of our trainees.<\/span><span style=\"font-weight: 400;\"><br \/><\/span><span style=\"font-weight: 400;\">In addition to this, we have also purchased 2 office chairs, 2 desks and 2 office containers to ensure that our trainees have the right working and material conditions. Through the project, the trainees have gained significant practical, professional experience in our company, contributing to the acquisition of professional but independent working skills, which, once in the trainees' possession, will contribute significantly to improving their job prospects and future opportunities.<\/span><\/p><p><b>Where the project will take place:<\/b><\/p><p><span style=\"font-weight: 400;\">7621 P\u00e9cs, Kir\u00e1ly utca 35. Hrsz.:17293\/3.<\/span><\/p><p><b>The project was supported by the following partner organisation:<\/b><\/p><p><span style=\"font-weight: 400;\">Ministry of Finance<\/span><span style=\"font-weight: 400;\"><br \/><\/span><span style=\"font-weight: 400;\">Address: 1539 Budapest, PO Box 684<\/span><span style=\"font-weight: 400;\"><br \/><\/span><span style=\"font-weight: 400;\">E-mail: gazdasagfejlesztes@pm.gov.hu<\/span><span style=\"font-weight: 400;\"><br \/><\/span><span style=\"font-weight: 400;\">Info line: 36 1 896 0000<\/span><span style=\"font-weight: 400;\"><br \/><\/span><span style=\"font-weight: 400;\">Website: www.palyazat.gov.hu<\/span><\/p>\t\t\t\t\t\t\t\t<\/div>\n\t\t\t\t<\/div>\n\t\t\t\t\t<\/div>\n\t\t\t\t<\/div>\n\t\t<div class=\"elementor-element elementor-element-5d445e9 e-flex e-con-boxed e-con e-parent\" data-id=\"5d445e9\" data-element_type=\"container\">\n\t\t\t\t\t<div class=\"e-con-inner\">\n\t\t\t\t<div class=\"elementor-element elementor-element-516d88c elementor-widget-divider--view-line elementor-widget elementor-widget-divider\" data-id=\"516d88c\" data-element_type=\"widget\" data-widget_type=\"divider.default\">\n\t\t\t\t<div class=\"elementor-widget-container\">\n\t\t\t\t\t\t\t<div class=\"elementor-divider\">\n\t\t\t<span class=\"elementor-divider-separator\">\n\t\t\t\t\t\t<\/span>\n\t\t<\/div>\n\t\t\t\t\t\t<\/div>\n\t\t\t\t<\/div>\n\t\t\t\t\t<\/div>\n\t\t\t\t<\/div>\n\t\t<div class=\"elementor-element elementor-element-044b10a e-flex e-con-boxed e-con e-parent\" data-id=\"044b10a\" data-element_type=\"container\">\n\t\t\t\t\t<div class=\"e-con-inner\">\n\t\t\t\t<div class=\"elementor-element elementor-element-3ecb684 elementor-widget elementor-widget-text-editor\" data-id=\"3ecb684\" data-element_type=\"widget\" data-widget_type=\"text-editor.default\">\n\t\t\t\t<div class=\"elementor-widget-container\">\n\t\t\t\t\t\t\t\t\t<h3><b>\"ICT development at BASE-Invest Kft\"<\/b><\/h3><p>\u00a0<\/p><p><span style=\"font-weight: 400;\">Basic project data:<\/span><\/p><ul><li><span style=\"font-weight: 400;\"> Project ID: GINOP-3.2.2-8-2-4-16-2018-01408<\/span><span style=\"font-weight: 400;\"><br \/><\/span><span style=\"font-weight: 400;\">- Aid requested: HUF 5 956 744<\/span><span style=\"font-weight: 400;\"><br \/><\/span><span style=\"font-weight: 400;\">- Aid intensity: 40%<\/span><span style=\"font-weight: 400;\"><br \/><\/span><span style=\"font-weight: 400;\">-Project completion date: 31.03.2021.<\/span><\/li><\/ul><p><span style=\"font-weight: 400;\">Presentation of the project:<\/span><\/p><p><span style=\"font-weight: 400;\">BASE-INVEST Ltd. 100%, founded in 2008, is a Hungarian-owned engineering services company providing structural design and optimization, structural engineering and building construction expertise.<\/span><span style=\"font-weight: 400;\"><br \/><\/span><span style=\"font-weight: 400;\">As the company grew in size, it was necessary to introduce an ERP system to keep track of projects and a cloud-based service, supported by new hardware.<\/span><\/p><p><b>Where the project will take place:<\/b><\/p><p><span style=\"font-weight: 400;\">7621 P\u00e9cs, Kir\u00e1ly utca 35. Hrsz.:17293\/3.<\/span><\/p><p><b>The project was supported by the following partner organisation:<\/b><\/p><p><span style=\"font-weight: 400;\">Ministry of Finance<\/span><span style=\"font-weight: 400;\"><br \/><\/span><span style=\"font-weight: 400;\">Address: 1539 Budapest, PO Box 684<\/span><span style=\"font-weight: 400;\"><br \/><\/span><span style=\"font-weight: 400;\">E-mail: gazdasagfejlesztes@pm.gov.hu<\/span><span style=\"font-weight: 400;\"><br \/><\/span><span style=\"font-weight: 400;\">Info line: 36 1 896 0000<\/span><span style=\"font-weight: 400;\"><br \/><\/span><span style=\"font-weight: 400;\">Website: www.palyazat.gov.hu<\/span><\/p>\t\t\t\t\t\t\t\t<\/div>\n\t\t\t\t<\/div>\n\t\t\t\t\t<\/div>\n\t\t\t\t<\/div>\n\t\t<div class=\"elementor-element elementor-element-3e5ea79 e-flex e-con-boxed e-con e-parent\" data-id=\"3e5ea79\" data-element_type=\"container\">\n\t\t\t\t\t<div class=\"e-con-inner\">\n\t\t\t\t<div class=\"elementor-element elementor-element-28d76a7 elementor-widget-divider--view-line elementor-widget elementor-widget-divider\" data-id=\"28d76a7\" data-element_type=\"widget\" data-widget_type=\"divider.default\">\n\t\t\t\t<div class=\"elementor-widget-container\">\n\t\t\t\t\t\t\t<div class=\"elementor-divider\">\n\t\t\t<span class=\"elementor-divider-separator\">\n\t\t\t\t\t\t<\/span>\n\t\t<\/div>\n\t\t\t\t\t\t<\/div>\n\t\t\t\t<\/div>\n\t\t\t\t\t<\/div>\n\t\t\t\t<\/div>\n\t\t<div class=\"elementor-element elementor-element-5c93403 e-flex e-con-boxed e-con e-parent\" data-id=\"5c93403\" data-element_type=\"container\">\n\t\t\t\t\t<div class=\"e-con-inner\">\n\t\t\t\t<div class=\"elementor-element elementor-element-962a9bb elementor-widget elementor-widget-text-editor\" data-id=\"962a9bb\" data-element_type=\"widget\" data-widget_type=\"text-editor.default\">\n\t\t\t\t<div class=\"elementor-widget-container\">\n\t\t\t\t\t\t\t\t\t<h3 style=\"text-align: left;\"><b>\"Development of Base-Invest Ltd. to adapt to modern business and production challenges\"<\/b><\/h3><p style=\"text-align: left;\"><span style=\"font-weight: 400;\">With the help of the European Union support within the framework of the Economic Development and Innovation Operational Programme, Base Invest Ltd. implemented a real estate investment and equipment acquisition within the framework of the project \"Development of Base Invest Ltd. to help it adapt to modern business and production challenges\". The amount of the grant is HUF 10.34 million, which was implemented with EU and national funding.<\/span><\/p><p style=\"text-align: left;\"><b>Project code number:<\/b><span style=\"font-weight: 400;\">\u00a0GINOP-1.2.8-2020-00455<\/span><span style=\"font-weight: 400;\"><br \/><\/span><b>Project title:<\/b><span style=\"font-weight: 400;\">\u00a0\"Development of Base Invest Ltd. to adapt to modern business and production challenges\".<\/span><span style=\"font-weight: 400;\"><br \/><\/span><span style=\"font-weight: 400;\">Project start date: 15.05.2020.<\/span><span style=\"font-weight: 400;\"><br \/><\/span><span style=\"font-weight: 400;\">Project physical completion date: 22.12.2020.<\/span><span style=\"font-weight: 400;\"><br \/><\/span><span style=\"font-weight: 400;\">Amount of aid awarded: HUF 10.336.302,-<\/span><span style=\"font-weight: 400;\"><br \/><\/span><span style=\"font-weight: 400;\">Aid intensity: 70%<\/span><\/p><p style=\"text-align: left;\"><b>Presentation of the project<\/b><span style=\"font-weight: 400;\"><br \/><\/span><span style=\"font-weight: 400;\">Thanks to the support of the Ministry of National Affairs, the grant awarded to the project was used to purchase equipment and modernise our headquarters. The difficulties caused by the crown virus epidemic have made it necessary to reorganise our work, and the equipment purchased under the project will enable us to do this. Thanks to the project, the lighting system at our headquarters has been upgraded to save energy.<\/span><\/p><p style=\"text-align: left;\"><span style=\"font-weight: 400;\">The following equipment was purchased under the project:<\/span><span style=\"font-weight: 400;\"><br \/><\/span><span style=\"font-weight: 400;\">- 1 set of Ferroscan PS 300-W concrete scanner<\/span><span style=\"font-weight: 400;\"><br \/><\/span><span style=\"font-weight: 400;\">- 1 Original Schmidt Live N digital Schmidt hammer<\/span><span style=\"font-weight: 400;\"><br \/><\/span><span style=\"font-weight: 400;\">- 1 ASUS ZenBook Pro Duo<\/span><span style=\"font-weight: 400;\"><br \/><\/span><span style=\"font-weight: 400;\">- 1 LG 77\" TV set<\/span><span style=\"font-weight: 400;\"><br \/><\/span><span style=\"font-weight: 400;\">- 2 PC configurations<\/span><span style=\"font-weight: 400;\"><br \/><\/span><span style=\"font-weight: 400;\">- 1 Apple iPad pro<\/span><span style=\"font-weight: 400;\"><br \/><\/span><span style=\"font-weight: 400;\">- 3 iPhone SE 64GB<\/span><span style=\"font-weight: 400;\"><br \/><\/span><span style=\"font-weight: 400;\">- 12 Kw solar panel system<\/span><\/p><p style=\"text-align: left;\"><span style=\"font-weight: 400;\">Our aim is to serve the ever-increasing order volume smoothly and continuously. In order to ensure smooth working conditions, it was necessary to improve working conditions, to which both the investment in real estate and the equipment purchased have contributed greatly.<\/span><\/p><p style=\"text-align: left;\"><span style=\"font-weight: 400;\">The project has allowed us to maintain our staffing levels, as it has helped us to acquire the tools to carry out more work processes on our own.<\/span><\/p>\t\t\t\t\t\t\t\t<\/div>\n\t\t\t\t<\/div>\n\t\t\t\t<div class=\"elementor-element elementor-element-3cfec2b elementor-widget-divider--view-line elementor-widget elementor-widget-divider\" data-id=\"3cfec2b\" data-element_type=\"widget\" data-widget_type=\"divider.default\">\n\t\t\t\t<div class=\"elementor-widget-container\">\n\t\t\t\t\t\t\t<div class=\"elementor-divider\">\n\t\t\t<span class=\"elementor-divider-separator\">\n\t\t\t\t\t\t<\/span>\n\t\t<\/div>\n\t\t\t\t\t\t<\/div>\n\t\t\t\t<\/div>\n\t\t\t\t\t<\/div>\n\t\t\t\t<\/div>\n\t\t<div class=\"elementor-element elementor-element-cd18cc2 e-flex e-con-boxed e-con e-parent\" data-id=\"cd18cc2\" data-element_type=\"container\">\n\t\t\t\t\t<div class=\"e-con-inner\">\n\t\t\t\t<div class=\"elementor-element elementor-element-a58f9ce elementor-widget elementor-widget-text-editor\" data-id=\"a58f9ce\" data-element_type=\"widget\" data-widget_type=\"text-editor.default\">\n\t\t\t\t<div class=\"elementor-widget-container\">\n\t\t\t\t\t\t\t\t\t<h3 style=\"text-align: left;\"><b>\"Increasing BIM-based design efficiency at BASE-Invest Ltd.\"<br \/><br \/><\/b><\/h3><p style=\"text-align: left;\"><span style=\"font-weight: 400;\">We have been awarded HUF 39.6 million in non-repayable aid at aid intensity 60% for the application submitted for the Information Notice entitled \"Aid for technological modernisation and efficiency improvement in the construction sector (2021\/1)\", application No.<\/span><\/p><p style=\"text-align: left;\"><b>Project code number:<\/b><span style=\"font-weight: 400;\">\u00a0\u00c9P\u00cdT\u0150-5.2021.5-2021-00039<\/span><span style=\"font-weight: 400;\"><br \/><\/span><b>Project title:<\/b><span style=\"font-weight: 400;\">\u00a0\"Increasing BIM-based design efficiency at BASE-Invest Ltd.\"<\/span><span style=\"font-weight: 400;\"><br \/><\/span><span style=\"font-weight: 400;\">Project start date: 2021.03.01.<\/span><span style=\"font-weight: 400;\"><br \/><\/span><span style=\"font-weight: 400;\">Project physical completion date: 30.06.2022.<\/span><span style=\"font-weight: 400;\"><br \/><\/span><span style=\"font-weight: 400;\">Amount of aid awarded: HUF 39.677.353,-<\/span><span style=\"font-weight: 400;\"><br \/><\/span><span style=\"font-weight: 400;\">Aid intensity: 60%<\/span><\/p><p style=\"text-align: left;\"><b>Presentation of the project<\/b><span style=\"font-weight: 400;\"><br \/><\/span><span style=\"font-weight: 400;\">Thanks to the support of the EMI, the project has used the grant to purchase intangible and tangible assets and to provide in-house training:<\/span><\/p><ul><li style=\"font-weight: 400; text-align: left;\" aria-level=\"1\"><span style=\"font-weight: 400;\">2 Tekla Structures licence Drafter DFR-C\u00a0<\/span><\/li><li style=\"font-weight: 400; text-align: left;\" aria-level=\"1\"><span style=\"font-weight: 400;\">2 Tekla Structures license PreCast Concrete Detailing<\/span><\/li><li style=\"font-weight: 400; text-align: left;\" aria-level=\"1\"><span style=\"font-weight: 400;\">2 Tekla Structures license Steel Detailing STD-C<\/span><\/li><li style=\"font-weight: 400; text-align: left;\" aria-level=\"1\"><span style=\"font-weight: 400;\">2 Tekla Structures license Primary PRI-C<\/span><\/li><li style=\"font-weight: 400; text-align: left;\" aria-level=\"1\"><span style=\"font-weight: 400;\">2 Tekla Structures license Full FULL-C<\/span><\/li><li style=\"font-weight: 400; text-align: left;\" aria-level=\"1\"><span style=\"font-weight: 400;\">10 pieces Tekla Structures Model Sharing<\/span><\/li><li style=\"font-weight: 400; text-align: left;\" aria-level=\"1\"><span style=\"font-weight: 400;\">10 internal vocational training<\/span><\/li><li style=\"font-weight: 400; text-align: left;\" aria-level=\"1\"><span style=\"font-weight: 400;\">Configuration and installation of 10 PCs<\/span><\/li><\/ul>\t\t\t\t\t\t\t\t<\/div>\n\t\t\t\t<\/div>\n\t\t\t\t\t<\/div>\n\t\t\t\t<\/div>\n\t\t<div class=\"elementor-element elementor-element-0634923 e-flex e-con-boxed e-con e-parent\" data-id=\"0634923\" data-element_type=\"container\">\n\t\t\t\t\t<div class=\"e-con-inner\">\n\t\t\t\t<div class=\"elementor-element elementor-element-1e7f605 elementor-widget-divider--view-line elementor-widget elementor-widget-divider\" data-id=\"1e7f605\" data-element_type=\"widget\" data-widget_type=\"divider.default\">\n\t\t\t\t<div class=\"elementor-widget-container\">\n\t\t\t\t\t\t\t<div class=\"elementor-divider\">\n\t\t\t<span class=\"elementor-divider-separator\">\n\t\t\t\t\t\t<\/span>\n\t\t<\/div>\n\t\t\t\t\t\t<\/div>\n\t\t\t\t<\/div>\n\t\t\t\t\t<\/div>\n\t\t\t\t<\/div>\n\t\t<div class=\"elementor-element elementor-element-19e9154 e-flex e-con-boxed e-con e-parent\" data-id=\"19e9154\" data-element_type=\"container\">\n\t\t\t\t\t<div class=\"e-con-inner\">\n\t\t\t\t<div class=\"elementor-element elementor-element-d1f10c3 elementor-widget elementor-widget-text-editor\" data-id=\"d1f10c3\" data-element_type=\"widget\" data-widget_type=\"text-editor.default\">\n\t\t\t\t<div class=\"elementor-widget-container\">\n\t\t\t\t\t\t\t\t\t<h3><b>\"Loan programme for the technological modernisation of micro, small and medium-sized enterprises\"\u00a0<\/b><\/h3><p>\u00a0<\/p><p><span style=\"font-weight: 400;\">Under the GINOP-8.3.5-18 \"Micro, Small and Medium Enterprises Technological Modernisation Loan Programme\", published in the framework of the Sz\u00e9chenyi 2020 call for proposals, Base-Invest Kft. has taken a HUF 25 million refundable loan from MFB Hungarian Development Bank Zrt. in order to achieve its development goals:<\/span><\/p><ul><li style=\"font-weight: 400;\" aria-level=\"1\"><span style=\"font-weight: 400;\">Beneficiary name: Base-Invest Kft.<\/span><\/li><li style=\"font-weight: 400;\" aria-level=\"1\"><span style=\"font-weight: 400;\">project title: Micro, Small and Medium Enterprises Technology Upgrading Loan Programme\u00a0<\/span><\/li><li style=\"font-weight: 400;\" aria-level=\"1\"><span style=\"font-weight: 400;\">brief description of the project content: financing labour costs<\/span><\/li><li style=\"font-weight: 400;\" aria-level=\"1\"><span style=\"font-weight: 400;\">amount of aid contracted: HUF 24.995.000,- repayable loan<\/span><\/li><li style=\"font-weight: 400;\" aria-level=\"1\"><span style=\"font-weight: 400;\">call identifier: GINOP-8.3.5-18\/B<\/span><\/li><li style=\"font-weight: 400;\" aria-level=\"1\"><span style=\"font-weight: 400;\">effective completion date of the project: 2021.07.08<\/span><\/li><\/ul>\t\t\t\t\t\t\t\t<\/div>\n\t\t\t\t<\/div>\n\t\t\t\t\t<\/div>\n\t\t\t\t<\/div>\n\t\t\t\t<\/div>","protected":false},"excerpt":{"rendered":"<p>Tenders Tenders \"Employment of trainees at BASE-Invest Kft\" Basic project data: project ID: GINOP-5.2.4-16-2017-01797- Funding requested: HUF 6 885 500- Funding [...]<\/p>","protected":false},"author":1,"featured_media":0,"parent":0,"menu_order":0,"comment_status":"closed","ping_status":"closed","template":"","meta":{"site-sidebar-layout":"no-sidebar","site-content-layout":"page-builder","ast-site-content-layout":"full-width-container","site-content-style":"default","site-sidebar-style":"default","ast-global-header-display":"","ast-banner-title-visibility":"","ast-main-header-display":"","ast-hfb-above-header-display":"","ast-hfb-below-header-display":"","ast-hfb-mobile-header-display":"","site-post-title":"disabled","ast-breadcrumbs-content":"","ast-featured-img":"disabled","footer-sml-layout":"","theme-transparent-header-meta":"","adv-header-id-meta":"","stick-header-meta":"","header-above-stick-meta":"","header-main-stick-meta":"","header-below-stick-meta":"","astra-migrate-meta-layouts":"set","ast-page-background-enabled":"default","ast-page-background-meta":{"desktop":{"background-color":"","background-image":"","background-repeat":"repeat","background-position":"center center","background-size":"auto","background-attachment":"scroll","background-type":"","background-media":"","overlay-type":"","overlay-color":"","overlay-opacity":"","overlay-gradient":""},"tablet":{"background-color":"","background-image":"","background-repeat":"repeat","background-position":"center center","background-size":"auto","background-attachment":"scroll","background-type":"","background-media":"","overlay-type":"","overlay-color":"","overlay-opacity":"","overlay-gradient":""},"mobile":{"background-color":"","background-image":"","background-repeat":"repeat","background-position":"center center","background-size":"auto","background-attachment":"scroll","background-type":"","background-media":"","overlay-type":"","overlay-color":"","overlay-opacity":"","overlay-gradient":""}},"ast-content-background-meta":{"desktop":{"background-color":"var(--ast-global-color-5)","background-image":"","background-repeat":"repeat","background-position":"center center","background-size":"auto","background-attachment":"scroll","background-type":"","background-media":"","overlay-type":"","overlay-color":"","overlay-opacity":"","overlay-gradient":""},"tablet":{"background-color":"var(--ast-global-color-5)","background-image":"","background-repeat":"repeat","background-position":"center center","background-size":"auto","background-attachment":"scroll","background-type":"","background-media":"","overlay-type":"","overlay-color":"","overlay-opacity":"","overlay-gradient":""},"mobile":{"background-color":"var(--ast-global-color-5)","background-image":"","background-repeat":"repeat","background-position":"center center","background-size":"auto","background-attachment":"scroll","background-type":"","background-media":"","overlay-type":"","overlay-color":"","overlay-opacity":"","overlay-gradient":""}},"footnotes":""},"class_list":["post-4849","page","type-page","status-publish","hentry"],"_links":{"self":[{"href":"https:\/\/base.hu\/en\/wp-json\/wp\/v2\/pages\/4849","targetHints":{"allow":["GET"]}}],"collection":[{"href":"https:\/\/base.hu\/en\/wp-json\/wp\/v2\/pages"}],"about":[{"href":"https:\/\/base.hu\/en\/wp-json\/wp\/v2\/types\/page"}],"author":[{"embeddable":true,"href":"https:\/\/base.hu\/en\/wp-json\/wp\/v2\/users\/1"}],"replies":[{"embeddable":true,"href":"https:\/\/base.hu\/en\/wp-json\/wp\/v2\/comments?post=4849"}],"version-history":[{"count":43,"href":"https:\/\/base.hu\/en\/wp-json\/wp\/v2\/pages\/4849\/revisions"}],"predecessor-version":[{"id":7215,"href":"https:\/\/base.hu\/en\/wp-json\/wp\/v2\/pages\/4849\/revisions\/7215"}],"wp:attachment":[{"href":"https:\/\/base.hu\/en\/wp-json\/wp\/v2\/media?parent=4849"}],"curies":[{"name":"wp","href":"https:\/\/api.w.org\/{rel}","templated":true}]}}