{"id":6682,"date":"2025-06-16T01:30:40","date_gmt":"2025-06-16T01:30:40","guid":{"rendered":"https:\/\/base.hu\/?page_id=6682"},"modified":"2025-09-01T05:30:07","modified_gmt":"2025-09-01T05:30:07","slug":"2019-mandulas-koz","status":"publish","type":"page","link":"https:\/\/base.hu\/de\/2019-mandulas-koz\/","title":{"rendered":"2019-Mandul\u00e1s k\u00f6z"},"content":{"rendered":"<div data-elementor-type=\"wp-post\" data-elementor-id=\"6682\" class=\"elementor elementor-6682\" data-elementor-post-type=\"page\">\n\t\t\t\t<div class=\"elementor-element elementor-element-0055f32 e-con-full e-flex e-con e-parent\" data-id=\"0055f32\" data-element_type=\"container\" data-settings=\"{&quot;background_background&quot;:&quot;classic&quot;}\">\n\t\t<div class=\"elementor-element elementor-element-570b5e6 e-con-full e-flex e-con e-child\" data-id=\"570b5e6\" data-element_type=\"container\" data-settings=\"{&quot;background_background&quot;:&quot;classic&quot;}\">\n\t\t\t\t<\/div>\n\t\t\t\t<\/div>\n\t\t<div class=\"elementor-element elementor-element-87428c7 e-flex e-con-boxed e-con e-parent\" data-id=\"87428c7\" data-element_type=\"container\">\n\t\t\t\t\t<div class=\"e-con-inner\">\n\t\t\t\t<div class=\"elementor-element elementor-element-dcae276 elementor-widget elementor-widget-heading\" data-id=\"dcae276\" data-element_type=\"widget\" data-widget_type=\"heading.default\">\n\t\t\t\t<div class=\"elementor-widget-container\">\n\t\t\t\t\t<h2 class=\"elementor-heading-title elementor-size-default\">MANDELHAUS <\/h2>\t\t\t\t<\/div>\n\t\t\t\t<\/div>\n\t\t\t\t<div class=\"elementor-element elementor-element-c0c32d2 elementor-widget elementor-widget-text-editor\" data-id=\"c0c32d2\" data-element_type=\"widget\" data-widget_type=\"text-editor.default\">\n\t\t\t\t<div class=\"elementor-widget-container\">\n\t\t\t\t\t\t\t\t\t<p><b>Bruttogeschossfl\u00e4che: <\/b><span style=\"font-weight: 400;\">250 m2<\/span><\/p><p><b>Standort:<\/b><span style=\"font-weight: 400;\"> P\u00e9cs<\/span><\/p><p><b>Jahr des Entwurfs:<\/b><span style=\"font-weight: 400;\"> 2018<\/span><\/p><p><b>Architekt:<\/b><span style=\"font-weight: 400;\"> Levente Koll\u00e1r<\/span><\/p><p><b>Dienstleistungen:<\/b><span style=\"font-weight: 400;\"> Architektonische Gestaltung, Generalplanung<\/span><\/p><p><b>Funktion:<\/b><span style=\"font-weight: 400;\"> Wohngeb\u00e4ude<\/span><\/p>\t\t\t\t\t\t\t\t<\/div>\n\t\t\t\t<\/div>\n\t\t\t\t\t<\/div>\n\t\t\t\t<\/div>\n\t\t<div class=\"elementor-element elementor-element-ae9e724 e-flex e-con-boxed e-con e-parent\" data-id=\"ae9e724\" data-element_type=\"container\">\n\t\t\t\t\t<div class=\"e-con-inner\">\n\t\t\t\t<div class=\"elementor-element elementor-element-cf6c42a elementor-widget elementor-widget-text-editor\" data-id=\"cf6c42a\" data-element_type=\"widget\" data-widget_type=\"text-editor.default\">\n\t\t\t\t<div class=\"elementor-widget-container\">\n\t\t\t\t\t\t\t\t\t<p><strong>Beschreibung:<\/strong><\/p><p><span style=\"font-weight: 400;\">Neben der Gestaltung von Industriegeb\u00e4uden und \u00f6ffentlichen Geb\u00e4uden entwerfen wir auch Einfamilienh\u00e4user.<\/span><\/p><p><span style=\"font-weight: 400;\">Aus der Sicht des Architekten bietet der Entwurf eines Familienhauses sowohl Herausforderungen als auch Chancen. Beim Entwurfsprozess m\u00fcssen individuelle Bed\u00fcrfnisse, Funktionalit\u00e4t, Nachhaltigkeit, \u00c4sthetik und technische Aspekte ber\u00fccksichtigt werden.\u00a0<\/span><\/p><p><span style=\"font-weight: 400;\">Wir bem\u00fchen uns auch um die Anwendung innovativer L\u00f6sungen bereits in der Entwurfsphase. Die modellbasierte Gestaltung und Kommunikation erleichtert die Zusammenarbeit und Entscheidungsfindung mit dem Kunden.<\/span><\/p><p><span style=\"font-weight: 400;\">Bei der architektonischen Gestaltung von Wohngeb\u00e4uden ist es unser Ziel, ein Zuhause zu schaffen, das auf lange Sicht komfortabel, nachhaltig und \u00e4sthetisch ansprechend ist.<\/span><\/p><p><span style=\"font-weight: 400;\">Wir haben ein Einfamilienhaus auf einem Grundst\u00fcck in P\u00e9cs, oberhalb der Stadt, mit einem wundersch\u00f6nen Panoramablick entworfen. Bei diesem Projekt stellten das Gel\u00e4nde und die Neigung des Grundst\u00fccks eine gro\u00dfe Herausforderung w\u00e4hrend der Entwurfsphase dar.<\/span><\/p>\t\t\t\t\t\t\t\t<\/div>\n\t\t\t\t<\/div>\n\t\t\t\t\t<\/div>\n\t\t\t\t<\/div>\n\t\t<div class=\"elementor-element elementor-element-37485e9 e-flex e-con-boxed e-con e-parent\" data-id=\"37485e9\" data-element_type=\"container\">\n\t\t\t\t\t<div class=\"e-con-inner\">\n\t\t\t\t<div class=\"elementor-element elementor-element-8baa848 elementor-arrows-position-inside elementor-pagination-position-outside elementor-widget elementor-widget-image-carousel\" data-id=\"8baa848\" data-element_type=\"widget\" data-settings=\"{&quot;slides_to_show&quot;:&quot;1&quot;,&quot;navigation&quot;:&quot;both&quot;,&quot;autoplay&quot;:&quot;yes&quot;,&quot;pause_on_hover&quot;:&quot;yes&quot;,&quot;pause_on_interaction&quot;:&quot;yes&quot;,&quot;autoplay_speed&quot;:5000,&quot;infinite&quot;:&quot;yes&quot;,&quot;effect&quot;:&quot;slide&quot;,&quot;speed&quot;:500}\" data-widget_type=\"image-carousel.default\">\n\t\t\t\t<div class=\"elementor-widget-container\">\n\t\t\t\t\t\t\t<div class=\"elementor-image-carousel-wrapper swiper\" role=\"region\" aria-roledescription=\"carousel\" aria-label=\"Bild-Karussell\" dir=\"ltr\">\n\t\t\t<div class=\"elementor-image-carousel swiper-wrapper\" aria-live=\"off\">\n\t\t\t\t\t\t\t\t<div class=\"swiper-slide\" role=\"group\" aria-roledescription=\"slide\" aria-label=\"1 of 6\" data-no-translation-aria-label=\"\"><figure class=\"swiper-slide-inner\"><img decoding=\"async\" class=\"swiper-slide-image\" src=\"https:\/\/base.hu\/wp-content\/uploads\/2025\/06\/Image2x.jpg\" alt=\"Image2x\" \/><\/figure><\/div><div class=\"swiper-slide\" role=\"group\" aria-roledescription=\"slide\" aria-label=\"2 of 6\" data-no-translation-aria-label=\"\"><figure class=\"swiper-slide-inner\"><img decoding=\"async\" class=\"swiper-slide-image\" src=\"https:\/\/base.hu\/wp-content\/uploads\/2025\/06\/Image3.jpg\" alt=\"Image3\" \/><\/figure><\/div><div class=\"swiper-slide\" role=\"group\" aria-roledescription=\"slide\" aria-label=\"3 of 6\" data-no-translation-aria-label=\"\"><figure class=\"swiper-slide-inner\"><img decoding=\"async\" class=\"swiper-slide-image\" src=\"https:\/\/base.hu\/wp-content\/uploads\/2025\/06\/Image4.jpg\" alt=\"Image4\" \/><\/figure><\/div><div class=\"swiper-slide\" role=\"group\" aria-roledescription=\"slide\" aria-label=\"4 of 6\" data-no-translation-aria-label=\"\"><figure class=\"swiper-slide-inner\"><img decoding=\"async\" class=\"swiper-slide-image\" src=\"https:\/\/base.hu\/wp-content\/uploads\/2025\/06\/Image5.jpg\" alt=\"Image5\" \/><\/figure><\/div><div class=\"swiper-slide\" role=\"group\" aria-roledescription=\"slide\" aria-label=\"5 of 6\" data-no-translation-aria-label=\"\"><figure class=\"swiper-slide-inner\"><img decoding=\"async\" class=\"swiper-slide-image\" src=\"https:\/\/base.hu\/wp-content\/uploads\/2025\/06\/Image6-2.jpg\" alt=\"Image6-2\" \/><\/figure><\/div><div class=\"swiper-slide\" role=\"group\" aria-roledescription=\"slide\" aria-label=\"6 of 6\" data-no-translation-aria-label=\"\"><figure class=\"swiper-slide-inner\"><img decoding=\"async\" class=\"swiper-slide-image\" src=\"https:\/\/base.hu\/wp-content\/uploads\/2025\/06\/Image7.jpg\" alt=\"Image7\" \/><\/figure><\/div>\t\t\t<\/div>\n\t\t\t\t\t\t\t\t\t\t\t\t<div class=\"elementor-swiper-button elementor-swiper-button-prev\" role=\"button\" tabindex=\"0\">\n\t\t\t\t\t\t<svg aria-hidden=\"true\" class=\"e-font-icon-svg e-eicon-chevron-left\" viewbox=\"0 0 1000 1000\" xmlns=\"http:\/\/www.w3.org\/2000\/svg\"><path d=\"M646 125C629 125 613 133 604 142L308 442C296 454 292 471 292 487 292 504 296 521 308 533L604 854C617 867 629 875 646 875 663 875 679 871 692 858 704 846 713 829 713 812 713 796 708 779 692 767L438 487 692 225C700 217 708 204 708 187 708 171 704 154 692 142 675 129 663 125 646 125Z\"><\/path><\/svg>\t\t\t\t\t<\/div>\n\t\t\t\t\t<div class=\"elementor-swiper-button elementor-swiper-button-next\" role=\"button\" tabindex=\"0\">\n\t\t\t\t\t\t<svg aria-hidden=\"true\" class=\"e-font-icon-svg e-eicon-chevron-right\" viewbox=\"0 0 1000 1000\" xmlns=\"http:\/\/www.w3.org\/2000\/svg\"><path d=\"M696 533C708 521 713 504 713 487 713 471 708 454 696 446L400 146C388 133 375 125 354 125 338 125 325 129 313 142 300 154 292 171 292 187 292 204 296 221 308 233L563 492 304 771C292 783 288 800 288 817 288 833 296 850 308 863 321 871 338 875 354 875 371 875 388 867 400 854L696 533Z\"><\/path><\/svg>\t\t\t\t\t<\/div>\n\t\t\t\t\n\t\t\t\t\t\t\t\t\t<div class=\"swiper-pagination\"><\/div>\n\t\t\t\t\t\t\t\t\t<\/div>\n\t\t\t\t\t\t<\/div>\n\t\t\t\t<\/div>\n\t\t\t\t\t<\/div>\n\t\t\t\t<\/div>\n\t\t\t\t<\/div>","protected":false},"excerpt":{"rendered":"<p>MANDUL\u00c1S CSAL\u00c1DI H\u00c1Z Brutt\u00f3 szintter\u00fclet: 250 m2 Helysz\u00edn: P\u00e9cs Tervez\u00e9s \u00e9ve: 2018 \u00c9p\u00edt\u00e9sz: Koll\u00e1r Levente Szolg\u00e1ltat\u00e1sok: Gener\u00e1l tervez\u00e9s, \u00c9p\u00edt\u00e9sz tervez\u00e9s [&hellip;]<\/p>","protected":false},"author":1,"featured_media":0,"parent":0,"menu_order":0,"comment_status":"closed","ping_status":"closed","template":"","meta":{"site-sidebar-layout":"no-sidebar","site-content-layout":"page-builder","ast-site-content-layout":"","site-content-style":"default","site-sidebar-style":"default","ast-global-header-display":"","ast-banner-title-visibility":"","ast-main-header-display":"","ast-hfb-above-header-display":"","ast-hfb-below-header-display":"","ast-hfb-mobile-header-display":"","site-post-title":"disabled","ast-breadcrumbs-content":"","ast-featured-img":"disabled","footer-sml-layout":"","theme-transparent-header-meta":"enabled","adv-header-id-meta":"","stick-header-meta":"","header-above-stick-meta":"","header-main-stick-meta":"","header-below-stick-meta":"","astra-migrate-meta-layouts":"default","ast-page-background-enabled":"default","ast-page-background-meta":{"desktop":{"background-color":"","background-image":"","background-repeat":"repeat","background-position":"center center","background-size":"auto","background-attachment":"scroll","background-type":"","background-media":"","overlay-type":"","overlay-color":"","overlay-opacity":"","overlay-gradient":""},"tablet":{"background-color":"","background-image":"","background-repeat":"repeat","background-position":"center center","background-size":"auto","background-attachment":"scroll","background-type":"","background-media":"","overlay-type":"","overlay-color":"","overlay-opacity":"","overlay-gradient":""},"mobile":{"background-color":"","background-image":"","background-repeat":"repeat","background-position":"center center","background-size":"auto","background-attachment":"scroll","background-type":"","background-media":"","overlay-type":"","overlay-color":"","overlay-opacity":"","overlay-gradient":""}},"ast-content-background-meta":{"desktop":{"background-color":"var(--ast-global-color-5)","background-image":"","background-repeat":"repeat","background-position":"center center","background-size":"auto","background-attachment":"scroll","background-type":"","background-media":"","overlay-type":"","overlay-color":"","overlay-opacity":"","overlay-gradient":""},"tablet":{"background-color":"var(--ast-global-color-5)","background-image":"","background-repeat":"repeat","background-position":"center center","background-size":"auto","background-attachment":"scroll","background-type":"","background-media":"","overlay-type":"","overlay-color":"","overlay-opacity":"","overlay-gradient":""},"mobile":{"background-color":"var(--ast-global-color-5)","background-image":"","background-repeat":"repeat","background-position":"center center","background-size":"auto","background-attachment":"scroll","background-type":"","background-media":"","overlay-type":"","overlay-color":"","overlay-opacity":"","overlay-gradient":""}},"footnotes":""},"class_list":["post-6682","page","type-page","status-publish","hentry"],"_links":{"self":[{"href":"https:\/\/base.hu\/de\/wp-json\/wp\/v2\/pages\/6682","targetHints":{"allow":["GET"]}}],"collection":[{"href":"https:\/\/base.hu\/de\/wp-json\/wp\/v2\/pages"}],"about":[{"href":"https:\/\/base.hu\/de\/wp-json\/wp\/v2\/types\/page"}],"author":[{"embeddable":true,"href":"https:\/\/base.hu\/de\/wp-json\/wp\/v2\/users\/1"}],"replies":[{"embeddable":true,"href":"https:\/\/base.hu\/de\/wp-json\/wp\/v2\/comments?post=6682"}],"version-history":[{"count":7,"href":"https:\/\/base.hu\/de\/wp-json\/wp\/v2\/pages\/6682\/revisions"}],"predecessor-version":[{"id":7173,"href":"https:\/\/base.hu\/de\/wp-json\/wp\/v2\/pages\/6682\/revisions\/7173"}],"wp:attachment":[{"href":"https:\/\/base.hu\/de\/wp-json\/wp\/v2\/media?parent=6682"}],"curies":[{"name":"wp","href":"https:\/\/api.w.org\/{rel}","templated":true}]}}