{"id":5034,"date":"2025-03-14T05:57:35","date_gmt":"2025-03-14T05:57:35","guid":{"rendered":"https:\/\/base.hu\/?page_id=5034"},"modified":"2025-09-01T05:35:54","modified_gmt":"2025-09-01T05:35:54","slug":"gyartocsarnok-iroda-pecs-nt4","status":"publish","type":"page","link":"https:\/\/base.hu\/de\/gyartocsarnok-iroda-pecs-nt4\/","title":{"rendered":"Gy\u00e1rt\u00f3csarnok, iroda, P\u00e9cs"},"content":{"rendered":"<div data-elementor-type=\"wp-post\" data-elementor-id=\"5034\" class=\"elementor elementor-5034\" data-elementor-post-type=\"page\">\n\t\t\t\t<div class=\"elementor-element elementor-element-0055f32 e-con-full e-flex e-con e-parent\" data-id=\"0055f32\" data-element_type=\"container\" data-settings=\"{&quot;background_background&quot;:&quot;classic&quot;}\">\n\t\t<div class=\"elementor-element elementor-element-570b5e6 e-con-full e-flex e-con e-child\" data-id=\"570b5e6\" data-element_type=\"container\" data-settings=\"{&quot;background_background&quot;:&quot;classic&quot;}\">\n\t\t\t\t<\/div>\n\t\t\t\t<\/div>\n\t\t<div class=\"elementor-element elementor-element-87428c7 e-flex e-con-boxed e-con e-parent\" data-id=\"87428c7\" data-element_type=\"container\">\n\t\t\t\t\t<div class=\"e-con-inner\">\n\t\t\t\t<div class=\"elementor-element elementor-element-dcae276 elementor-widget elementor-widget-heading\" data-id=\"dcae276\" data-element_type=\"widget\" data-widget_type=\"heading.default\">\n\t\t\t\t<div class=\"elementor-widget-container\">\n\t\t\t\t\t<h2 class=\"elementor-heading-title elementor-size-default\">2023-147 NT4 (AE)<\/h2>\t\t\t\t<\/div>\n\t\t\t\t<\/div>\n\t\t\t\t<div class=\"elementor-element elementor-element-c0c32d2 elementor-widget elementor-widget-text-editor\" data-id=\"c0c32d2\" data-element_type=\"widget\" data-widget_type=\"text-editor.default\">\n\t\t\t\t<div class=\"elementor-widget-container\">\n\t\t\t\t\t\t\t\t\t<p><b>Bruttogeschossfl\u00e4che: <\/b><span style=\"font-weight: 400;\">3.500 m2<\/span><\/p><p><b>Standort:<\/b><span style=\"font-weight: 400;\"> P\u00e9cs<\/span><\/p><p><b>Jahr des Entwurfs:<\/b><span style=\"font-weight: 400;\"> 2023<\/span><\/p><p><b>Architekt:<\/b><span style=\"font-weight: 400;\"> Levente Koll\u00e1r, Eszter Antal<\/span><\/p><p><b>Dienstleistungen:<\/b><span style=\"font-weight: 400;\"> Architektonischer Entwurf, Generalplanung, Tragwerksplanung, Hochbau<\/span><\/p><p><b>Funktion:<\/b><span style=\"font-weight: 400;\"> Produktionsst\u00e4tte, B\u00fcrogeb\u00e4ude<\/span><\/p>\t\t\t\t\t\t\t\t<\/div>\n\t\t\t\t<\/div>\n\t\t\t\t\t<\/div>\n\t\t\t\t<\/div>\n\t\t<div class=\"elementor-element elementor-element-ae9e724 e-flex e-con-boxed e-con e-parent\" data-id=\"ae9e724\" data-element_type=\"container\">\n\t\t\t\t\t<div class=\"e-con-inner\">\n\t\t\t\t<div class=\"elementor-element elementor-element-cf6c42a elementor-widget elementor-widget-text-editor\" data-id=\"cf6c42a\" data-element_type=\"widget\" data-widget_type=\"text-editor.default\">\n\t\t\t\t<div class=\"elementor-widget-container\">\n\t\t\t\t\t\t\t\t\t<p><strong>Beschreibung:<\/strong><\/p><p><span style=\"font-weight: 400;\">Anfang 2024 wurden wir von einer Firma, die Wasserz\u00e4hler und verschiedene Messger\u00e4te herstellt, beauftragt, die Genehmigungs- und Baupl\u00e4ne f\u00fcr die Produktionshalle und das B\u00fcrogeb\u00e4ude zu erstellen.<\/span><\/p><p><span style=\"font-weight: 400;\">Die genaue Aufgabe bestand darin, einen zuvor erstellten Konzeptplan weiter auszuarbeiten und die architektonischen und strukturellen Pl\u00e4ne im Zusammenhang mit der Genehmigungs- und Entwurfsphase zu erstellen.<\/span><\/p><p>\u00a0<\/p><p><span style=\"font-weight: 400;\">Die Masse des Geb\u00e4udes besteht aus zwei Teilen. In der Produktionshalle werden die Arbeitsabl\u00e4ufe von der Annahme der Rohstoffe bis zur Lagerung der fertigen Waren durchgef\u00fchrt. In der Produktionshalle befinden sich R\u00e4ume f\u00fcr die verschiedenen Arbeitsabl\u00e4ufe, ein Maschinenraum und ein B\u00fcro. Das B\u00fcrogeb\u00e4ude auf der Nordseite ist mit dieser Masse verbunden.<\/span><\/p><p>\u00a0<\/p><p><b>Architektonische und strukturelle Planung in enger Zusammenarbeit<\/b><\/p><p><span style=\"font-weight: 400;\">Die beiden unterschiedlichen Funktionen erforderten zwei verschiedene Konstruktionen. Bei der vorgeschlagenen Halle handelt es sich um eine zweischiffige Stahlbetonfertigteilkonstruktion mit einer mit Sandwichelementen verkleideten Fassade, einem Flachdach und einer internen Regenwasserableitung.\u00a0<\/span><\/p><p><span style=\"font-weight: 400;\">Das B\u00fcrogeb\u00e4ude besteht aus einem dreigeschossigen, flachgedeckten, monolithischen Stahlbeton-S\u00e4ulen-Tragwerk mit Rahmenausfachungen.\u00a0<\/span><\/p><p><span style=\"font-weight: 400;\">Die Arbeit in einem gemeinsamen B\u00fcro mit den Statikern hat die Zusammenarbeit w\u00e4hrend des Entwurfsprozesses erleichtert. Obwohl wir mit unterschiedlicher Software arbeiten, konnten wir das Strukturmodell aus der Entwurfsphase problemlos in die Pl\u00e4ne des Architekten integrieren, wodurch wir \u00c4nderungen schnell verfolgen konnten.<\/span><\/p><p><br style=\"font-weight: 400;\" \/><br style=\"font-weight: 400;\" \/><br \/><\/p>\t\t\t\t\t\t\t\t<\/div>\n\t\t\t\t<\/div>\n\t\t\t\t\t<\/div>\n\t\t\t\t<\/div>\n\t\t<div class=\"elementor-element elementor-element-e591e17 e-flex e-con-boxed e-con e-parent\" data-id=\"e591e17\" data-element_type=\"container\">\n\t\t\t\t\t<div class=\"e-con-inner\">\n\t\t\t\t<div class=\"elementor-element elementor-element-7778399 elementor-arrows-position-inside elementor-pagination-position-outside elementor-widget elementor-widget-image-carousel\" data-id=\"7778399\" data-element_type=\"widget\" data-settings=\"{&quot;slides_to_show&quot;:&quot;1&quot;,&quot;navigation&quot;:&quot;both&quot;,&quot;autoplay&quot;:&quot;yes&quot;,&quot;pause_on_hover&quot;:&quot;yes&quot;,&quot;pause_on_interaction&quot;:&quot;yes&quot;,&quot;autoplay_speed&quot;:5000,&quot;infinite&quot;:&quot;yes&quot;,&quot;effect&quot;:&quot;slide&quot;,&quot;speed&quot;:500}\" data-widget_type=\"image-carousel.default\">\n\t\t\t\t<div class=\"elementor-widget-container\">\n\t\t\t\t\t\t\t<div class=\"elementor-image-carousel-wrapper swiper\" role=\"region\" aria-roledescription=\"carousel\" aria-label=\"Bild-Karussell\" dir=\"ltr\">\n\t\t\t<div class=\"elementor-image-carousel swiper-wrapper\" aria-live=\"off\">\n\t\t\t\t\t\t\t\t<div class=\"swiper-slide\" role=\"group\" aria-roledescription=\"slide\" aria-label=\"1 of 6\" data-no-translation-aria-label=\"\"><figure class=\"swiper-slide-inner\"><img decoding=\"async\" class=\"swiper-slide-image\" src=\"https:\/\/base.hu\/wp-content\/uploads\/2025\/06\/Image17-scaled.jpg\" alt=\"Image17\" \/><\/figure><\/div><div class=\"swiper-slide\" role=\"group\" aria-roledescription=\"slide\" aria-label=\"2 of 6\" data-no-translation-aria-label=\"\"><figure class=\"swiper-slide-inner\"><img decoding=\"async\" class=\"swiper-slide-image\" src=\"https:\/\/base.hu\/wp-content\/uploads\/2025\/06\/Image18-scaled.jpg\" alt=\"Image18\" \/><\/figure><\/div><div class=\"swiper-slide\" role=\"group\" aria-roledescription=\"slide\" aria-label=\"3 of 6\" data-no-translation-aria-label=\"\"><figure class=\"swiper-slide-inner\"><img decoding=\"async\" class=\"swiper-slide-image\" src=\"https:\/\/base.hu\/wp-content\/uploads\/2025\/06\/Image19-scaled.jpg\" alt=\"Image19\" \/><\/figure><\/div><div class=\"swiper-slide\" role=\"group\" aria-roledescription=\"slide\" aria-label=\"4 of 6\" data-no-translation-aria-label=\"\"><figure class=\"swiper-slide-inner\"><img decoding=\"async\" class=\"swiper-slide-image\" src=\"https:\/\/base.hu\/wp-content\/uploads\/2025\/06\/Image20-scaled.jpg\" alt=\"Image20\" \/><\/figure><\/div><div class=\"swiper-slide\" role=\"group\" aria-roledescription=\"slide\" aria-label=\"5 of 6\" data-no-translation-aria-label=\"\"><figure class=\"swiper-slide-inner\"><img decoding=\"async\" class=\"swiper-slide-image\" src=\"https:\/\/base.hu\/wp-content\/uploads\/2025\/06\/Image22-scaled.jpg\" alt=\"Image22\" \/><\/figure><\/div><div class=\"swiper-slide\" role=\"group\" aria-roledescription=\"slide\" aria-label=\"6 of 6\" data-no-translation-aria-label=\"\"><figure class=\"swiper-slide-inner\"><img decoding=\"async\" class=\"swiper-slide-image\" src=\"https:\/\/base.hu\/wp-content\/uploads\/2025\/06\/Image23-scaled.jpg\" alt=\"Image23\" \/><\/figure><\/div>\t\t\t<\/div>\n\t\t\t\t\t\t\t\t\t\t\t\t<div class=\"elementor-swiper-button elementor-swiper-button-prev\" role=\"button\" tabindex=\"0\">\n\t\t\t\t\t\t<svg aria-hidden=\"true\" class=\"e-font-icon-svg e-eicon-chevron-left\" viewbox=\"0 0 1000 1000\" xmlns=\"http:\/\/www.w3.org\/2000\/svg\"><path d=\"M646 125C629 125 613 133 604 142L308 442C296 454 292 471 292 487 292 504 296 521 308 533L604 854C617 867 629 875 646 875 663 875 679 871 692 858 704 846 713 829 713 812 713 796 708 779 692 767L438 487 692 225C700 217 708 204 708 187 708 171 704 154 692 142 675 129 663 125 646 125Z\"><\/path><\/svg>\t\t\t\t\t<\/div>\n\t\t\t\t\t<div class=\"elementor-swiper-button elementor-swiper-button-next\" role=\"button\" tabindex=\"0\">\n\t\t\t\t\t\t<svg aria-hidden=\"true\" class=\"e-font-icon-svg e-eicon-chevron-right\" viewbox=\"0 0 1000 1000\" xmlns=\"http:\/\/www.w3.org\/2000\/svg\"><path d=\"M696 533C708 521 713 504 713 487 713 471 708 454 696 446L400 146C388 133 375 125 354 125 338 125 325 129 313 142 300 154 292 171 292 187 292 204 296 221 308 233L563 492 304 771C292 783 288 800 288 817 288 833 296 850 308 863 321 871 338 875 354 875 371 875 388 867 400 854L696 533Z\"><\/path><\/svg>\t\t\t\t\t<\/div>\n\t\t\t\t\n\t\t\t\t\t\t\t\t\t<div class=\"swiper-pagination\"><\/div>\n\t\t\t\t\t\t\t\t\t<\/div>\n\t\t\t\t\t\t<\/div>\n\t\t\t\t<\/div>\n\t\t\t\t\t<\/div>\n\t\t\t\t<\/div>\n\t\t\t\t<\/div>","protected":false},"excerpt":{"rendered":"<p>2023-147 NT4 (AE) Brutt\u00f3 szintter\u00fclet: 3.500 m2 Helysz\u00edn: P\u00e9cs Tervez\u00e9s \u00e9ve: 2023 \u00c9p\u00edt\u00e9sz: Koll\u00e1r Levente, Antal Eszter Szolg\u00e1ltat\u00e1sok: Gener\u00e1ltervez\u00e9s, \u00c9p\u00edt\u00e9sz [&hellip;]<\/p>","protected":false},"author":1,"featured_media":0,"parent":0,"menu_order":0,"comment_status":"closed","ping_status":"closed","template":"","meta":{"site-sidebar-layout":"no-sidebar","site-content-layout":"page-builder","ast-site-content-layout":"","site-content-style":"default","site-sidebar-style":"default","ast-global-header-display":"","ast-banner-title-visibility":"","ast-main-header-display":"","ast-hfb-above-header-display":"","ast-hfb-below-header-display":"","ast-hfb-mobile-header-display":"","site-post-title":"disabled","ast-breadcrumbs-content":"","ast-featured-img":"disabled","footer-sml-layout":"","theme-transparent-header-meta":"enabled","adv-header-id-meta":"","stick-header-meta":"","header-above-stick-meta":"","header-main-stick-meta":"","header-below-stick-meta":"","astra-migrate-meta-layouts":"default","ast-page-background-enabled":"default","ast-page-background-meta":{"desktop":{"background-color":"","background-image":"","background-repeat":"repeat","background-position":"center center","background-size":"auto","background-attachment":"scroll","background-type":"","background-media":"","overlay-type":"","overlay-color":"","overlay-opacity":"","overlay-gradient":""},"tablet":{"background-color":"","background-image":"","background-repeat":"repeat","background-position":"center center","background-size":"auto","background-attachment":"scroll","background-type":"","background-media":"","overlay-type":"","overlay-color":"","overlay-opacity":"","overlay-gradient":""},"mobile":{"background-color":"","background-image":"","background-repeat":"repeat","background-position":"center center","background-size":"auto","background-attachment":"scroll","background-type":"","background-media":"","overlay-type":"","overlay-color":"","overlay-opacity":"","overlay-gradient":""}},"ast-content-background-meta":{"desktop":{"background-color":"var(--ast-global-color-5)","background-image":"","background-repeat":"repeat","background-position":"center center","background-size":"auto","background-attachment":"scroll","background-type":"","background-media":"","overlay-type":"","overlay-color":"","overlay-opacity":"","overlay-gradient":""},"tablet":{"background-color":"var(--ast-global-color-5)","background-image":"","background-repeat":"repeat","background-position":"center center","background-size":"auto","background-attachment":"scroll","background-type":"","background-media":"","overlay-type":"","overlay-color":"","overlay-opacity":"","overlay-gradient":""},"mobile":{"background-color":"var(--ast-global-color-5)","background-image":"","background-repeat":"repeat","background-position":"center center","background-size":"auto","background-attachment":"scroll","background-type":"","background-media":"","overlay-type":"","overlay-color":"","overlay-opacity":"","overlay-gradient":""}},"footnotes":""},"class_list":["post-5034","page","type-page","status-publish","hentry"],"_links":{"self":[{"href":"https:\/\/base.hu\/de\/wp-json\/wp\/v2\/pages\/5034","targetHints":{"allow":["GET"]}}],"collection":[{"href":"https:\/\/base.hu\/de\/wp-json\/wp\/v2\/pages"}],"about":[{"href":"https:\/\/base.hu\/de\/wp-json\/wp\/v2\/types\/page"}],"author":[{"embeddable":true,"href":"https:\/\/base.hu\/de\/wp-json\/wp\/v2\/users\/1"}],"replies":[{"embeddable":true,"href":"https:\/\/base.hu\/de\/wp-json\/wp\/v2\/comments?post=5034"}],"version-history":[{"count":13,"href":"https:\/\/base.hu\/de\/wp-json\/wp\/v2\/pages\/5034\/revisions"}],"predecessor-version":[{"id":7185,"href":"https:\/\/base.hu\/de\/wp-json\/wp\/v2\/pages\/5034\/revisions\/7185"}],"wp:attachment":[{"href":"https:\/\/base.hu\/de\/wp-json\/wp\/v2\/media?parent=5034"}],"curies":[{"name":"wp","href":"https:\/\/api.w.org\/{rel}","templated":true}]}}