{"id":5032,"date":"2025-03-14T06:11:20","date_gmt":"2025-03-14T06:11:20","guid":{"rendered":"https:\/\/base.hu\/?page_id=5032"},"modified":"2025-09-01T05:22:39","modified_gmt":"2025-09-01T05:22:39","slug":"gyartocsarnok-munkasszallas-maglod-samwon","status":"publish","type":"page","link":"https:\/\/base.hu\/de\/gyartocsarnok-munkasszallas-maglod-samwon\/","title":{"rendered":"Gy\u00e1rt\u00f3csarnok, munk\u00e1ssz\u00e1ll\u00e1s, Magl\u00f3d"},"content":{"rendered":"<div data-elementor-type=\"wp-post\" data-elementor-id=\"5032\" class=\"elementor elementor-5032\" data-elementor-post-type=\"page\">\n\t\t\t\t<div class=\"elementor-element elementor-element-0055f32 e-con-full e-flex e-con e-parent\" data-id=\"0055f32\" data-element_type=\"container\" data-settings=\"{&quot;background_background&quot;:&quot;classic&quot;}\">\n\t\t<div class=\"elementor-element elementor-element-570b5e6 e-con-full e-flex e-con e-child\" data-id=\"570b5e6\" data-element_type=\"container\" data-settings=\"{&quot;background_background&quot;:&quot;classic&quot;}\">\n\t\t\t\t<\/div>\n\t\t\t\t<\/div>\n\t\t<div class=\"elementor-element elementor-element-87428c7 e-flex e-con-boxed e-con e-parent\" data-id=\"87428c7\" data-element_type=\"container\">\n\t\t\t\t\t<div class=\"e-con-inner\">\n\t\t\t\t<div class=\"elementor-element elementor-element-dcae276 elementor-widget elementor-widget-heading\" data-id=\"dcae276\" data-element_type=\"widget\" data-widget_type=\"heading.default\">\n\t\t\t\t<div class=\"elementor-widget-container\">\n\t\t\t\t\t<h2 class=\"elementor-heading-title elementor-size-default\">SAMWON\nPRODUKTIONSHALLE, B\u00dcROGEB\u00c4UDE, ARBEITERWOHNUNGEN\n<\/h2>\t\t\t\t<\/div>\n\t\t\t\t<\/div>\n\t\t\t\t<div class=\"elementor-element elementor-element-c0c32d2 elementor-widget elementor-widget-text-editor\" data-id=\"c0c32d2\" data-element_type=\"widget\" data-widget_type=\"text-editor.default\">\n\t\t\t\t<div class=\"elementor-widget-container\">\n\t\t\t\t\t\t\t\t\t<p><b>Bruttogeschossfl\u00e4che: <\/b><span style=\"font-weight: 400;\">16.000 m2<\/span><\/p><p><b>Standort:<\/b><span style=\"font-weight: 400;\"> Magl\u00f3d<\/span><\/p><p><b>Jahr des Entwurfs:<\/b><span style=\"font-weight: 400;\"> 2023<\/span><\/p><p><b>Architekt:<\/b><span style=\"font-weight: 400;\"> Levente Koll\u00e1r<\/span><\/p><p><b>Dienstleistungen:<\/b><span style=\"font-weight: 400;\"> Architektonischer Entwurf, Generalplanung, Tragwerksplanung, Hochbau<\/span><\/p><p><b>Funktion:<\/b><span style=\"font-weight: 400;\"> Produktionsst\u00e4tte, Unterk\u00fcnfte f\u00fcr Arbeiter<\/span><\/p>\t\t\t\t\t\t\t\t<\/div>\n\t\t\t\t<\/div>\n\t\t\t\t\t<\/div>\n\t\t\t\t<\/div>\n\t\t<div class=\"elementor-element elementor-element-ae9e724 e-flex e-con-boxed e-con e-parent\" data-id=\"ae9e724\" data-element_type=\"container\">\n\t\t\t\t\t<div class=\"e-con-inner\">\n\t\t\t\t<div class=\"elementor-element elementor-element-cf6c42a elementor-widget elementor-widget-text-editor\" data-id=\"cf6c42a\" data-element_type=\"widget\" data-widget_type=\"text-editor.default\">\n\t\t\t\t<div class=\"elementor-widget-container\">\n\t\t\t\t\t\t\t\t\t<p><strong>Beschreibung:<\/strong><\/p><p><span style=\"font-weight: 400;\">Unser s\u00fcdkoreanischer Partner wollte seine europ\u00e4ischen Aktivit\u00e4ten in Ungarn ausbauen. Wir waren von der ersten Phase an in das Projekt involviert, einschlie\u00dflich der Erstellung des Planungsprogramms und der Standortwahl. Um das Projekt erfolgreich zu planen, reisten wir nach S\u00fcdkorea, um die Prozesse und Konzepte der Produktionsst\u00e4tte unseres Partners im Detail kennenzulernen. Die Planungsaufgabe bestand darin, f\u00fcr den Kunden ein komplexes Gel\u00e4nde mit einer bebauten Fl\u00e4che von 16.000 m2 mit Produktionsanlagen, Lagerhallen, B\u00fcrogeb\u00e4uden und Unterk\u00fcnften f\u00fcr die Arbeiter mit der dazugeh\u00f6rigen Infrastruktur zu planen. Der Entwurf wurde als Generalplaner ausgef\u00fchrt. Der Entwurf erforderte ein komplexes Gesamtkonzept. Die Planungsunterlagen wurden in ungarischer und englischer Sprache erstellt. Die Herausforderung bestand darin, unseren ausl\u00e4ndischen Partner mit der Gesetzgebung, den Bautechnologien und den Baumaterialien in Ungarn vertraut zu machen. W\u00e4hrend der Entwurfsarbeit sammelten wir Verhandlungserfahrungen \u00fcber die Regeln, die f\u00fcr eine erfolgreiche Zusammenarbeit mit fern\u00f6stlichen Partnern befolgt werden m\u00fcssen. Wir sind zuversichtlich, dass wir uns in Zukunft den gesch\u00e4ftlichen Herausforderungen im Fernen Osten stellen k\u00f6nnen.<\/span><\/p>\t\t\t\t\t\t\t\t<\/div>\n\t\t\t\t<\/div>\n\t\t\t\t\t<\/div>\n\t\t\t\t<\/div>\n\t\t<div class=\"elementor-element elementor-element-f64e833 e-flex e-con-boxed e-con e-parent\" data-id=\"f64e833\" data-element_type=\"container\">\n\t\t\t\t\t<div class=\"e-con-inner\">\n\t\t\t\t<div class=\"elementor-element elementor-element-6fe0f3c elementor-arrows-position-inside elementor-pagination-position-outside elementor-widget elementor-widget-image-carousel\" data-id=\"6fe0f3c\" data-element_type=\"widget\" data-settings=\"{&quot;slides_to_show&quot;:&quot;1&quot;,&quot;navigation&quot;:&quot;both&quot;,&quot;autoplay&quot;:&quot;yes&quot;,&quot;pause_on_hover&quot;:&quot;yes&quot;,&quot;pause_on_interaction&quot;:&quot;yes&quot;,&quot;autoplay_speed&quot;:5000,&quot;infinite&quot;:&quot;yes&quot;,&quot;effect&quot;:&quot;slide&quot;,&quot;speed&quot;:500}\" data-widget_type=\"image-carousel.default\">\n\t\t\t\t<div class=\"elementor-widget-container\">\n\t\t\t\t\t\t\t<div class=\"elementor-image-carousel-wrapper swiper\" role=\"region\" aria-roledescription=\"carousel\" aria-label=\"Bild-Karussell\" dir=\"ltr\">\n\t\t\t<div class=\"elementor-image-carousel swiper-wrapper\" aria-live=\"off\">\n\t\t\t\t\t\t\t\t<div class=\"swiper-slide\" role=\"group\" aria-roledescription=\"slide\" aria-label=\"1 of 6\" data-no-translation-aria-label=\"\"><figure class=\"swiper-slide-inner\"><img decoding=\"async\" class=\"swiper-slide-image\" src=\"https:\/\/base.hu\/wp-content\/uploads\/2025\/06\/2023-125-Lakogep_Maglod_0110-Kep2.jpg\" alt=\"2023-125 Lak\u00f3g\u00e9p_Magl\u00f3d_0110 - K\u00e9p2\" \/><\/figure><\/div><div class=\"swiper-slide\" role=\"group\" aria-roledescription=\"slide\" aria-label=\"2 of 6\" data-no-translation-aria-label=\"\"><figure class=\"swiper-slide-inner\"><img decoding=\"async\" class=\"swiper-slide-image\" src=\"https:\/\/base.hu\/wp-content\/uploads\/2025\/06\/Image1-1-scaled.jpg\" alt=\"Image1\" \/><\/figure><\/div><div class=\"swiper-slide\" role=\"group\" aria-roledescription=\"slide\" aria-label=\"3 of 6\" data-no-translation-aria-label=\"\"><figure class=\"swiper-slide-inner\"><img decoding=\"async\" class=\"swiper-slide-image\" src=\"https:\/\/base.hu\/wp-content\/uploads\/2025\/06\/Image14-scaled.jpg\" alt=\"Image14\" \/><\/figure><\/div><div class=\"swiper-slide\" role=\"group\" aria-roledescription=\"slide\" aria-label=\"4 of 6\" data-no-translation-aria-label=\"\"><figure class=\"swiper-slide-inner\"><img decoding=\"async\" class=\"swiper-slide-image\" src=\"https:\/\/base.hu\/wp-content\/uploads\/2025\/06\/Image15-scaled.jpg\" alt=\"Image15\" \/><\/figure><\/div><div class=\"swiper-slide\" role=\"group\" aria-roledescription=\"slide\" aria-label=\"5 of 6\" data-no-translation-aria-label=\"\"><figure class=\"swiper-slide-inner\"><img decoding=\"async\" class=\"swiper-slide-image\" src=\"https:\/\/base.hu\/wp-content\/uploads\/2025\/06\/Image16-scaled.jpg\" alt=\"Image16\" \/><\/figure><\/div><div class=\"swiper-slide\" role=\"group\" aria-roledescription=\"slide\" aria-label=\"6 of 6\" data-no-translation-aria-label=\"\"><figure class=\"swiper-slide-inner\"><img decoding=\"async\" class=\"swiper-slide-image\" src=\"https:\/\/base.hu\/wp-content\/uploads\/2025\/06\/Image19-2-scaled.jpg\" alt=\"Image19-2\" \/><\/figure><\/div>\t\t\t<\/div>\n\t\t\t\t\t\t\t\t\t\t\t\t<div class=\"elementor-swiper-button elementor-swiper-button-prev\" role=\"button\" tabindex=\"0\">\n\t\t\t\t\t\t<svg aria-hidden=\"true\" class=\"e-font-icon-svg e-eicon-chevron-left\" viewbox=\"0 0 1000 1000\" xmlns=\"http:\/\/www.w3.org\/2000\/svg\"><path d=\"M646 125C629 125 613 133 604 142L308 442C296 454 292 471 292 487 292 504 296 521 308 533L604 854C617 867 629 875 646 875 663 875 679 871 692 858 704 846 713 829 713 812 713 796 708 779 692 767L438 487 692 225C700 217 708 204 708 187 708 171 704 154 692 142 675 129 663 125 646 125Z\"><\/path><\/svg>\t\t\t\t\t<\/div>\n\t\t\t\t\t<div class=\"elementor-swiper-button elementor-swiper-button-next\" role=\"button\" tabindex=\"0\">\n\t\t\t\t\t\t<svg aria-hidden=\"true\" class=\"e-font-icon-svg e-eicon-chevron-right\" viewbox=\"0 0 1000 1000\" xmlns=\"http:\/\/www.w3.org\/2000\/svg\"><path d=\"M696 533C708 521 713 504 713 487 713 471 708 454 696 446L400 146C388 133 375 125 354 125 338 125 325 129 313 142 300 154 292 171 292 187 292 204 296 221 308 233L563 492 304 771C292 783 288 800 288 817 288 833 296 850 308 863 321 871 338 875 354 875 371 875 388 867 400 854L696 533Z\"><\/path><\/svg>\t\t\t\t\t<\/div>\n\t\t\t\t\n\t\t\t\t\t\t\t\t\t<div class=\"swiper-pagination\"><\/div>\n\t\t\t\t\t\t\t\t\t<\/div>\n\t\t\t\t\t\t<\/div>\n\t\t\t\t<\/div>\n\t\t\t\t\t<\/div>\n\t\t\t\t<\/div>\n\t\t\t\t<\/div>","protected":false},"excerpt":{"rendered":"<p>SAMWON GY\u00c1RT\u00d3CSARNOK, IRODA\u00c9P\u00dcLET, MUNK\u00c1SSZ\u00c1LL\u00c1S Brutt\u00f3 szintter\u00fclet: 16.000 m2 Helysz\u00edn: Magl\u00f3d Tervez\u00e9s \u00e9ve: 2023 \u00c9p\u00edt\u00e9sz: Koll\u00e1r Levente Szolg\u00e1ltat\u00e1sok: Gener\u00e1ltervez\u00e9s, \u00c9p\u00edt\u00e9sz tervez\u00e9s, [&hellip;]<\/p>","protected":false},"author":1,"featured_media":0,"parent":0,"menu_order":0,"comment_status":"closed","ping_status":"closed","template":"","meta":{"site-sidebar-layout":"no-sidebar","site-content-layout":"page-builder","ast-site-content-layout":"","site-content-style":"default","site-sidebar-style":"default","ast-global-header-display":"","ast-banner-title-visibility":"","ast-main-header-display":"","ast-hfb-above-header-display":"","ast-hfb-below-header-display":"","ast-hfb-mobile-header-display":"","site-post-title":"disabled","ast-breadcrumbs-content":"","ast-featured-img":"disabled","footer-sml-layout":"","theme-transparent-header-meta":"enabled","adv-header-id-meta":"","stick-header-meta":"","header-above-stick-meta":"","header-main-stick-meta":"","header-below-stick-meta":"","astra-migrate-meta-layouts":"default","ast-page-background-enabled":"default","ast-page-background-meta":{"desktop":{"background-color":"","background-image":"","background-repeat":"repeat","background-position":"center center","background-size":"auto","background-attachment":"scroll","background-type":"","background-media":"","overlay-type":"","overlay-color":"","overlay-opacity":"","overlay-gradient":""},"tablet":{"background-color":"","background-image":"","background-repeat":"repeat","background-position":"center center","background-size":"auto","background-attachment":"scroll","background-type":"","background-media":"","overlay-type":"","overlay-color":"","overlay-opacity":"","overlay-gradient":""},"mobile":{"background-color":"","background-image":"","background-repeat":"repeat","background-position":"center center","background-size":"auto","background-attachment":"scroll","background-type":"","background-media":"","overlay-type":"","overlay-color":"","overlay-opacity":"","overlay-gradient":""}},"ast-content-background-meta":{"desktop":{"background-color":"var(--ast-global-color-5)","background-image":"","background-repeat":"repeat","background-position":"center center","background-size":"auto","background-attachment":"scroll","background-type":"","background-media":"","overlay-type":"","overlay-color":"","overlay-opacity":"","overlay-gradient":""},"tablet":{"background-color":"var(--ast-global-color-5)","background-image":"","background-repeat":"repeat","background-position":"center center","background-size":"auto","background-attachment":"scroll","background-type":"","background-media":"","overlay-type":"","overlay-color":"","overlay-opacity":"","overlay-gradient":""},"mobile":{"background-color":"var(--ast-global-color-5)","background-image":"","background-repeat":"repeat","background-position":"center center","background-size":"auto","background-attachment":"scroll","background-type":"","background-media":"","overlay-type":"","overlay-color":"","overlay-opacity":"","overlay-gradient":""}},"footnotes":""},"class_list":["post-5032","page","type-page","status-publish","hentry"],"_links":{"self":[{"href":"https:\/\/base.hu\/de\/wp-json\/wp\/v2\/pages\/5032","targetHints":{"allow":["GET"]}}],"collection":[{"href":"https:\/\/base.hu\/de\/wp-json\/wp\/v2\/pages"}],"about":[{"href":"https:\/\/base.hu\/de\/wp-json\/wp\/v2\/types\/page"}],"author":[{"embeddable":true,"href":"https:\/\/base.hu\/de\/wp-json\/wp\/v2\/users\/1"}],"replies":[{"embeddable":true,"href":"https:\/\/base.hu\/de\/wp-json\/wp\/v2\/comments?post=5032"}],"version-history":[{"count":10,"href":"https:\/\/base.hu\/de\/wp-json\/wp\/v2\/pages\/5032\/revisions"}],"predecessor-version":[{"id":7161,"href":"https:\/\/base.hu\/de\/wp-json\/wp\/v2\/pages\/5032\/revisions\/7161"}],"wp:attachment":[{"href":"https:\/\/base.hu\/de\/wp-json\/wp\/v2\/media?parent=5032"}],"curies":[{"name":"wp","href":"https:\/\/api.w.org\/{rel}","templated":true}]}}