{"id":4849,"date":"2025-03-13T19:58:27","date_gmt":"2025-03-13T19:58:27","guid":{"rendered":"https:\/\/base.hu\/?page_id=4849"},"modified":"2025-09-01T05:58:26","modified_gmt":"2025-09-01T05:58:26","slug":"palyazatok","status":"publish","type":"page","link":"https:\/\/base.hu\/de\/palyazatok\/","title":{"rendered":"Anwendungen"},"content":{"rendered":"<div data-elementor-type=\"wp-page\" data-elementor-id=\"4849\" class=\"elementor elementor-4849\" data-elementor-post-type=\"page\">\n\t\t\t\t<div class=\"elementor-element elementor-element-634cdc9 e-con-full e-flex e-con e-parent\" data-id=\"634cdc9\" data-element_type=\"container\" data-settings=\"{&quot;background_background&quot;:&quot;classic&quot;}\">\n\t\t\t\t<div class=\"elementor-element elementor-element-cc68e72 elementor-widget elementor-widget-heading\" data-id=\"cc68e72\" data-element_type=\"widget\" data-widget_type=\"heading.default\">\n\t\t\t\t<div class=\"elementor-widget-container\">\n\t\t\t\t\t<h2 class=\"elementor-heading-title elementor-size-default\">Anwendungen<\/h2>\t\t\t\t<\/div>\n\t\t\t\t<\/div>\n\t\t\t\t<\/div>\n\t\t<div class=\"elementor-element elementor-element-3bc2685 e-flex e-con-boxed e-con e-parent\" data-id=\"3bc2685\" data-element_type=\"container\">\n\t\t\t\t\t<div class=\"e-con-inner\">\n\t\t\t\t<div class=\"elementor-element elementor-element-86dfb64 elementor-widget elementor-widget-heading\" data-id=\"86dfb64\" data-element_type=\"widget\" data-widget_type=\"heading.default\">\n\t\t\t\t<div class=\"elementor-widget-container\">\n\t\t\t\t\t<h2 class=\"elementor-heading-title elementor-size-default\">Anwendungen<\/h2>\t\t\t\t<\/div>\n\t\t\t\t<\/div>\n\t\t\t\t\t<\/div>\n\t\t\t\t<\/div>\n\t\t<div class=\"elementor-element elementor-element-c8edf87 e-flex e-con-boxed e-con e-parent\" data-id=\"c8edf87\" data-element_type=\"container\">\n\t\t\t\t\t<div class=\"e-con-inner\">\n\t\t\t\t<div class=\"elementor-element elementor-element-fca2e8b elementor-widget-divider--view-line elementor-widget elementor-widget-divider\" data-id=\"fca2e8b\" data-element_type=\"widget\" data-widget_type=\"divider.default\">\n\t\t\t\t<div class=\"elementor-widget-container\">\n\t\t\t\t\t\t\t<div class=\"elementor-divider\">\n\t\t\t<span class=\"elementor-divider-separator\">\n\t\t\t\t\t\t<\/span>\n\t\t<\/div>\n\t\t\t\t\t\t<\/div>\n\t\t\t\t<\/div>\n\t\t\t\t\t<\/div>\n\t\t\t\t<\/div>\n\t\t<div class=\"elementor-element elementor-element-f02f052 e-flex e-con-boxed e-con e-parent\" data-id=\"f02f052\" data-element_type=\"container\">\n\t\t\t\t\t<div class=\"e-con-inner\">\n\t\t\t\t<div class=\"elementor-element elementor-element-2528011 elementor-widget elementor-widget-text-editor\" data-id=\"2528011\" data-element_type=\"widget\" data-widget_type=\"text-editor.default\">\n\t\t\t\t<div class=\"elementor-widget-container\">\n\t\t\t\t\t\t\t\t\t<h3><strong>\u00a0\"Besch\u00e4ftigung von Auszubildenden bei BASE-Invest Kft\"<\/strong><\/h3><p>\u00a0<\/p><p><span style=\"font-weight: 400;\">Grundlegende Projektdaten:<\/span><\/p><ul><li><span style=\"font-weight: 400;\"> Projekt-ID: GINOP-5.2.4-16-2017-01797<\/span><span style=\"font-weight: 400;\"><br \/><\/span><span style=\"font-weight: 400;\">- Beantragte Beihilfe: 6 885 500 HUF<\/span><span style=\"font-weight: 400;\"><br \/><\/span><span style=\"font-weight: 400;\">- Beihilfeintensit\u00e4t: 100%<\/span><span style=\"font-weight: 400;\"><br \/><\/span><span style=\"font-weight: 400;\">- Projektbudget: 6 885 500 HUF<\/span><span style=\"font-weight: 400;\"><br \/><\/span><span style=\"font-weight: 400;\">- Datum der Fertigstellung des Projekts: 06.05.2019.<\/span><\/li><\/ul><p><span style=\"font-weight: 400;\">Vorstellung des Projekts:<\/span><\/p><p><span style=\"font-weight: 400;\">BASE-INVEST Ltd. 100%, gegr\u00fcndet 2008, ist ein ungarisches Ingenieurdienstleistungsunternehmen, das Fachwissen in den Bereichen Tragwerksplanung und -optimierung, Hochbau und Bauwesen anbietet.<\/span><span style=\"font-weight: 400;\"><br \/><\/span><span style=\"font-weight: 400;\">Zwei Praktikanten wurden im Rahmen des Praktikantenprogramms eingestellt und besch\u00e4ftigt. Aufgrund unserer langj\u00e4hrigen Erfahrung sind unser Unternehmen und unsere Fachkr\u00e4fte gut in der Lage, ihr Fachwissen an Studenten und Auszubildende weiterzugeben, die unser Unternehmen nach dem Ende des Praktikantenprogramms langfristig besch\u00e4ftigen m\u00f6chte.<\/span><span style=\"font-weight: 400;\"><br \/><\/span><span style=\"font-weight: 400;\">Der Ansprechpartner f\u00fcr die Auszubildenden war einer unserer Fachkollegen, der seit 2016 als Bauingenieur in unserem Unternehmen t\u00e4tig ist. W\u00e4hrend des Projekts war er f\u00fcr die Unterst\u00fctzung, Dokumentation und den Kontakt mit dem Berufsbildungszentrum w\u00e4hrend der Arbeit der beiden Hauptpraktikanten verantwortlich.<\/span><span style=\"font-weight: 400;\"><br \/><\/span><span style=\"font-weight: 400;\">Um die Redaktionskapazit\u00e4ten zu erh\u00f6hen, wurden Ger\u00e4te ben\u00f6tigt, auf denen marktf\u00fchrende Software l\u00e4uft und auf denen interne Schulungen durchgef\u00fchrt werden k\u00f6nnen. Die anzuschaffenden Computer sind daher teurer als ein PC f\u00fcr den herk\u00f6mmlichen B\u00fcrogebrauch, aber sie sind f\u00fcr die t\u00e4gliche Arbeit unserer Auszubildenden unerl\u00e4sslich, die unter anderem mit technischem Zeichnen, 3D-Modellierung und Vermessungen auf verschiedenen Baustellen besch\u00e4ftigt waren. Zus\u00e4tzlich zu den beiden PC-Konfigurationen haben wir auch einen Projektor f\u00fcr die theoretische Ausbildung unserer Auszubildenden angeschafft.<\/span><span style=\"font-weight: 400;\"><br \/><\/span><span style=\"font-weight: 400;\">Dar\u00fcber hinaus haben wir auch 2 B\u00fcrost\u00fchle, 2 Schreibtische und 2 B\u00fcrocontainer angeschafft, um unseren Auszubildenden die richtigen Arbeits- und Materialbedingungen zu bieten. Durch das Projekt haben die Auszubildenden wichtige praktische Berufserfahrungen in unserem Unternehmen gesammelt, die zum Erwerb professioneller, aber selbst\u00e4ndiger Arbeitsf\u00e4higkeiten beitragen, die, wenn sie einmal im Besitz der Auszubildenden sind, ihre Berufsaussichten und Zukunftschancen erheblich verbessern werden.<\/span><\/p><p><b>Wo das Projekt stattfinden wird:<\/b><\/p><p><span style=\"font-weight: 400;\">7621 P\u00e9cs, Kir\u00e1ly utca 35, Hrsz.:17293\/3.<\/span><\/p><p><b>Das Projekt wurde von der folgenden Partnerorganisation unterst\u00fctzt:<\/b><\/p><p><span style=\"font-weight: 400;\">Finanzministerium<\/span><span style=\"font-weight: 400;\"><br \/><\/span><span style=\"font-weight: 400;\">Anschrift: 1539 Budapest, PO Box 684<\/span><span style=\"font-weight: 400;\"><br \/><\/span><span style=\"font-weight: 400;\">E-Mail: gazdasagfejlesztes@pm.gov.hu<\/span><span style=\"font-weight: 400;\"><br \/><\/span><span style=\"font-weight: 400;\">Info-Telefon: 36 1 896 0000<\/span><span style=\"font-weight: 400;\"><br \/><\/span><span style=\"font-weight: 400;\">Website: www.palyazat.gov.hu<\/span><\/p>\t\t\t\t\t\t\t\t<\/div>\n\t\t\t\t<\/div>\n\t\t\t\t\t<\/div>\n\t\t\t\t<\/div>\n\t\t<div class=\"elementor-element elementor-element-5d445e9 e-flex e-con-boxed e-con e-parent\" data-id=\"5d445e9\" data-element_type=\"container\">\n\t\t\t\t\t<div class=\"e-con-inner\">\n\t\t\t\t<div class=\"elementor-element elementor-element-516d88c elementor-widget-divider--view-line elementor-widget elementor-widget-divider\" data-id=\"516d88c\" data-element_type=\"widget\" data-widget_type=\"divider.default\">\n\t\t\t\t<div class=\"elementor-widget-container\">\n\t\t\t\t\t\t\t<div class=\"elementor-divider\">\n\t\t\t<span class=\"elementor-divider-separator\">\n\t\t\t\t\t\t<\/span>\n\t\t<\/div>\n\t\t\t\t\t\t<\/div>\n\t\t\t\t<\/div>\n\t\t\t\t\t<\/div>\n\t\t\t\t<\/div>\n\t\t<div class=\"elementor-element elementor-element-044b10a e-flex e-con-boxed e-con e-parent\" data-id=\"044b10a\" data-element_type=\"container\">\n\t\t\t\t\t<div class=\"e-con-inner\">\n\t\t\t\t<div class=\"elementor-element elementor-element-3ecb684 elementor-widget elementor-widget-text-editor\" data-id=\"3ecb684\" data-element_type=\"widget\" data-widget_type=\"text-editor.default\">\n\t\t\t\t<div class=\"elementor-widget-container\">\n\t\t\t\t\t\t\t\t\t<h3><b>\"ICT-Entwicklung bei BASE-Invest Kft\"<\/b><\/h3><p>\u00a0<\/p><p><span style=\"font-weight: 400;\">Grundlegende Projektdaten:<\/span><\/p><ul><li><span style=\"font-weight: 400;\"> Projekt-ID: GINOP-3.2.2-8-2-4-16-2018-01408<\/span><span style=\"font-weight: 400;\"><br \/><\/span><span style=\"font-weight: 400;\">- Beantragte Beihilfe: 5 956 744 HUF<\/span><span style=\"font-weight: 400;\"><br \/><\/span><span style=\"font-weight: 400;\">- Beihilfeintensit\u00e4t: 40%<\/span><span style=\"font-weight: 400;\"><br \/><\/span><span style=\"font-weight: 400;\">-Fertigstellungstermin des Projekts: 31.03.2021.<\/span><\/li><\/ul><p><span style=\"font-weight: 400;\">Vorstellung des Projekts:<\/span><\/p><p><span style=\"font-weight: 400;\">BASE-INVEST Ltd. 100%, gegr\u00fcndet 2008, ist ein ungarisches Ingenieurdienstleistungsunternehmen, das Fachwissen in den Bereichen Tragwerksplanung und -optimierung, Hochbau und Bauwesen anbietet.<\/span><span style=\"font-weight: 400;\"><br \/><\/span><span style=\"font-weight: 400;\">Da das Unternehmen immer gr\u00f6\u00dfer wurde, war es notwendig, ein ERP-System einzuf\u00fchren, um die Projekte zu verfolgen, und einen Cloud-basierten Dienst, der von neuer Hardware unterst\u00fctzt wird.<\/span><\/p><p><b>Wo das Projekt stattfinden wird:<\/b><\/p><p><span style=\"font-weight: 400;\">7621 P\u00e9cs, Kir\u00e1ly utca 35, Hrsz.:17293\/3.<\/span><\/p><p><b>Das Projekt wurde von der folgenden Partnerorganisation unterst\u00fctzt:<\/b><\/p><p><span style=\"font-weight: 400;\">Finanzministerium<\/span><span style=\"font-weight: 400;\"><br \/><\/span><span style=\"font-weight: 400;\">Anschrift: 1539 Budapest, PO Box 684<\/span><span style=\"font-weight: 400;\"><br \/><\/span><span style=\"font-weight: 400;\">E-Mail: gazdasagfejlesztes@pm.gov.hu<\/span><span style=\"font-weight: 400;\"><br \/><\/span><span style=\"font-weight: 400;\">Info-Telefon: 36 1 896 0000<\/span><span style=\"font-weight: 400;\"><br \/><\/span><span style=\"font-weight: 400;\">Website: www.palyazat.gov.hu<\/span><\/p>\t\t\t\t\t\t\t\t<\/div>\n\t\t\t\t<\/div>\n\t\t\t\t\t<\/div>\n\t\t\t\t<\/div>\n\t\t<div class=\"elementor-element elementor-element-3e5ea79 e-flex e-con-boxed e-con e-parent\" data-id=\"3e5ea79\" data-element_type=\"container\">\n\t\t\t\t\t<div class=\"e-con-inner\">\n\t\t\t\t<div class=\"elementor-element elementor-element-28d76a7 elementor-widget-divider--view-line elementor-widget elementor-widget-divider\" data-id=\"28d76a7\" data-element_type=\"widget\" data-widget_type=\"divider.default\">\n\t\t\t\t<div class=\"elementor-widget-container\">\n\t\t\t\t\t\t\t<div class=\"elementor-divider\">\n\t\t\t<span class=\"elementor-divider-separator\">\n\t\t\t\t\t\t<\/span>\n\t\t<\/div>\n\t\t\t\t\t\t<\/div>\n\t\t\t\t<\/div>\n\t\t\t\t\t<\/div>\n\t\t\t\t<\/div>\n\t\t<div class=\"elementor-element elementor-element-5c93403 e-flex e-con-boxed e-con e-parent\" data-id=\"5c93403\" data-element_type=\"container\">\n\t\t\t\t\t<div class=\"e-con-inner\">\n\t\t\t\t<div class=\"elementor-element elementor-element-962a9bb elementor-widget elementor-widget-text-editor\" data-id=\"962a9bb\" data-element_type=\"widget\" data-widget_type=\"text-editor.default\">\n\t\t\t\t<div class=\"elementor-widget-container\">\n\t\t\t\t\t\t\t\t\t<h3 style=\"text-align: left;\"><b>\"Entwicklung der Base-Invest Ltd. zur Anpassung an moderne Gesch\u00e4fts- und Produktionsanforderungen\"<\/b><\/h3><p style=\"text-align: left;\"><span style=\"font-weight: 400;\">Mit Hilfe der Unterst\u00fctzung der Europ\u00e4ischen Union im Rahmen des Operationellen Programms f\u00fcr wirtschaftliche Entwicklung und Innovation hat die Base Invest GmbH im Rahmen des Projekts \"Entwicklung der Base Invest GmbH zur Anpassung an moderne Gesch\u00e4fts- und Produktionsherausforderungen\" eine Immobilieninvestition und den Erwerb von Ausr\u00fcstungen durchgef\u00fchrt. Die H\u00f6he des Zuschusses bel\u00e4uft sich auf 10,34 Millionen Forint, die mit EU- und nationalen Mitteln umgesetzt wurden.<\/span><\/p><p style=\"text-align: left;\"><b>Projektkennziffer:<\/b><span style=\"font-weight: 400;\">\u00a0GINOP-1.2.8-2020-00455<\/span><span style=\"font-weight: 400;\"><br \/><\/span><b>Titel des Projekts:<\/b><span style=\"font-weight: 400;\">\u00a0\"Entwicklung von Base Invest Ltd. zur Anpassung an moderne Gesch\u00e4fts- und Produktionsanforderungen\".<\/span><span style=\"font-weight: 400;\"><br \/><\/span><span style=\"font-weight: 400;\">Datum des Projektbeginns: 15.05.2020.<\/span><span style=\"font-weight: 400;\"><br \/><\/span><span style=\"font-weight: 400;\">Termin f\u00fcr den physischen Abschluss des Projekts: 22.12.2020.<\/span><span style=\"font-weight: 400;\"><br \/><\/span><span style=\"font-weight: 400;\">H\u00f6he der gew\u00e4hrten Beihilfe: HUF 10.336.302,-<\/span><span style=\"font-weight: 400;\"><br \/><\/span><span style=\"font-weight: 400;\">Beihilfeintensit\u00e4t: 70%<\/span><\/p><p style=\"text-align: left;\"><b>Pr\u00e4sentation des Projekts<\/b><span style=\"font-weight: 400;\"><br \/><\/span><span style=\"font-weight: 400;\">Dank der Unterst\u00fctzung des Ministeriums f\u00fcr nationale Angelegenheiten konnte der f\u00fcr das Projekt gew\u00e4hrte Zuschuss f\u00fcr die Anschaffung von Ger\u00e4ten und die Modernisierung unseres Hauptsitzes verwendet werden. Die durch die Kronenvirus-Epidemie verursachten Schwierigkeiten haben eine Umstrukturierung unserer Arbeit erforderlich gemacht, und die im Rahmen des Projekts angeschaffte Ausr\u00fcstung wird uns dies erm\u00f6glichen. Dank des Projekts wurde das Beleuchtungssystem unseres Hauptsitzes verbessert, um Energie zu sparen.<\/span><\/p><p style=\"text-align: left;\"><span style=\"font-weight: 400;\">Im Rahmen des Projekts wurden die folgenden Ausr\u00fcstungsgegenst\u00e4nde angeschafft:<\/span><span style=\"font-weight: 400;\"><br \/><\/span><span style=\"font-weight: 400;\">- 1 Satz Ferroscan PS 300-W Betonscanner<\/span><span style=\"font-weight: 400;\"><br \/><\/span><span style=\"font-weight: 400;\">- 1 Original Schmidt Live N digital Schmidt Hammer<\/span><span style=\"font-weight: 400;\"><br \/><\/span><span style=\"font-weight: 400;\">- 1 ASUS ZenBook Pro Duo<\/span><span style=\"font-weight: 400;\"><br \/><\/span><span style=\"font-weight: 400;\">- 1 LG 77\" Fernsehger\u00e4t<\/span><span style=\"font-weight: 400;\"><br \/><\/span><span style=\"font-weight: 400;\">- 2 PC-Konfigurationen<\/span><span style=\"font-weight: 400;\"><br \/><\/span><span style=\"font-weight: 400;\">- 1 Apple iPad pro<\/span><span style=\"font-weight: 400;\"><br \/><\/span><span style=\"font-weight: 400;\">- 3 iPhone SE 64GB<\/span><span style=\"font-weight: 400;\"><br \/><\/span><span style=\"font-weight: 400;\">- 12 Kw Solarzellenanlage<\/span><\/p><p style=\"text-align: left;\"><span style=\"font-weight: 400;\">Unser Ziel ist es, das st\u00e4ndig wachsende Auftragsvolumen reibungslos und kontinuierlich zu bedienen. Um einen reibungslosen Ablauf zu gew\u00e4hrleisten, war es notwendig, die Arbeitsbedingungen zu verbessern, wozu sowohl die Investitionen in Immobilien als auch die angeschafften Ger\u00e4te wesentlich beigetragen haben.<\/span><\/p><p style=\"text-align: left;\"><span style=\"font-weight: 400;\">Das Projekt hat es uns erm\u00f6glicht, unseren Personalbestand aufrechtzuerhalten, da es uns geholfen hat, die Werkzeuge zu erwerben, um mehr Arbeitsprozesse selbst\u00e4ndig durchf\u00fchren zu k\u00f6nnen.<\/span><\/p>\t\t\t\t\t\t\t\t<\/div>\n\t\t\t\t<\/div>\n\t\t\t\t<div class=\"elementor-element elementor-element-3cfec2b elementor-widget-divider--view-line elementor-widget elementor-widget-divider\" data-id=\"3cfec2b\" data-element_type=\"widget\" data-widget_type=\"divider.default\">\n\t\t\t\t<div class=\"elementor-widget-container\">\n\t\t\t\t\t\t\t<div class=\"elementor-divider\">\n\t\t\t<span class=\"elementor-divider-separator\">\n\t\t\t\t\t\t<\/span>\n\t\t<\/div>\n\t\t\t\t\t\t<\/div>\n\t\t\t\t<\/div>\n\t\t\t\t\t<\/div>\n\t\t\t\t<\/div>\n\t\t<div class=\"elementor-element elementor-element-cd18cc2 e-flex e-con-boxed e-con e-parent\" data-id=\"cd18cc2\" data-element_type=\"container\">\n\t\t\t\t\t<div class=\"e-con-inner\">\n\t\t\t\t<div class=\"elementor-element elementor-element-a58f9ce elementor-widget elementor-widget-text-editor\" data-id=\"a58f9ce\" data-element_type=\"widget\" data-widget_type=\"text-editor.default\">\n\t\t\t\t<div class=\"elementor-widget-container\">\n\t\t\t\t\t\t\t\t\t<h3 style=\"text-align: left;\"><b>\"Steigerung der BIM-basierten Entwurfseffizienz bei BASE-Invest Ltd.\".<br \/><br \/><\/b><\/h3><p style=\"text-align: left;\"><span style=\"font-weight: 400;\">F\u00fcr den im Rahmen der Informationsbekanntmachung \"Beihilfe zur technologischen Modernisierung und Effizienzsteigerung im Bausektor (2021\/1)\" eingereichten Antrag mit der Antragsnummer 60% haben wir eine nicht r\u00fcckzahlbare Beihilfe in H\u00f6he von 39,6 Millionen Forint erhalten.<\/span><\/p><p style=\"text-align: left;\"><b>Projektkennziffer:<\/b><span style=\"font-weight: 400;\">\u00a0\u00c9P\u00cdT\u0150-5.2021.5-2021-00039<\/span><span style=\"font-weight: 400;\"><br \/><\/span><b>Titel des Projekts:<\/b><span style=\"font-weight: 400;\">\u00a0\"Steigerung der BIM-basierten Entwurfseffizienz bei BASE-Invest Ltd.\".<\/span><span style=\"font-weight: 400;\"><br \/><\/span><span style=\"font-weight: 400;\">Datum des Projektbeginns: 2021.03.01.<\/span><span style=\"font-weight: 400;\"><br \/><\/span><span style=\"font-weight: 400;\">Datum der physischen Fertigstellung des Projekts: 30.06.2022.<\/span><span style=\"font-weight: 400;\"><br \/><\/span><span style=\"font-weight: 400;\">H\u00f6he der gew\u00e4hrten Beihilfe: 39.677.353,- HUF<\/span><span style=\"font-weight: 400;\"><br \/><\/span><span style=\"font-weight: 400;\">Beihilfeintensit\u00e4t: 60%<\/span><\/p><p style=\"text-align: left;\"><b>Pr\u00e4sentation des Projekts<\/b><span style=\"font-weight: 400;\"><br \/><\/span><span style=\"font-weight: 400;\">Dank der Unterst\u00fctzung durch das EWI hat das Projekt den Zuschuss f\u00fcr den Erwerb von immateriellen und materiellen G\u00fctern sowie f\u00fcr interne Schulungen verwendet:<\/span><\/p><ul><li style=\"font-weight: 400; text-align: left;\" aria-level=\"1\"><span style=\"font-weight: 400;\">2 Tekla Structures-Lizenz Drafter DFR-C\u00a0<\/span><\/li><li style=\"font-weight: 400; text-align: left;\" aria-level=\"1\"><span style=\"font-weight: 400;\">2 Tekla Structures-Lizenz Betonfertigteil-Detaillierung<\/span><\/li><li style=\"font-weight: 400; text-align: left;\" aria-level=\"1\"><span style=\"font-weight: 400;\">2 Tekla Structures-Lizenz Stahldetaillierung STD-C<\/span><\/li><li style=\"font-weight: 400; text-align: left;\" aria-level=\"1\"><span style=\"font-weight: 400;\">2 Tekla Structures-Lizenz Prim\u00e4re PRI-C<\/span><\/li><li style=\"font-weight: 400; text-align: left;\" aria-level=\"1\"><span style=\"font-weight: 400;\">2 Tekla Structures-Lizenz Voll FULL-C<\/span><\/li><li style=\"font-weight: 400; text-align: left;\" aria-level=\"1\"><span style=\"font-weight: 400;\">10 St\u00fcck Tekla Structures Modellfreigabe<\/span><\/li><li style=\"font-weight: 400; text-align: left;\" aria-level=\"1\"><span style=\"font-weight: 400;\">10 Interne Berufsausbildung<\/span><\/li><li style=\"font-weight: 400; text-align: left;\" aria-level=\"1\"><span style=\"font-weight: 400;\">Konfiguration und Installation von 10 PCs<\/span><\/li><\/ul>\t\t\t\t\t\t\t\t<\/div>\n\t\t\t\t<\/div>\n\t\t\t\t\t<\/div>\n\t\t\t\t<\/div>\n\t\t<div class=\"elementor-element elementor-element-0634923 e-flex e-con-boxed e-con e-parent\" data-id=\"0634923\" data-element_type=\"container\">\n\t\t\t\t\t<div class=\"e-con-inner\">\n\t\t\t\t<div class=\"elementor-element elementor-element-1e7f605 elementor-widget-divider--view-line elementor-widget elementor-widget-divider\" data-id=\"1e7f605\" data-element_type=\"widget\" data-widget_type=\"divider.default\">\n\t\t\t\t<div class=\"elementor-widget-container\">\n\t\t\t\t\t\t\t<div class=\"elementor-divider\">\n\t\t\t<span class=\"elementor-divider-separator\">\n\t\t\t\t\t\t<\/span>\n\t\t<\/div>\n\t\t\t\t\t\t<\/div>\n\t\t\t\t<\/div>\n\t\t\t\t\t<\/div>\n\t\t\t\t<\/div>\n\t\t<div class=\"elementor-element elementor-element-19e9154 e-flex e-con-boxed e-con e-parent\" data-id=\"19e9154\" data-element_type=\"container\">\n\t\t\t\t\t<div class=\"e-con-inner\">\n\t\t\t\t<div class=\"elementor-element elementor-element-d1f10c3 elementor-widget elementor-widget-text-editor\" data-id=\"d1f10c3\" data-element_type=\"widget\" data-widget_type=\"text-editor.default\">\n\t\t\t\t<div class=\"elementor-widget-container\">\n\t\t\t\t\t\t\t\t\t<h3><b>\"Darlehensprogramm f\u00fcr die technologische Modernisierung von Kleinst-, Klein- und mittleren Unternehmen\".\u00a0<\/b><\/h3><p>\u00a0<\/p><p><span style=\"font-weight: 400;\">Im Rahmen der Sz\u00e9chenyi 2020-Aufforderung zur Einreichung von Vorschl\u00e4gen \"Micro, Small and Medium Enterprises Technological Modernisation Loan Programme\", GINOP-8.3.5-18, hat Base-Invest Kft. ein r\u00fcckzahlbares Darlehen in H\u00f6he von 25 Millionen Forint von der MFB Hungarian Development Bank Zrt. aufgenommen, um seine Entwicklungsziele zu erreichen:<\/span><\/p><ul><li style=\"font-weight: 400;\" aria-level=\"1\"><span style=\"font-weight: 400;\">Name des Beg\u00fcnstigten: Base-Invest Kft.<\/span><\/li><li style=\"font-weight: 400;\" aria-level=\"1\"><span style=\"font-weight: 400;\">Projekttitel: Darlehensprogramm f\u00fcr die technologische Modernisierung von Kleinst-, kleinen und mittleren Unternehmen\u00a0<\/span><\/li><li style=\"font-weight: 400;\" aria-level=\"1\"><span style=\"font-weight: 400;\">Kurzbeschreibung des Projektinhalts: Finanzierung der Arbeitskosten<\/span><\/li><li style=\"font-weight: 400;\" aria-level=\"1\"><span style=\"font-weight: 400;\">H\u00f6he der vertraglich vereinbarten Beihilfe: HUF 24.995.000,- r\u00fcckzahlbares Darlehen<\/span><\/li><li style=\"font-weight: 400;\" aria-level=\"1\"><span style=\"font-weight: 400;\">Aufforderungskennzeichen: GINOP-8.3.5-18\/B<\/span><\/li><li style=\"font-weight: 400;\" aria-level=\"1\"><span style=\"font-weight: 400;\">Termin f\u00fcr den tats\u00e4chlichen Abschluss des Projekts: 2021.07.08<\/span><\/li><\/ul>\t\t\t\t\t\t\t\t<\/div>\n\t\t\t\t<\/div>\n\t\t\t\t\t<\/div>\n\t\t\t\t<\/div>\n\t\t\t\t<\/div>","protected":false},"excerpt":{"rendered":"<p>Ausschreibungen Ausschreibungen \"Besch\u00e4ftigung von Praktikanten bei BASE-Invest Kft\" Grundlegende Projektdaten: Projekt-ID: GINOP-5.2.4-16-2017-01797- Beantragte Finanzierung: 6 885 500 HUF- Finanzierung [...]<\/p>","protected":false},"author":1,"featured_media":0,"parent":0,"menu_order":0,"comment_status":"closed","ping_status":"closed","template":"","meta":{"site-sidebar-layout":"no-sidebar","site-content-layout":"page-builder","ast-site-content-layout":"full-width-container","site-content-style":"default","site-sidebar-style":"default","ast-global-header-display":"","ast-banner-title-visibility":"","ast-main-header-display":"","ast-hfb-above-header-display":"","ast-hfb-below-header-display":"","ast-hfb-mobile-header-display":"","site-post-title":"disabled","ast-breadcrumbs-content":"","ast-featured-img":"disabled","footer-sml-layout":"","theme-transparent-header-meta":"","adv-header-id-meta":"","stick-header-meta":"","header-above-stick-meta":"","header-main-stick-meta":"","header-below-stick-meta":"","astra-migrate-meta-layouts":"set","ast-page-background-enabled":"default","ast-page-background-meta":{"desktop":{"background-color":"","background-image":"","background-repeat":"repeat","background-position":"center center","background-size":"auto","background-attachment":"scroll","background-type":"","background-media":"","overlay-type":"","overlay-color":"","overlay-opacity":"","overlay-gradient":""},"tablet":{"background-color":"","background-image":"","background-repeat":"repeat","background-position":"center center","background-size":"auto","background-attachment":"scroll","background-type":"","background-media":"","overlay-type":"","overlay-color":"","overlay-opacity":"","overlay-gradient":""},"mobile":{"background-color":"","background-image":"","background-repeat":"repeat","background-position":"center center","background-size":"auto","background-attachment":"scroll","background-type":"","background-media":"","overlay-type":"","overlay-color":"","overlay-opacity":"","overlay-gradient":""}},"ast-content-background-meta":{"desktop":{"background-color":"var(--ast-global-color-5)","background-image":"","background-repeat":"repeat","background-position":"center center","background-size":"auto","background-attachment":"scroll","background-type":"","background-media":"","overlay-type":"","overlay-color":"","overlay-opacity":"","overlay-gradient":""},"tablet":{"background-color":"var(--ast-global-color-5)","background-image":"","background-repeat":"repeat","background-position":"center center","background-size":"auto","background-attachment":"scroll","background-type":"","background-media":"","overlay-type":"","overlay-color":"","overlay-opacity":"","overlay-gradient":""},"mobile":{"background-color":"var(--ast-global-color-5)","background-image":"","background-repeat":"repeat","background-position":"center center","background-size":"auto","background-attachment":"scroll","background-type":"","background-media":"","overlay-type":"","overlay-color":"","overlay-opacity":"","overlay-gradient":""}},"footnotes":""},"class_list":["post-4849","page","type-page","status-publish","hentry"],"_links":{"self":[{"href":"https:\/\/base.hu\/de\/wp-json\/wp\/v2\/pages\/4849","targetHints":{"allow":["GET"]}}],"collection":[{"href":"https:\/\/base.hu\/de\/wp-json\/wp\/v2\/pages"}],"about":[{"href":"https:\/\/base.hu\/de\/wp-json\/wp\/v2\/types\/page"}],"author":[{"embeddable":true,"href":"https:\/\/base.hu\/de\/wp-json\/wp\/v2\/users\/1"}],"replies":[{"embeddable":true,"href":"https:\/\/base.hu\/de\/wp-json\/wp\/v2\/comments?post=4849"}],"version-history":[{"count":43,"href":"https:\/\/base.hu\/de\/wp-json\/wp\/v2\/pages\/4849\/revisions"}],"predecessor-version":[{"id":7215,"href":"https:\/\/base.hu\/de\/wp-json\/wp\/v2\/pages\/4849\/revisions\/7215"}],"wp:attachment":[{"href":"https:\/\/base.hu\/de\/wp-json\/wp\/v2\/media?parent=4849"}],"curies":[{"name":"wp","href":"https:\/\/api.w.org\/{rel}","templated":true}]}}