{"id":4311,"date":"2025-02-17T10:39:11","date_gmt":"2025-02-17T10:39:11","guid":{"rendered":"https:\/\/base.hu\/?page_id=4311"},"modified":"2025-03-31T06:21:21","modified_gmt":"2025-03-31T06:21:21","slug":"suti-cookie-szabalyzat","status":"publish","type":"page","link":"https:\/\/base.hu\/de\/suti-cookie-szabalyzat\/","title":{"rendered":"Cookie\/Cookie Code"},"content":{"rendered":"<div data-elementor-type=\"wp-page\" data-elementor-id=\"4311\" class=\"elementor elementor-4311\" data-elementor-post-type=\"page\">\n\t\t\t\t<div class=\"elementor-element elementor-element-d2c1656 e-flex e-con-boxed e-con e-parent\" data-id=\"d2c1656\" data-element_type=\"container\" data-settings=\"{&quot;background_background&quot;:&quot;classic&quot;}\">\n\t\t\t\t\t<div class=\"e-con-inner\">\n\t\t\t\t\t<\/div>\n\t\t\t\t<\/div>\n\t\t<div class=\"elementor-element elementor-element-9230f10 e-flex e-con-boxed e-con e-parent\" data-id=\"9230f10\" data-element_type=\"container\" data-settings=\"{&quot;background_background&quot;:&quot;classic&quot;}\">\n\t\t\t\t\t<div class=\"e-con-inner\">\n\t\t\t\t<div class=\"elementor-element elementor-element-d38f408 elementor-widget elementor-widget-heading\" data-id=\"d38f408\" data-element_type=\"widget\" data-widget_type=\"heading.default\">\n\t\t\t\t<div class=\"elementor-widget-container\">\n\t\t\t\t\t<h2 class=\"elementor-heading-title elementor-size-default\">Cookie (Keks) Politik<\/h2>\t\t\t\t<\/div>\n\t\t\t\t<\/div>\n\t\t\t\t\t<\/div>\n\t\t\t\t<\/div>\n\t\t<div class=\"elementor-element elementor-element-5065a4d e-flex e-con-boxed e-con e-parent\" data-id=\"5065a4d\" data-element_type=\"container\" data-settings=\"{&quot;background_background&quot;:&quot;classic&quot;}\">\n\t\t\t\t\t<div class=\"e-con-inner\">\n\t\t\t\t<div class=\"elementor-element elementor-element-6d49538 elementor-widget elementor-widget-text-editor\" data-id=\"6d49538\" data-element_type=\"widget\" data-widget_type=\"text-editor.default\">\n\t\t\t\t<div class=\"elementor-widget-container\">\n\t\t\t\t\t\t\t\t\t<p><b>Cookie (Keks) Politik<\/b><\/p><p><span style=\"font-weight: 400;\">Datum des Inkrafttretens: 22. Januar 2025.<\/span><\/p><p>\u00a0<\/p><ol><li><b> Was sind Cookies?<\/b><\/li><\/ol><p><span style=\"font-weight: 400;\">Cookies sind kleine Textdateien, die die Website \u00fcber den Browser auf dem Computer oder Ger\u00e4t des Nutzers ablegt. Diese Dateien helfen der Website zu funktionieren, verbessern die Nutzererfahrung und sammeln bestimmte Daten.<\/span><\/p><ol start=\"2\"><li><b> Welche Cookies verwenden wir?<\/b><\/li><\/ol><p><span style=\"font-weight: 400;\">Unsere Website verwendet die folgenden Arten von Cookies:<\/span><span style=\"font-weight: 400;\"><br \/><\/span><span style=\"font-weight: 400;\"> 1. funktionale Cookies<\/span><span style=\"font-weight: 400;\"><br \/><\/span><span style=\"font-weight: 400;\">\u00a0 \u00a0 - Diese Cookies sind f\u00fcr die grundlegenden Funktionen der Website erforderlich, z. B. f\u00fcr die Navigation und die Sicherheitsfunktionen.<\/span><span style=\"font-weight: 400;\"><br \/><\/span><span style=\"font-weight: 400;\">\u00a0 \u00a0 - Beispiel: Verwaltung von Anmeldesitzungen.<\/span><span style=\"font-weight: 400;\"><br \/><\/span><span style=\"font-weight: 400;\"> 2) Kekse f\u00fcr Leistungsmesser<\/span><span style=\"font-weight: 400;\"><br \/><\/span><span style=\"font-weight: 400;\">\u00a0 \u00a0 - Diese Cookies sammeln Informationen dar\u00fcber, wie Besucher die Website nutzen, z. B. welche Seiten am beliebtesten sind.<\/span><span style=\"font-weight: 400;\"><br \/><\/span><span style=\"font-weight: 400;\">\u00a0 \u00a0 - Zur Verf\u00fcgung gestellt von Google Analytics, Meta Pixel.<\/span><span style=\"font-weight: 400;\"><br \/><\/span><span style=\"font-weight: 400;\"> 3) Cookies f\u00fcr Marketingzwecke<\/span><span style=\"font-weight: 400;\"><br \/><\/span><span style=\"font-weight: 400;\">\u00a0 \u00a0 - Mit Hilfe dieser Cookies kann die Werbung f\u00fcr die Nutzer relevanter gestaltet werden.<\/span><span style=\"font-weight: 400;\"><br \/><\/span><span style=\"font-weight: 400;\">\u00a0 \u00a0 - Zur Verf\u00fcgung gestellt von Meta Platforms Inc (Facebook, Instagram).<\/span><\/p><ol start=\"3\"><li><b> Cookie-Verwaltung und Zustimmung<\/b><\/li><\/ol><p><span style=\"font-weight: 400;\">Unsere Website verwendet ein Pop-up-Fenster, in dem die Besucher um ihre Zustimmung zur Verwendung nicht wesentlicher Cookies gebeten werden. Die Besucher haben die folgenden M\u00f6glichkeiten:<\/span><span style=\"font-weight: 400;\"><br \/><\/span><span style=\"font-weight: 400;\"> - Akzeptieren: Alle Cookies sind aktiviert.<\/span><span style=\"font-weight: 400;\"><br \/><\/span><span style=\"font-weight: 400;\"> - Einstellungen \u00e4ndern: Der Besucher kann w\u00e4hlen, welche Cookies er zulassen m\u00f6chte.<\/span><span style=\"font-weight: 400;\"><br \/><\/span><span style=\"font-weight: 400;\"> - Opt-out: Es werden nur funktionale Cookies verwendet.<\/span><span style=\"font-weight: 400;\"><br \/><\/span><span style=\"font-weight: 400;\"><br \/><\/span><span style=\"font-weight: 400;\"> Sie k\u00f6nnen Ihre Cookie-Einstellungen jederzeit \u00e4ndern, indem Sie den Abschnitt Cookie-Einstellungen auf der Website aufrufen.<\/span><\/p><ol start=\"4\"><li><b> Die Lebensdauer von Cookies<\/b><\/li><\/ol><p><span style=\"font-weight: 400;\">Die Lebensdauer von Cookies kann variieren:<\/span><span style=\"font-weight: 400;\"><br \/><\/span><span style=\"font-weight: 400;\"> - Sitzungscookies: Diese sind tempor\u00e4r und werden automatisch gel\u00f6scht, wenn Sie Ihren Browser schlie\u00dfen.<\/span><span style=\"font-weight: 400;\"><br \/><\/span><span style=\"font-weight: 400;\"> - Dauerhafte Cookies: Diese werden f\u00fcr einen begrenzten Zeitraum (z. B. 1 Jahr) oder bis zur manuellen L\u00f6schung durch den Nutzer auf dem Ger\u00e4t gespeichert.<\/span><\/p><ol start=\"5\"><li><b> Cookies von Drittanbietern<\/b><\/li><\/ol><p><span style=\"font-weight: 400;\">Unsere Website verwendet auch Cookies, die von Dritten bereitgestellt werden, wie z. B.:<\/span><span style=\"font-weight: 400;\"><br \/><\/span><span style=\"font-weight: 400;\"> - Google-Analytics-Cookies, die dazu beitragen, die Leistung der Website zu messen.<\/span><span style=\"font-weight: 400;\"><br \/><\/span><span style=\"font-weight: 400;\"> - Meta-Pixel-Cookies, die f\u00fcr Marketingzwecke verwendet werden.<\/span><span style=\"font-weight: 400;\"><br \/><\/span><span style=\"font-weight: 400;\"><br \/><\/span><span style=\"font-weight: 400;\"> Sie k\u00f6nnen sich \u00fcber die Datenschutzpraktiken dieser Dienstleister informieren, indem Sie den nachstehenden Links folgen:<\/span><span style=\"font-weight: 400;\"><br \/><\/span><span style=\"font-weight: 400;\"> - Google Analytics Datenschutzbestimmungen: https:\/\/policies.google.com\/privacy<\/span><span style=\"font-weight: 400;\"><br \/><\/span><span style=\"font-weight: 400;\"> - Meta-Datenschutz: https:\/\/www.facebook.com\/policy.php<\/span><\/p><ol start=\"6\"><li><b> Rechte der Besucher<\/b><\/li><\/ol><p><span style=\"font-weight: 400;\">Die Besucher haben die folgenden Rechte in Bezug auf die durch Cookies gesammelten Daten:<\/span><span style=\"font-weight: 400;\"><br \/><\/span><span style=\"font-weight: 400;\"> - Informationen: Sie k\u00f6nnen Informationen \u00fcber die von uns verwendeten Cookies anfordern.<\/span><span style=\"font-weight: 400;\"><br \/><\/span><span style=\"font-weight: 400;\"> - Widerruf der Zustimmung: Sie k\u00f6nnen Ihre Zustimmung zu Cookies jederzeit widerrufen.<\/span><span style=\"font-weight: 400;\"><br \/><\/span><span style=\"font-weight: 400;\"> - Daten l\u00f6schen: Sie k\u00f6nnen auf Ihrem Ger\u00e4t gespeicherte Cookies \u00fcber die Cookie-Einstellungen Ihres Browsers l\u00f6schen.<\/span><\/p><ol start=\"7\"><li><b> Wie k\u00f6nnen Sie Cookies verwalten?<\/b><\/li><\/ol><p><span style=\"font-weight: 400;\">Cookies k\u00f6nnen \u00fcber die Einstellungen Ihres Browsers verwaltet werden. Unter den nachstehenden Links finden Sie Anweisungen f\u00fcr die g\u00e4ngigsten Browser:<\/span><span style=\"font-weight: 400;\"><br \/><\/span><span style=\"font-weight: 400;\"> - Google Chrome: https:\/\/support.google.com\/chrome\/answer\/95647<\/span><span style=\"font-weight: 400;\"><br \/><\/span><span style=\"font-weight: 400;\"> - Mozilla Firefox: https:\/\/support.mozilla.org\/hu\/kb\/sutik-torlese-szamito gepen-tarolt-data<\/span><span style=\"font-weight: 400;\"><br \/><\/span><span style=\"font-weight: 400;\"> &#8211; Microsoft Edge: https:\/\/support.microsoft.com\/hu-hu\/microsoft-edge\/s%C3%BCtik-t%C3%B6rl%C3%A9se-a-microsoft-edge-b%C5%91ng%C3%A9sz%C5%91ben-63947406-40ac-c3b8-57b9-2a946a29ae09<\/span><\/p><ol start=\"8\"><li><b> Kontakt<\/b><\/li><\/ol><p><span style=\"font-weight: 400;\">Wenn Sie Fragen zu Cookies haben, kontaktieren Sie uns bitte:<\/span><span style=\"font-weight: 400;\"><br \/><\/span><span style=\"font-weight: 400;\"> - E-Mail: info@base.hu<\/span><span style=\"font-weight: 400;\"><br \/><\/span><span style=\"font-weight: 400;\"> - Rufnummer: +36 70 701 5658<\/span><\/p>\t\t\t\t\t\t\t\t<\/div>\n\t\t\t\t<\/div>\n\t\t\t\t\t<\/div>\n\t\t\t\t<\/div>\n\t\t\t\t<\/div>","protected":false},"excerpt":{"rendered":"<p>Cookie-Richtlinie Cookie-Richtlinie G\u00fcltigkeitsdatum: 22. Januar 2025 Was sind Cookies? Cookies sind [...]<\/p>","protected":false},"author":1,"featured_media":0,"parent":0,"menu_order":0,"comment_status":"closed","ping_status":"closed","template":"","meta":{"site-sidebar-layout":"no-sidebar","site-content-layout":"page-builder","ast-site-content-layout":"full-width-container","site-content-style":"default","site-sidebar-style":"default","ast-global-header-display":"","ast-banner-title-visibility":"","ast-main-header-display":"","ast-hfb-above-header-display":"","ast-hfb-below-header-display":"","ast-hfb-mobile-header-display":"","site-post-title":"disabled","ast-breadcrumbs-content":"","ast-featured-img":"disabled","footer-sml-layout":"","theme-transparent-header-meta":"","adv-header-id-meta":"","stick-header-meta":"","header-above-stick-meta":"","header-main-stick-meta":"","header-below-stick-meta":"","astra-migrate-meta-layouts":"set","ast-page-background-enabled":"default","ast-page-background-meta":{"desktop":{"background-color":"","background-image":"","background-repeat":"repeat","background-position":"center center","background-size":"auto","background-attachment":"scroll","background-type":"","background-media":"","overlay-type":"","overlay-color":"","overlay-opacity":"","overlay-gradient":""},"tablet":{"background-color":"","background-image":"","background-repeat":"repeat","background-position":"center center","background-size":"auto","background-attachment":"scroll","background-type":"","background-media":"","overlay-type":"","overlay-color":"","overlay-opacity":"","overlay-gradient":""},"mobile":{"background-color":"","background-image":"","background-repeat":"repeat","background-position":"center center","background-size":"auto","background-attachment":"scroll","background-type":"","background-media":"","overlay-type":"","overlay-color":"","overlay-opacity":"","overlay-gradient":""}},"ast-content-background-meta":{"desktop":{"background-color":"var(--ast-global-color-5)","background-image":"","background-repeat":"repeat","background-position":"center center","background-size":"auto","background-attachment":"scroll","background-type":"","background-media":"","overlay-type":"","overlay-color":"","overlay-opacity":"","overlay-gradient":""},"tablet":{"background-color":"var(--ast-global-color-5)","background-image":"","background-repeat":"repeat","background-position":"center center","background-size":"auto","background-attachment":"scroll","background-type":"","background-media":"","overlay-type":"","overlay-color":"","overlay-opacity":"","overlay-gradient":""},"mobile":{"background-color":"var(--ast-global-color-5)","background-image":"","background-repeat":"repeat","background-position":"center center","background-size":"auto","background-attachment":"scroll","background-type":"","background-media":"","overlay-type":"","overlay-color":"","overlay-opacity":"","overlay-gradient":""}},"footnotes":""},"class_list":["post-4311","page","type-page","status-publish","hentry"],"_links":{"self":[{"href":"https:\/\/base.hu\/de\/wp-json\/wp\/v2\/pages\/4311","targetHints":{"allow":["GET"]}}],"collection":[{"href":"https:\/\/base.hu\/de\/wp-json\/wp\/v2\/pages"}],"about":[{"href":"https:\/\/base.hu\/de\/wp-json\/wp\/v2\/types\/page"}],"author":[{"embeddable":true,"href":"https:\/\/base.hu\/de\/wp-json\/wp\/v2\/users\/1"}],"replies":[{"embeddable":true,"href":"https:\/\/base.hu\/de\/wp-json\/wp\/v2\/comments?post=4311"}],"version-history":[{"count":19,"href":"https:\/\/base.hu\/de\/wp-json\/wp\/v2\/pages\/4311\/revisions"}],"predecessor-version":[{"id":6164,"href":"https:\/\/base.hu\/de\/wp-json\/wp\/v2\/pages\/4311\/revisions\/6164"}],"wp:attachment":[{"href":"https:\/\/base.hu\/de\/wp-json\/wp\/v2\/media?parent=4311"}],"curies":[{"name":"wp","href":"https:\/\/api.w.org\/{rel}","templated":true}]}}