{"id":4282,"date":"2025-02-17T10:14:43","date_gmt":"2025-02-17T10:14:43","guid":{"rendered":"https:\/\/base.hu\/?page_id=4282"},"modified":"2025-05-12T10:48:59","modified_gmt":"2025-05-12T10:48:59","slug":"adatvedelmi-nyilatkozat","status":"publish","type":"page","link":"https:\/\/base.hu\/de\/adatvedelmi-nyilatkozat\/","title":{"rendered":"Erkl\u00e4rung zum Datenschutz"},"content":{"rendered":"<div data-elementor-type=\"wp-page\" data-elementor-id=\"4282\" class=\"elementor elementor-4282\" data-elementor-post-type=\"page\">\n\t\t\t\t<div class=\"elementor-element elementor-element-d2c1656 e-flex e-con-boxed e-con e-parent\" data-id=\"d2c1656\" data-element_type=\"container\" data-settings=\"{&quot;background_background&quot;:&quot;classic&quot;}\">\n\t\t\t\t\t<div class=\"e-con-inner\">\n\t\t\t\t\t<\/div>\n\t\t\t\t<\/div>\n\t\t<div class=\"elementor-element elementor-element-9230f10 e-flex e-con-boxed e-con e-parent\" data-id=\"9230f10\" data-element_type=\"container\" data-settings=\"{&quot;background_background&quot;:&quot;classic&quot;}\">\n\t\t\t\t\t<div class=\"e-con-inner\">\n\t\t\t\t<div class=\"elementor-element elementor-element-d38f408 elementor-widget elementor-widget-heading\" data-id=\"d38f408\" data-element_type=\"widget\" data-widget_type=\"heading.default\">\n\t\t\t\t<div class=\"elementor-widget-container\">\n\t\t\t\t\t<h2 class=\"elementor-heading-title elementor-size-default\">Erkl\u00e4rung zum Datenschutz<\/h2>\t\t\t\t<\/div>\n\t\t\t\t<\/div>\n\t\t\t\t\t<\/div>\n\t\t\t\t<\/div>\n\t\t<div class=\"elementor-element elementor-element-5065a4d e-flex e-con-boxed e-con e-parent\" data-id=\"5065a4d\" data-element_type=\"container\" data-settings=\"{&quot;background_background&quot;:&quot;classic&quot;}\">\n\t\t\t\t\t<div class=\"e-con-inner\">\n\t\t\t\t<div class=\"elementor-element elementor-element-6d49538 elementor-widget elementor-widget-text-editor\" data-id=\"6d49538\" data-element_type=\"widget\" data-widget_type=\"text-editor.default\">\n\t\t\t\t<div class=\"elementor-widget-container\">\n\t\t\t\t\t\t\t\t\t<p><b>Erkl\u00e4rung zum Datenschutz<\/b><\/p><p><span style=\"font-weight: 400;\">Datum des Inkrafttretens: 22. Januar 2025.<\/span><\/p><ol><li><b> Daten des f\u00fcr die Verarbeitung Verantwortlichen<\/b><\/li><\/ol><p><span style=\"font-weight: 400;\">Die Sicherheit und der Schutz Ihrer Daten sind f\u00fcr uns von gr\u00f6\u00dfter Bedeutung. Der Inhaber der Datenverarbeitung:<\/span><span style=\"font-weight: 400;\"><br \/><\/span><span style=\"font-weight: 400;\">Firmenname: BASE-Engineer Kft.<\/span><span style=\"font-weight: 400;\"><br \/><\/span><span style=\"font-weight: 400;\">Hauptsitz: 7630 P\u00e9cs, Zsolnay Vilmos utca 45. 2. Stock T\u00fcr 10.<\/span><span style=\"font-weight: 400;\"><br \/><\/span><span style=\"font-weight: 400;\">Kontaktinformationen:<br \/><\/span><span style=\"font-weight: 400;\">E-Mail-Adresse: info@base.hu<\/span><span style=\"font-weight: 400;\"><br \/><\/span><span style=\"font-weight: 400;\">Rufnummer: +36 70 701 5658<\/span><span style=\"font-weight: 400;\"><br \/><\/span><span style=\"font-weight: 400;\">Website: www.base.hu<\/span><\/p><ol start=\"2\"><li><b> Zwecke, Rechtsgrundlagen und Dauer der Verarbeitung<\/b><\/li><\/ol><p><span style=\"font-weight: 400;\">Ziel<\/span><\/p><p><span style=\"font-weight: 400;\">Rechtsgrundlage<\/span><\/p><p><span style=\"font-weight: 400;\">Dauer der Datenspeicherung<\/span><span style=\"font-weight: 400;\"><br \/><\/span><span style=\"font-weight: 400;\"><br \/><\/span><span style=\"font-weight: 400;\">Kontakt \u00a0 \u00a0 \u00a0 \u00a0 \u00a0 <\/span><\/p><p><span style=\"font-weight: 400;\">Berechtigtes Interesse (Artikel 6 Absatz 1 Buchstabe f) DSGVO) | 1 Jahr \u00a0 \u00a0 \u00a0 \u00a0 \u00a0 \u00a0 \u00a0 \u00a0 \u00a0\u00a0<\/span><span style=\"font-weight: 400;\"><br \/><\/span><span style=\"font-weight: 400;\">Verwaltung von Arbeitsauftr\u00e4gen Berechtigtes Interesse (Artikel 6 Absatz 1 Buchstabe f) GDPR) | 1 Jahr \u00a0 \u00a0 \u00a0 \u00a0 \u00a0 \u00a0 \u00a0 \u00a0 \u00a0 <\/span><\/p><p><span style=\"font-weight: 400;\">Analyse von Besucherstatistiken | Berechtigtes Interesse (Artikel 6(1)(f) GDPR) | 1 Jahr \u00a0 \u00a0 \u00a0 \u00a0 \u00a0 \u00a0 \u00a0 \u00a0 \u00a0\u00a0<\/span><span style=\"font-weight: 400;\"><br \/><\/span><span style=\"font-weight: 400;\">Marketingkommunikation Zustimmung (Artikel 6 Absatz 1 Buchstabe a) GDPR) <\/span><\/p><p><span style=\"font-weight: 400;\">Bis zum Widerruf der Zustimmung\u00a0<\/span><span style=\"font-weight: 400;\"><br \/><\/span><span style=\"font-weight: 400;\"><br \/><\/span><span style=\"font-weight: 400;\">Einzelheiten zum berechtigten Interesse:<\/span><span style=\"font-weight: 400;\"><br \/><\/span><span style=\"font-weight: 400;\"> Wir haben ein berechtigtes Interesse daran, mit unseren Kunden in Kontakt zu bleiben, Kundenanfragen effizient zu bearbeiten und die Leistung unserer Website zu analysieren, um unsere Dienstleistungen zu verbessern.<\/span><\/p><ol start=\"3\"><li><b> Umfang der verarbeiteten personenbezogenen Daten<\/b><\/li><\/ol><p><span style=\"font-weight: 400;\">Wir verarbeiten die folgenden personenbezogenen Daten:<\/span><span style=\"font-weight: 400;\"><br \/><\/span><span style=\"font-weight: 400;\">Bei der Kontaktaufnahme erfasste Daten:<\/span><span style=\"font-weight: 400;\"><br \/><\/span><span style=\"font-weight: 400;\">Name, E-Mail Adresse, Telefonnummer.<\/span><span style=\"font-weight: 400;\"><br \/><\/span><span style=\"font-weight: 400;\">Technische Daten:<\/span><span style=\"font-weight: 400;\"><br \/><\/span><span style=\"font-weight: 400;\">IP-Adresse, Browsertyp, Betriebssystem, Ger\u00e4teinformationen.<\/span><span style=\"font-weight: 400;\"><br \/><\/span><span style=\"font-weight: 400;\">Durch Cookies gesammelte Daten f\u00fcr Marketingzwecke:<\/span><span style=\"font-weight: 400;\"><br \/><\/span><span style=\"font-weight: 400;\">Browsing-Verhalten, Pr\u00e4ferenzen.<\/span><\/p><ol start=\"4\"><li><b> \u00dcbermittlung und Empf\u00e4nger von Daten<\/b><\/li><\/ol><p><span style=\"font-weight: 400;\">Die Daten k\u00f6nnen von den folgenden Partnern verarbeitet werden:<\/span><span style=\"font-weight: 400;\"><br \/><\/span><span style=\"font-weight: 400;\">Google LLC: Webanalyse und Cookie-Verwaltung (Google Analytics).<\/span><span style=\"font-weight: 400;\"><br \/><\/span><span style=\"font-weight: 400;\">Meta Platforms Inc.: Marketing- und Werbeanalysen (Meta Pixel).<\/span><span style=\"font-weight: 400;\"><br \/><\/span><span style=\"font-weight: 400;\"><br \/><\/span><span style=\"font-weight: 400;\"> Diese Partner garantieren die Einhaltung des Datenschutzes und erf\u00fcllen die EU-Datenschutzanforderungen.<\/span><\/p><ol start=\"5\"><li><b> Daten\u00fcbermittlung an Drittl\u00e4nder<\/b><\/li><\/ol><p><span style=\"font-weight: 400;\">Es werden keine Daten an Drittl\u00e4nder (au\u00dferhalb der EU) \u00fcbermittelt.<\/span><\/p><ol start=\"6\"><li><b> Verwendung von Cookies<\/b><\/li><\/ol><p><span style=\"font-weight: 400;\">Unsere Website verwendet die folgenden Arten von Cookies:<\/span><span style=\"font-weight: 400;\"><br \/><\/span><span style=\"font-weight: 400;\">Funktionale Cookies: zur Bereitstellung wesentlicher Funktionen der Website.<\/span><span style=\"font-weight: 400;\"><br \/><\/span><span style=\"font-weight: 400;\">Performance-Cookies: Verwendung von Google Analytics und Meta Pixel zur Analyse von Besucherstatistiken.<\/span><span style=\"font-weight: 400;\"><br \/><\/span><span style=\"font-weight: 400;\">Marketing-Cookies: Personalisierung von Werbeinhalten.<\/span><span style=\"font-weight: 400;\"><br \/><\/span><span style=\"font-weight: 400;\"><br \/><\/span><span style=\"font-weight: 400;\"> Die Zustimmung zu Cookies kann in einem Pop-up-Fenster auf der Website erteilt oder widerrufen werden. Weitere Informationen \u00fcber die Verwendung von Cookies finden Sie unter [Cookie-Richtlinie](#).<\/span><\/p><ol start=\"7\"><li><b> Rechte der betroffenen Personen<\/b><\/li><\/ol><p><span style=\"font-weight: 400;\">Die betroffenen Personen haben die folgenden Rechte:<\/span><span style=\"font-weight: 400;\"><br \/><\/span><span style=\"font-weight: 400;\">Information: Sie k\u00f6nnen Informationen \u00fcber die von uns verarbeiteten Daten anfordern.<\/span><span style=\"font-weight: 400;\"><br \/><\/span><span style=\"font-weight: 400;\">Berichtigung: Sie k\u00f6nnen die Berichtigung unzutreffender Daten beantragen.<\/span><span style=\"font-weight: 400;\"><br \/><\/span><span style=\"font-weight: 400;\">L\u00f6schung: Sie k\u00f6nnen die L\u00f6schung Ihrer Daten verlangen (sofern nicht gesetzlich anders vorgesehen).<\/span><span style=\"font-weight: 400;\"><br \/><\/span><span style=\"font-weight: 400;\">Daten\u00fcbertragbarkeit: Sie k\u00f6nnen beantragen, dass die Daten in einem strukturierten, maschinenlesbaren Format bereitgestellt werden.<\/span><span style=\"font-weight: 400;\"><br \/><\/span><span style=\"font-weight: 400;\">Einspruch: Sie k\u00f6nnen der Verarbeitung auf der Grundlage eines berechtigten Interesses widersprechen.<\/span><span style=\"font-weight: 400;\"><br \/><\/span><span style=\"font-weight: 400;\"><br \/><\/span><span style=\"font-weight: 400;\">Kontaktieren Sie uns, um Ihre Rechte geltend zu machen:<\/span><span style=\"font-weight: 400;\"><br \/><\/span><span style=\"font-weight: 400;\"> Um Ihre Rechte als Betroffener auszu\u00fcben, wenden Sie sich bitte an info@base.hu.<\/span><span style=\"font-weight: 400;\"><br \/><\/span><span style=\"font-weight: 400;\"><br \/><\/span><span style=\"font-weight: 400;\">Recht auf Beschwerde:<\/span><span style=\"font-weight: 400;\"><br \/><\/span><span style=\"font-weight: 400;\"> Wenn Sie der Meinung sind, dass Ihre Datenschutzrechte verletzt wurden, k\u00f6nnen Sie eine Beschwerde bei der Nationalen Beh\u00f6rde f\u00fcr Datenschutz und Informationsfreiheit (NAIH) einreichen:<\/span><span style=\"font-weight: 400;\"><br \/><\/span><span style=\"font-weight: 400;\">Adresse: 1055 Budapest, Falk Miksa utca 9-11.<\/span><span style=\"font-weight: 400;\"><br \/><\/span><span style=\"font-weight: 400;\">Telefon: +36 1 391 1400<\/span><span style=\"font-weight: 400;\"><br \/><\/span><span style=\"font-weight: 400;\">E-Mail: ugyfelszolgalat@naih.hu<\/span><\/p><ol start=\"8\"><li><b> Umgang mit Datenschutzvorf\u00e4llen<\/b><\/li><\/ol><p><span style=\"font-weight: 400;\">Wir benachrichtigen die betroffenen Personen und die Beh\u00f6rde unverz\u00fcglich \u00fcber Datenverst\u00f6\u00dfe, sofern die Bedingungen erf\u00fcllt sind.<\/span><span style=\"font-weight: 400;\"><br \/><\/span><span style=\"font-weight: 400;\"> Im Falle eines Vorfalls kontaktieren Sie uns bitte unter info@base.hu.<\/span><\/p><ol start=\"9\"><li><b> Grunds\u00e4tze der Datenverwaltung<\/b><\/li><\/ol><p><span style=\"font-weight: 400;\">Unsere Grunds\u00e4tze der Datenverwaltung lauten wie folgt:<\/span><span style=\"font-weight: 400;\"><br \/><\/span><span style=\"font-weight: 400;\">Die Daten werden nur f\u00fcr die im Voraus festgelegten Zwecke verwendet.<\/span><span style=\"font-weight: 400;\"><br \/><\/span><span style=\"font-weight: 400;\">Wir gew\u00e4hrleisten die Richtigkeit, Sicherheit und Vertraulichkeit Ihrer Daten.<\/span><span style=\"font-weight: 400;\"><br \/><\/span><span style=\"font-weight: 400;\">Wir verarbeiten nur die notwendigen Daten und speichern sie nur bis zum Ablauf der Aufbewahrungsfrist.<\/span><\/p><p><br style=\"font-weight: 400;\" \/><br style=\"font-weight: 400;\" \/><\/p>\t\t\t\t\t\t\t\t<\/div>\n\t\t\t\t<\/div>\n\t\t\t\t\t<\/div>\n\t\t\t\t<\/div>\n\t\t\t\t<\/div>","protected":false},"excerpt":{"rendered":"<p>Datenschutzerkl\u00e4rung Datenschutzerkl\u00e4rung Datum des Inkrafttretens: 22. Januar 2025 Daten des f\u00fcr die Verarbeitung Verantwortlichen Die Sicherheit und der Schutz Ihrer Daten haben f\u00fcr [...]<\/p>","protected":false},"author":1,"featured_media":0,"parent":0,"menu_order":0,"comment_status":"closed","ping_status":"closed","template":"","meta":{"site-sidebar-layout":"no-sidebar","site-content-layout":"page-builder","ast-site-content-layout":"full-width-container","site-content-style":"default","site-sidebar-style":"default","ast-global-header-display":"","ast-banner-title-visibility":"","ast-main-header-display":"","ast-hfb-above-header-display":"","ast-hfb-below-header-display":"","ast-hfb-mobile-header-display":"","site-post-title":"disabled","ast-breadcrumbs-content":"","ast-featured-img":"disabled","footer-sml-layout":"","theme-transparent-header-meta":"","adv-header-id-meta":"","stick-header-meta":"","header-above-stick-meta":"","header-main-stick-meta":"","header-below-stick-meta":"","astra-migrate-meta-layouts":"set","ast-page-background-enabled":"default","ast-page-background-meta":{"desktop":{"background-color":"","background-image":"","background-repeat":"repeat","background-position":"center center","background-size":"auto","background-attachment":"scroll","background-type":"","background-media":"","overlay-type":"","overlay-color":"","overlay-opacity":"","overlay-gradient":""},"tablet":{"background-color":"","background-image":"","background-repeat":"repeat","background-position":"center center","background-size":"auto","background-attachment":"scroll","background-type":"","background-media":"","overlay-type":"","overlay-color":"","overlay-opacity":"","overlay-gradient":""},"mobile":{"background-color":"","background-image":"","background-repeat":"repeat","background-position":"center center","background-size":"auto","background-attachment":"scroll","background-type":"","background-media":"","overlay-type":"","overlay-color":"","overlay-opacity":"","overlay-gradient":""}},"ast-content-background-meta":{"desktop":{"background-color":"var(--ast-global-color-5)","background-image":"","background-repeat":"repeat","background-position":"center center","background-size":"auto","background-attachment":"scroll","background-type":"","background-media":"","overlay-type":"","overlay-color":"","overlay-opacity":"","overlay-gradient":""},"tablet":{"background-color":"var(--ast-global-color-5)","background-image":"","background-repeat":"repeat","background-position":"center center","background-size":"auto","background-attachment":"scroll","background-type":"","background-media":"","overlay-type":"","overlay-color":"","overlay-opacity":"","overlay-gradient":""},"mobile":{"background-color":"var(--ast-global-color-5)","background-image":"","background-repeat":"repeat","background-position":"center center","background-size":"auto","background-attachment":"scroll","background-type":"","background-media":"","overlay-type":"","overlay-color":"","overlay-opacity":"","overlay-gradient":""}},"footnotes":""},"class_list":["post-4282","page","type-page","status-publish","hentry"],"_links":{"self":[{"href":"https:\/\/base.hu\/de\/wp-json\/wp\/v2\/pages\/4282","targetHints":{"allow":["GET"]}}],"collection":[{"href":"https:\/\/base.hu\/de\/wp-json\/wp\/v2\/pages"}],"about":[{"href":"https:\/\/base.hu\/de\/wp-json\/wp\/v2\/types\/page"}],"author":[{"embeddable":true,"href":"https:\/\/base.hu\/de\/wp-json\/wp\/v2\/users\/1"}],"replies":[{"embeddable":true,"href":"https:\/\/base.hu\/de\/wp-json\/wp\/v2\/comments?post=4282"}],"version-history":[{"count":49,"href":"https:\/\/base.hu\/de\/wp-json\/wp\/v2\/pages\/4282\/revisions"}],"predecessor-version":[{"id":6538,"href":"https:\/\/base.hu\/de\/wp-json\/wp\/v2\/pages\/4282\/revisions\/6538"}],"wp:attachment":[{"href":"https:\/\/base.hu\/de\/wp-json\/wp\/v2\/media?parent=4282"}],"curies":[{"name":"wp","href":"https:\/\/api.w.org\/{rel}","templated":true}]}}